{"id":19216,"date":"2026-04-20T03:05:02","date_gmt":"2026-04-20T00:05:02","guid":{"rendered":"https:\/\/kasskoer.ee\/product\/profine-adult-chicken-potatoes-koeratoit-12-kg\/"},"modified":"2026-04-20T03:05:03","modified_gmt":"2026-04-20T00:05:03","slug":"profine-adult-chicken-potatoes-koeratoit-12-kg","status":"publish","type":"product","link":"https:\/\/kasskoer.ee\/en\/toode\/profine-adult-chicken-potatoes-koeratoit-12-kg\/","title":{"rendered":"Profine Adult Chicken &#038; Potatoes koeratoit 12 kg"},"content":{"rendered":"<p><b>Profine Adult Chicken superpremium koeratoit t\u00e4iskasvanud koertele kana ja kartuliga.<\/b>&#13;<\/p>\n<li>Sisaldab rohkelt kana &#8211; k\u00f5rge kana sisaldus tagab suurep\u00e4rase seeduvuse.<\/li>\n<p>&#13;<\/p>\n<li>Oomega-3 rasvhapped &#8211; toetavad tugevat karva ja tervet nahka.<\/li>\n<p>&#13;<\/p>\n<li>Merevetikas ja prebiootikumid &#8211; tasakaalustavad positiivset mikrofloorat soolestikus ja aitavad t\u00f5sta immuunsust.<\/li>\n<p>&#13;<\/p>\n<li>\u00dcrdisegu &#8211; apteegitill, basiilik, salvei ja t\u00e4\u00e4kliilia toetavad tervislikku seedimist ja parandavad ainevahetusprotsesse.<\/li>\n<p>&#13;<br \/>\n<br \/>&#13;<br \/>\n<b>Koostis<\/b><br \/>&#13;<br \/>\nKana 40% (kuivatatud kana 20%, kanavalk 20%), mais, kartulid (20%), kanarasv (s\u00e4ilitatud segatud tokoferoolidega, E-vitamiini allikas) (8%), kuivatatud \u00f5unad, \u00f5llep\u00e4rm, h\u00fcdrol\u00fc\u00fcsitud kanamaks (2%), krevetijahu (1,5%), l\u00f5he\u00f5li (1%), kuivatatud merevetikad (0,5%), gl\u00fckoosamiin (0,02%), sigurijuur (mannan-oligosahhariidide allikas 0,018%), kuivatatud \u00fcrdisegu (apteegitill, basiilik, salvei 0,018%), frukto-oligosahhariidid (0,012%), kondroitiinsulfaat (0,012%), t\u00e4\u00e4kliilia (Mojave yukka) (0,01%).<br \/>&#13;<br \/>\n<br \/>&#13;<br \/>\n<b>Anal\u00fc\u00fctiline koostis<\/b><br \/>&#13;<br \/>\nToorvalk 26,0%, toorrasv 16,0%, toorkiud 2,8%, niiskus 10,0%, toortuhk 7,2%, kaltsium 1,6%, fosfor 1,2%, oomega-3 rasvhapped 0,25%, oomega-6 rasvhapped 1,90%.<\/p>\n<p>&#13;<br \/>\n<b>S\u00f6\u00f6dalisandid (1 kg kohta)<\/b><br \/>&#13;<br \/>\nToitainelised lisandid: A-vitamiin (3a672a) 18 000 R\u00dc, D\u2083-vitamiin (3a671) 1 600 R\u00dc, E-vitamiin (3a700) 500 mg, koliinkloriid (3a890) 700 mg, biotiin (3a880) 0,7 mg, niatsiinamiid (3a314) 15 mg, kaltsium-D-pantotenaat (3a841) 12 mg, B\u2081\u2082-vitamiin (3a835) 0,05 mg, B\u2082-vitamiin (3a825i) 4 mg, B\u2081-vitamiin (3a820) 1,0 mg, B\u2086-vitamiin (3a831) 1,5 mg, foolhape (3a316) 0,6 mg, raud (3b107) 90 mg, tsink (3b612) 100 mg, vask (3b407) 18 mg, kaaliumjodiid (3b201) 0,7 mg, mangaan (3b505) 45 mg, seleen (3b810) 0,2 mg, L-metioniin (3c305) 15 mg, L-l\u00fcsiin (3c322) 3 mg. Sisaldab antioks\u00fcdante.<br \/>&#13;<br \/>\n<br \/>&#13;<br \/>\n<b>Metaboliseeruv energia<\/b><br \/>&#13;<br \/>\n3800 kcal\/kg<br \/>&#13;<br \/>\n<br \/>&#13;<br \/>\n<b>S\u00f6\u00f6tmisjuhend<\/b><br \/>&#13;<br \/>\nIgap\u00e4evane kindel s\u00f6\u00f6tmisgraafik m\u00e4ngib olulist rolli koera tervises. V\u00f5imalusel tagage s\u00f6\u00f6tmisel p\u00fcsivad tingimused (koht ja aeg) ning veenduge, et koeral oleks alati ligip\u00e4\u00e4s v\u00e4rskele joogiveele. Kui teil on rohkem kui \u00fcks koer, peab igal koeral olema oma toidukauss. Serveeri toit kuivalt v\u00f5i puljongiga niisutatult. \u00d5ige p\u00e4evase koguse m\u00e4\u00e4ramiseks kasuta pakendil olevat s\u00f6\u00f6tmistabelit, arvestades koera vanust ja sihtkaalu. Hoia koer heas vormis regulaarse liikumise, m\u00e4ngu ja l\u00e4hedusega.<br \/>&#13;<br \/>\n<br \/>&#13;<br \/>\n<b>Soovituslik p\u00e4evane kogus<\/b> <\/p>\n<table>\n<tbody>\n<tr class=\"subhead\">\n<td>Koera kaal (kg)<\/td>\n<td>5<\/td>\n<td>10<\/td>\n<td>15<\/td>\n<td>20<\/td>\n<td>25<\/td>\n<td>30<\/td>\n<td>\u00fcle 30<\/td>\n<\/tr>\n<tr>\n<td>P\u00e4evane kogus (g)<\/td>\n<td>95<\/td>\n<td>160<\/td>\n<td>220<\/td>\n<td>270<\/td>\n<td>330<\/td>\n<td>370<\/td>\n<td>Adult Large<\/td>\n<\/tr>\n<\/tbody>\n<\/table>\n","protected":false},"excerpt":{"rendered":"<p>Profine t\u00e4iss\u00f6\u00f6t t\u00e4iskasvanud koertele kana ja kartuliga.<\/p>\n","protected":false},"featured_media":19217,"template":"","meta":[],"product_cat":[688,64],"product_tag":[],"class_list":{"0":"post-19216","1":"product","2":"type-product","3":"status-publish","4":"has-post-thumbnail","6":"product_cat-koerad","7":"product_cat-koeratoit","8":"pa_brand-profine","9":"pa_ean-3527","10":"pa_kaal-12-000","11":"pa_tootjariik-tsehhi","13":"first","14":"instock","15":"taxable","16":"shipping-taxable","17":"purchasable","18":"product-type-simple"},"_links":{"self":[{"href":"https:\/\/kasskoer.ee\/en\/wp-json\/wp\/v2\/product\/19216","targetHints":{"allow":["GET"]}}],"collection":[{"href":"https:\/\/kasskoer.ee\/en\/wp-json\/wp\/v2\/product"}],"about":[{"href":"https:\/\/kasskoer.ee\/en\/wp-json\/wp\/v2\/types\/product"}],"wp:featuredmedia":[{"embeddable":true,"href":"https:\/\/kasskoer.ee\/en\/wp-json\/wp\/v2\/media\/19217"}],"wp:attachment":[{"href":"https:\/\/kasskoer.ee\/en\/wp-json\/wp\/v2\/media?parent=19216"}],"wp:term":[{"taxonomy":"product_cat","embeddable":true,"href":"https:\/\/kasskoer.ee\/en\/wp-json\/wp\/v2\/product_cat?post=19216"},{"taxonomy":"product_tag","embeddable":true,"href":"https:\/\/kasskoer.ee\/en\/wp-json\/wp\/v2\/product_tag?post=19216"}],"curies":[{"name":"wp","href":"https:\/\/api.w.org\/{rel}","templated":true}]}}