{"id":19218,"date":"2026-04-20T03:05:02","date_gmt":"2026-04-20T00:05:02","guid":{"rendered":"https:\/\/kasskoer.ee\/product\/sams-field-adult-large-lamb-koeratoit-25-kg\/"},"modified":"2026-04-20T03:05:03","modified_gmt":"2026-04-20T00:05:03","slug":"sams-field-adult-large-lamb-koeratoit-25-kg","status":"publish","type":"product","link":"https:\/\/kasskoer.ee\/en\/toode\/sams-field-adult-large-lamb-koeratoit-25-kg\/","title":{"rendered":"Sam&#8217;s Field Adult Large Lamb koeratoit 2,5 kg"},"content":{"rendered":"<p><b>Sam&#8217;s Field Adult Large Lamb superpremium gluteenivaba t\u00e4istoit suurt t\u00f5ugu t\u00e4iskasvanud koertele lambalihaga.<\/b>&#13;<\/p>\n<li>Sisaldab 77% lammast, riisi, puu- ja k\u00f6\u00f6givilju.<\/li>\n<p>&#13;<\/p>\n<li>Lammas &#8211; lisaks sellele, et vabapidamise lammas maitseb h\u00e4sti, on see kergesti seeditav valguallikas, mis sisaldab asendamatuid aminohappeid lihaste, karvkatte ja \u00fcldise hea seisundi jaoks.&#13;\n<li>Riis &#8211; t\u00e4isterariis on suurep\u00e4rane energiaallikas madala gl\u00fckeemilise indeksiga. See annab pikaajalist energiat, mida organism kasutab t\u00f5husalt.<\/li>\n<p>&#13;<\/p>\n<li>Herned &#8211; hea energia-, kiudaine- ja antioks\u00fcdantide allikas. Herned sisaldavad palju v\u00e4\u00e4rtuslikke vitamiine, nagu C-, K- ja B1-vitamiin, samuti foolhapet.&#13;\n<li>K\u00f5rvits &#8211; madala gl\u00fckeemilise indeksiga s\u00fcsivesikute ja energia allikas. K\u00f5rvits on rikas looduslike antioks\u00fcdantide poolest, mis aitavad tugevdada immuuns\u00fcsteemi.<\/li>\n<p>&#13;<\/p>\n<li>L\u00f5he\u00f5li &#8211; looduslik oomega-3 rasvhapete allikas. \u00d5ige rasvhapete tasakaal organismis aitab parandada naha ja karvkatte tervist.<\/li>\n<p>&#13;<\/p>\n<li>Kuivatatud \u00f5unad &#8211; oluline fermenteeritavate kiudainete, pektiini, sahhariidide ja vitamiinide allikas.<\/li>\n<p>&#13;<\/p>\n<li>Kummel &#8211; looduslik vitamiinide, mineraalide ja f\u00fctotoitainete allikas. Aitab tugevdada immuuns\u00fcsteemi.&#13;\n<li>Gl\u00fckoosamiin ja kondroitiin &#8211; toetavad liigeste ja k\u00f5hrede tervist.<\/li>\n<p>&#13;<\/p>\n<li>Prebiootikumid &#8211; toetavad soolestiku tervist.<\/li>\n<p>&#13;<br \/>\n<br \/>&#13;<br \/>\n<b>Koostis<\/b><br \/>&#13;<br \/>\nVabapidamise lammas (26%), riis (26%), herned (13%), kuivatatud \u00f5una viljaliha (8%), veise- ja sealiharasv (7%), h\u00fcdrol\u00fc\u00fcsitud linnuvalk (7%), \u00f5llep\u00e4rm (4%), k\u00f5rvits (4%), l\u00f5he\u00f5li (2%), h\u00fcdrol\u00fc\u00fcsitud linnumaks (2%), kuivatatud spinat (0,5%), hernejahu (0,41%), gl\u00fckoosamiin (0,023%), kondroitiinsulfaat (0,018%), frukto-oligosahhariidid (0,018%), mannan-oligosahhariidid (0,013%), Mojave t\u00e4\u00e4kliilia (0,011%), kuivatatud kummel (0,007%).<br \/>&#13;<br \/>\n<br \/>&#13;<br \/>\n<b>Anal\u00fc\u00fctiline koostis<\/b><br \/>&#13;<br \/>\nToorvalk 25,0%, toorrasv 14,0%, niiskus 10,0%, toortuhk 7,0%, toorkiud 3,2%, kaltsium 1,6%, fosfor 1,2%, naatrium 0,3%, oomega-3 rasvhapped 0,3%, oomega-6 rasvhapped 1,9%, l\u00fcsiin 1,0%, metioniin 0,3%, treoniin 0,85%, tr\u00fcptofaan 0,32%, arginiin 1,3%.<br \/>&#13;<br \/>\n<br \/>&#13;<br \/>\n<b>S\u00f6\u00f6dalisandid<\/b><br \/>&#13;<br \/>\nToitainelised lisandid: vitamiin A (3a672a) 18 000 R\u00dc, vitamiin D3 (3a671) 1 400 R\u00dc, vitamiin E (3a700) 450 mg, vitamiin C (3a312) 220 mg, vitamiin B1 (3a821) 5,0 mg, vitamiin B2 (3a825i) 6 mg, vitamiin B6 (3a831) 5 mg, vitamiin B12 0,05 mg, niatsiinamiid (3a315) 25 mg, kaltsium-D-pantotenaat (3a841) 12 mg, biotiin (3a880) 0,65 mg, foolhape (3a316) 0,65 mg, koliinkloriid (3a890) 1 800 mg, vask (3b406) 14 mg, tsink (3b606) 80 mg, raud (3b106) 65 mg, mangaan (3b504) 32 mg, jood (3b201) 0,6 mg, seleen (3b810) 0,18 mg. Sisaldab looduslikke antioks\u00fcdante: tokoferooliekstraktid taime\u00f5list (1b306(i)), askor\u00fc\u00fclpalmitaat (1b304) ja rosmariiniekstrakt.<\/b><br \/>&#13;<br \/>\n<br \/>&#13;<br \/>\n<b>Metaboliseeruv energia<\/b><br \/>&#13;<br \/>\n3680 kcal\/kg<br \/>&#13;<br \/>\n<br \/>&#13;<br \/>\n<b>Soovituslik p\u00e4evane kogus<\/b> <\/p>\n<table>\n<tbody>\n<tr class=\"subhead\">\n<td>Koera kaal (kg)<\/td>\n<td>25<\/td>\n<td>30<\/td>\n<td>40<\/td>\n<td>50<\/td>\n<td>60<\/td>\n<td>70<\/td>\n<td>80<\/td>\n<td>90<\/td>\n<\/tr>\n<tr>\n<td>P\u00e4evane kogus (g)<\/td>\n<td>270<\/td>\n<td>310<\/td>\n<td>380<\/td>\n<td>450<\/td>\n<td>510<\/td>\n<td>570<\/td>\n<td>630<\/td>\n<td>690<\/td>\n<\/tr>\n<\/tbody>\n<\/table>\n","protected":false},"excerpt":{"rendered":"<p>Sam&#8217;s Field t\u00e4iss\u00f6\u00f6t suurt t\u00f5ugu t\u00e4iskasvanud koertele lambalihaga.<\/p>\n","protected":false},"featured_media":19219,"template":"","meta":[],"product_cat":[688,64],"product_tag":[],"class_list":{"0":"post-19218","1":"product","2":"type-product","3":"status-publish","4":"has-post-thumbnail","6":"product_cat-koerad","7":"product_cat-koeratoit","8":"pa_brand-sams-field","9":"pa_ean-3528","10":"pa_kaal-2-500","11":"pa_tootjariik-tsehhi","13":"first","14":"instock","15":"taxable","16":"shipping-taxable","17":"purchasable","18":"product-type-simple"},"_links":{"self":[{"href":"https:\/\/kasskoer.ee\/en\/wp-json\/wp\/v2\/product\/19218","targetHints":{"allow":["GET"]}}],"collection":[{"href":"https:\/\/kasskoer.ee\/en\/wp-json\/wp\/v2\/product"}],"about":[{"href":"https:\/\/kasskoer.ee\/en\/wp-json\/wp\/v2\/types\/product"}],"wp:featuredmedia":[{"embeddable":true,"href":"https:\/\/kasskoer.ee\/en\/wp-json\/wp\/v2\/media\/19219"}],"wp:attachment":[{"href":"https:\/\/kasskoer.ee\/en\/wp-json\/wp\/v2\/media?parent=19218"}],"wp:term":[{"taxonomy":"product_cat","embeddable":true,"href":"https:\/\/kasskoer.ee\/en\/wp-json\/wp\/v2\/product_cat?post=19218"},{"taxonomy":"product_tag","embeddable":true,"href":"https:\/\/kasskoer.ee\/en\/wp-json\/wp\/v2\/product_tag?post=19218"}],"curies":[{"name":"wp","href":"https:\/\/api.w.org\/{rel}","templated":true}]}}