{"id":19220,"date":"2026-04-20T03:05:02","date_gmt":"2026-04-20T00:05:02","guid":{"rendered":"https:\/\/kasskoer.ee\/product\/sams-field-junior-large-lamb-koeratoit-13-kg\/"},"modified":"2026-04-20T03:05:03","modified_gmt":"2026-04-20T00:05:03","slug":"sams-field-junior-large-lamb-koeratoit-13-kg","status":"publish","type":"product","link":"https:\/\/kasskoer.ee\/en\/toode\/sams-field-junior-large-lamb-koeratoit-13-kg\/","title":{"rendered":"Sam&#8217;s Field Junior Large Lamb koeratoit 13 kg"},"content":{"rendered":"<p><b>Sam&#8217;s Field Junior Large Lamb superpremium gluteenivaba t\u00e4istoit suurte t\u00f5ugude kutsikatele ja noortele koertele (alates 3. elukuust kuni 30. elukuuni) lambalihaga.<\/b>&#13;<\/p>\n<li>Sisaldab 77% lammast, riisi, puu- ja k\u00f6\u00f6givilju.<\/li>\n<p>&#13;<\/p>\n<li>Lammas &#8211; lisaks sellele, et vabapidamise lammas maitseb h\u00e4sti, on see kergesti seeditav valguallikas, mis sisaldab asendamatuid aminohappeid lihaste, karvkatte ja \u00fcldise hea seisundi jaoks.&#13;\n<li>Riis &#8211; t\u00e4isterariis on suurep\u00e4rane energiaallikas madala gl\u00fckeemilise indeksiga. See annab pikaajalist energiat, mida organism kasutab t\u00f5husalt.<\/li>\n<p>&#13;<\/p>\n<li>Herned &#8211; hea energia-, kiudaine- ja antioks\u00fcdantide allikas. Herned sisaldavad palju v\u00e4\u00e4rtuslikke vitamiine, nagu C-, K- ja B1-vitamiin, samuti foolhapet.&#13;\n<li>K\u00f5rvits &#8211; madala gl\u00fckeemilise indeksiga s\u00fcsivesikute ja energia allikas. K\u00f5rvits on rikas looduslike antioks\u00fcdantide poolest, mis aitavad tugevdada immuuns\u00fcsteemi.<\/li>\n<p>&#13;<\/p>\n<li>L\u00f5he\u00f5li &#8211; looduslik oomega-3 rasvhapete allikas. \u00d5ige rasvhapete tasakaal organismis aitab parandada naha ja karvkatte tervist.<\/li>\n<p>&#13;<\/p>\n<li>Kuivatatud \u00f5unad &#8211; oluline fermenteeritavate kiudainete, pektiini, sahhariidide ja vitamiinide allikas.<\/li>\n<p>&#13;<\/p>\n<li>Kummel &#8211; looduslik vitamiinide, mineraalide ja f\u00fctotoitainete allikas. Aitab tugevdada immuuns\u00fcsteemi.&#13;\n<li>Gl\u00fckoosamiin ja kondroitiin &#8211; toetavad liigeste ja k\u00f5hrede tervist.<\/li>\n<p>&#13;<\/p>\n<li>Prebiootikumid &#8211; toetavad soolestiku tervist.<\/li>\n<p>&#13;<br \/>\n<br \/>&#13;<br \/>\n<b>Koostis<\/b><br \/>&#13;<br \/>\nVabapidamise lammas (28%), riis (28%), herned (12%), veise- ja searasv (8%), kuivatatud \u00f5unaviljaliha (6%), h\u00fcdrol\u00fc\u00fcsitud linnuvalk (5%), \u00f5llep\u00e4rm (5%), k\u00f5rvits (3%), l\u00f5he\u00f5li (2%), h\u00fcdrol\u00fc\u00fcsitud linnumaks (2%), kuivatatud spinat (0,5%), gl\u00fckoosamiin (0,026%), kondroitiinsulfaat (0,02%), frukto-oligosahhariidid (0,02%), mannaan-oligosahhariidid (0,015%), t\u00e4\u00e4kliilia (Yucca Mojave) (0,01%), kuivatatud kummel (0,008%).<br \/>&#13;<br \/>\n<br \/>&#13;<br \/>\n<b>Anal\u00fc\u00fctiline koostis<\/b><br \/>&#13;<br \/>\nToorvalk 26,0%, toorrasv 15,0%, niiskus 10,0%, toortuhk 6,8%, toorkiud 3,0%, kaltsium 1,5%, fosfor 1,1%, naatrium 0,3%, oomega-3 rasvhapped 0,3%, oomega-6 rasvhapped 1,8%, l\u00fcsiin 1,1%, metioniin 0,35%, treoniin 1,0%, tr\u00fcptofaan 0,3%, arginiin 1,4%.<br \/>&#13;<br \/>\n<br \/>&#13;<br \/>\n<b>S\u00f6\u00f6dalisandid<\/b><br \/>&#13;<br \/>\nToitainelised lisandid: A-vitamiin (3a672a) 20 000 R\u00dc, D\u2083-vitamiin (3a671) 1 500 R\u00dc, E-vitamiin (3a700) 500 mg, C-vitamiin (3a312) 260 mg, B\u2081-vitamiin (3a821) 6,5 mg, B\u2082-vitamiin (3a825i) 8 mg, B\u2086-vitamiin (3a831) 6 mg, B\u2081\u2082-vitamiin 0,06 mg, niatsiinamiid (3a315) 28 mg, kaltsium-D-pantotenaat (3a841) 15 mg, biotiin (3a880) 0,85 mg, foolhape (3a316) 0,75 mg, koliinkloriid (3a890) 2 000 mg, tsink (3b606) 85 mg, raud (3b107) 70 mg, mangaan (3b504) 35 mg, jood (3b201) 0,7 mg, seleen (3b810) 0,2 mg. Sisaldab looduslikke antioks\u00fcdante: tokoferooliekstraktid taimsetest \u00f5lidest (1b306(i)), askorb\u00fc\u00fclpalmitaat (1b304) ja rosmariiniekstrakt.<\/b><br \/>&#13;<br \/>\n<br \/>&#13;<br \/>\n<b>Metaboliseeruv energia<\/b><br \/>&#13;<br \/>\n3750 kcal\/kg<\/p>\n","protected":false},"excerpt":{"rendered":"<p>Sam&#8217;s Field t\u00e4iss\u00f6\u00f6t suurt t\u00f5ugu noortele koertele lambalihaga.<\/p>\n","protected":false},"featured_media":19221,"template":"","meta":[],"product_cat":[688,64],"product_tag":[],"class_list":{"0":"post-19220","1":"product","2":"type-product","3":"status-publish","4":"has-post-thumbnail","6":"product_cat-koerad","7":"product_cat-koeratoit","8":"pa_brand-sams-field","9":"pa_ean-3529","10":"pa_kaal-13-000","11":"pa_tootjariik-tsehhi","13":"first","14":"instock","15":"taxable","16":"shipping-taxable","17":"purchasable","18":"product-type-simple"},"_links":{"self":[{"href":"https:\/\/kasskoer.ee\/en\/wp-json\/wp\/v2\/product\/19220","targetHints":{"allow":["GET"]}}],"collection":[{"href":"https:\/\/kasskoer.ee\/en\/wp-json\/wp\/v2\/product"}],"about":[{"href":"https:\/\/kasskoer.ee\/en\/wp-json\/wp\/v2\/types\/product"}],"wp:featuredmedia":[{"embeddable":true,"href":"https:\/\/kasskoer.ee\/en\/wp-json\/wp\/v2\/media\/19221"}],"wp:attachment":[{"href":"https:\/\/kasskoer.ee\/en\/wp-json\/wp\/v2\/media?parent=19220"}],"wp:term":[{"taxonomy":"product_cat","embeddable":true,"href":"https:\/\/kasskoer.ee\/en\/wp-json\/wp\/v2\/product_cat?post=19220"},{"taxonomy":"product_tag","embeddable":true,"href":"https:\/\/kasskoer.ee\/en\/wp-json\/wp\/v2\/product_tag?post=19220"}],"curies":[{"name":"wp","href":"https:\/\/api.w.org\/{rel}","templated":true}]}}