{"id":19257,"date":"2026-04-20T03:05:05","date_gmt":"2026-04-20T00:05:05","guid":{"rendered":"https:\/\/kasskoer.ee\/product\/freedog-car-must-transpordikott-autosse-44x29x34cm\/"},"modified":"2026-04-20T03:05:08","modified_gmt":"2026-04-20T00:05:08","slug":"freedog-car-must-transpordikott-autosse-44x29x34cm","status":"publish","type":"product","link":"https:\/\/kasskoer.ee\/en\/toode\/freedog-car-must-transpordikott-autosse-44x29x34cm\/","title":{"rendered":"Freedog Car must transpordikott autosse 44x29x34cm"},"content":{"rendered":"<p><b>Freedog kvaliteetne transpordikott koertele ja kassidele, mis \u00fchendab vastupidavuse, mugavuse ja praktilisuse.<\/b>&#13;<\/p>\n<li>Tugev ja kerge konstruktsioon tagab transpordikoti vastupidavuse ning lihtsustab selle kandmist.<\/li>\n<p>  &#13;<\/p>\n<li>Stabiilne p\u00f5hi v\u00e4listab transpordikoti \u00fcmber vajumise.<\/li>\n<p>  &#13;<\/p>\n<li>V\u00f5rgust aknad tagavad hea ventilatsiooni ja v\u00f5imaldavad lemmikloomal \u00fcmbrust j\u00e4lgida.<\/li>\n<p>  &#13;<\/p>\n<li>Integreeritud turvav\u00f6\u00f6 kinnitused v\u00f5imaldavad transpordikoti kinnitamist autos v\u00f5i lennukis.<\/li>\n<p>  &#13;<\/p>\n<li>Kotil on kinnitusrihm, mille abil saab lemmiku seestpoolt kindlalt kinnitada tema kaelarihma v\u00f5i trakside k\u00fclge.<\/li>\n<p>&#13;<\/p>\n<li>Topeltk\u00e4epide ja reguleeritav \u00f5larihm v\u00f5imaldavad mugavat kandmist.<\/li>\n<p>  &#13;<\/p>\n<li>Kaks praktilist taskut v\u00e4iksemate asjade hoiustamiseks.&#13;\n<li>Lihtsasti puhastatav ja kokkupandav disain.<\/li>\n<p>  &#13;<\/p>\n<li>M\u00f5\u00f5dud: 44 \u00d7 29 \u00d7 34 cm \u2013 sobib v\u00e4ikestele lemmikloomadele (kuni 8kg).<\/li>\n","protected":false},"excerpt":{"rendered":"<p>Vastupidav ja kerge transpordikott, mis tagab lemmikloomale mugava ja turvalise reisimise. Sobib ideaalselt nii autos\u00f5itudeks kui ka lennureisideks.<\/p>\n","protected":false},"featured_media":19258,"template":"","meta":[],"product_cat":[692,754],"product_tag":[],"class_list":{"0":"post-19257","1":"product","2":"type-product","3":"status-publish","4":"has-post-thumbnail","6":"product_cat-lemmikutele-lisaks","7":"product_cat-transpordikotid","8":"pa_brand-freedog","9":"pa_ean-3543","10":"pa_kaal-1-060","11":"pa_tootjariik-hiina","13":"first","14":"instock","15":"taxable","16":"shipping-taxable","17":"purchasable","18":"product-type-simple"},"_links":{"self":[{"href":"https:\/\/kasskoer.ee\/en\/wp-json\/wp\/v2\/product\/19257","targetHints":{"allow":["GET"]}}],"collection":[{"href":"https:\/\/kasskoer.ee\/en\/wp-json\/wp\/v2\/product"}],"about":[{"href":"https:\/\/kasskoer.ee\/en\/wp-json\/wp\/v2\/types\/product"}],"wp:featuredmedia":[{"embeddable":true,"href":"https:\/\/kasskoer.ee\/en\/wp-json\/wp\/v2\/media\/19258"}],"wp:attachment":[{"href":"https:\/\/kasskoer.ee\/en\/wp-json\/wp\/v2\/media?parent=19257"}],"wp:term":[{"taxonomy":"product_cat","embeddable":true,"href":"https:\/\/kasskoer.ee\/en\/wp-json\/wp\/v2\/product_cat?post=19257"},{"taxonomy":"product_tag","embeddable":true,"href":"https:\/\/kasskoer.ee\/en\/wp-json\/wp\/v2\/product_tag?post=19257"}],"curies":[{"name":"wp","href":"https:\/\/api.w.org\/{rel}","templated":true}]}}