{"id":19271,"date":"2026-04-20T03:05:05","date_gmt":"2026-04-20T00:05:05","guid":{"rendered":"https:\/\/kasskoer.ee\/product\/freedog-high-comfort-sinine-vihmajope-koerale-70cm\/"},"modified":"2026-04-20T03:05:07","modified_gmt":"2026-04-20T00:05:07","slug":"freedog-high-comfort-sinine-vihmajope-koerale-70cm","status":"publish","type":"product","link":"https:\/\/kasskoer.ee\/en\/toode\/freedog-high-comfort-sinine-vihmajope-koerale-70cm\/","title":{"rendered":"Freedog High Comfort sinine vihmajope koerale 70cm"},"content":{"rendered":"<p><b>Freedog High Comfort vee- ning k\u00fclmakindel vihmajope hoiab sinu koera kuivana ning kaitseb k\u00fclmade temperatuuride eest. <\/b>&#13;<\/p>\n<li>Valmistatud vastupidavast vee- ning k\u00fclmakindlast materjalist, mis tagab  teie lemmikloomale maksimaalse mugavuse.<\/li>\n<p>&#13;<\/p>\n<li>Reguleeritav haakkinnitusega k\u00f5hurihm.<\/li>\n<p>&#13;<\/p>\n<li>Vihmakaitsega ava seljal, mis v\u00f5imaldab kasutada jalutusrihma trakside v\u00f5i kaelarihma k\u00fcljes.<\/li>\n<p>&#13;<\/p>\n<li>Pestav 40 \u00b0C juures.<\/li>\n<p>&#13;<br \/>\n<br \/><b>M\u00f5\u00f5dud (\u00b11 cm):<\/b><br \/>&#13;<\/p>\n<li>Pikkus &#8211; 70cm<\/li>\n<p>&#13;<\/p>\n<li>Kaelaosa &#8211; 88cm<\/li>\n<p>&#13;<\/p>\n<li>K\u00f5huosa &#8211; 70-115cm<\/li>\n","protected":false},"excerpt":{"rendered":"<p>Freedog mugav vee- ning k\u00fclmakindel sinine mantel koertele.<\/p>\n","protected":false},"featured_media":19272,"template":"","meta":[],"product_cat":[2240],"product_tag":[],"class_list":{"0":"post-19271","1":"product","2":"type-product","3":"status-publish","4":"has-post-thumbnail","6":"product_cat-koerte-riided","7":"pa_brand-freedog","8":"pa_ean-3549","9":"pa_kaal-0-900","10":"pa_tootjariik-hiina","12":"first","13":"outofstock","14":"taxable","15":"shipping-taxable","16":"purchasable","17":"product-type-simple"},"_links":{"self":[{"href":"https:\/\/kasskoer.ee\/en\/wp-json\/wp\/v2\/product\/19271","targetHints":{"allow":["GET"]}}],"collection":[{"href":"https:\/\/kasskoer.ee\/en\/wp-json\/wp\/v2\/product"}],"about":[{"href":"https:\/\/kasskoer.ee\/en\/wp-json\/wp\/v2\/types\/product"}],"wp:featuredmedia":[{"embeddable":true,"href":"https:\/\/kasskoer.ee\/en\/wp-json\/wp\/v2\/media\/19272"}],"wp:attachment":[{"href":"https:\/\/kasskoer.ee\/en\/wp-json\/wp\/v2\/media?parent=19271"}],"wp:term":[{"taxonomy":"product_cat","embeddable":true,"href":"https:\/\/kasskoer.ee\/en\/wp-json\/wp\/v2\/product_cat?post=19271"},{"taxonomy":"product_tag","embeddable":true,"href":"https:\/\/kasskoer.ee\/en\/wp-json\/wp\/v2\/product_tag?post=19271"}],"curies":[{"name":"wp","href":"https:\/\/api.w.org\/{rel}","templated":true}]}}