{"id":19273,"date":"2026-04-20T03:05:05","date_gmt":"2026-04-20T00:05:05","guid":{"rendered":"https:\/\/kasskoer.ee\/product\/freedog-etna-transport-seljakott-roheline-31x40x43cm\/"},"modified":"2026-04-20T03:05:07","modified_gmt":"2026-04-20T00:05:07","slug":"freedog-etna-transport-seljakott-roheline-31x40x43cm","status":"publish","type":"product","link":"https:\/\/kasskoer.ee\/en\/toode\/freedog-etna-transport-seljakott-roheline-31x40x43cm\/","title":{"rendered":"Freedog Etna transport seljakott roheline 31x40x43cm"},"content":{"rendered":"<p><b>Freedog Etna seljakott, mis \u00fchendab vastupidavuse, kerge kaalu ja maksimaalse mugavuse v\u00e4ikestele koertele ning kassidele.<\/b>&#13;<\/p>\n<li>Valmistatud tugevast ja turvalisest materjalist, mis tagab pikaajalise kasutuse.<\/li>\n<p>&#13;<\/p>\n<li>Stabiilne p\u00f5hi, mis v\u00e4listab koti \u00fcmber vajumise transpordi ajal.<\/li>\n<p>&#13;<\/p>\n<li>V\u00f5rgust aknad tagavad hea ventilatsiooni ja v\u00f5imaldavad lemmikloomal \u00fcmbrust j\u00e4lgida.<\/li>\n<p>&#13;<\/p>\n<li>Reguleeritavad \u00f5larihmad ja tugev k\u00e4epide v\u00f5imaldavad mugavat kandmist seljas v\u00f5i k\u00e4es.<\/li>\n<p>&#13;<\/p>\n<li>Sisemine turvarihm, millega saab kinnitada kaelarihma v\u00f5i traksid.<\/li>\n<p>&#13;<\/p>\n<li>Lihtsalt puhastatav ja kokkupandav disain h\u00f5lbsustab hoiustamist.<\/li>\n<p>&#13;<\/p>\n<li>Praktiline k\u00fcljetasku v\u00e4iksemate asjade hoiustamiseks.<\/li>\n<p>&#13;<\/p>\n<li>M\u00f5\u00f5dud: 31 \u00d7 40 \u00d7 43 cm \u2013 sobib v\u00e4ikestele lemmikloomadele (kuni 8kg).<\/li>\n","protected":false},"excerpt":{"rendered":"<p>Kerge, mugav ning vastupidav transport seljakott lemmikule.<\/p>\n","protected":false},"featured_media":19274,"template":"","meta":[],"product_cat":[692,754],"product_tag":[],"class_list":{"0":"post-19273","1":"product","2":"type-product","3":"status-publish","4":"has-post-thumbnail","6":"product_cat-lemmikutele-lisaks","7":"product_cat-transpordikotid","8":"pa_brand-freedog","9":"pa_ean-3550","10":"pa_kaal-1-870","11":"pa_tootjariik-hiina","13":"first","14":"outofstock","15":"taxable","16":"shipping-taxable","17":"purchasable","18":"product-type-simple"},"_links":{"self":[{"href":"https:\/\/kasskoer.ee\/en\/wp-json\/wp\/v2\/product\/19273","targetHints":{"allow":["GET"]}}],"collection":[{"href":"https:\/\/kasskoer.ee\/en\/wp-json\/wp\/v2\/product"}],"about":[{"href":"https:\/\/kasskoer.ee\/en\/wp-json\/wp\/v2\/types\/product"}],"wp:featuredmedia":[{"embeddable":true,"href":"https:\/\/kasskoer.ee\/en\/wp-json\/wp\/v2\/media\/19274"}],"wp:attachment":[{"href":"https:\/\/kasskoer.ee\/en\/wp-json\/wp\/v2\/media?parent=19273"}],"wp:term":[{"taxonomy":"product_cat","embeddable":true,"href":"https:\/\/kasskoer.ee\/en\/wp-json\/wp\/v2\/product_cat?post=19273"},{"taxonomy":"product_tag","embeddable":true,"href":"https:\/\/kasskoer.ee\/en\/wp-json\/wp\/v2\/product_tag?post=19273"}],"curies":[{"name":"wp","href":"https:\/\/api.w.org\/{rel}","templated":true}]}}