{"id":19277,"date":"2026-04-20T03:05:02","date_gmt":"2026-04-20T00:05:02","guid":{"rendered":"https:\/\/kasskoer.ee\/product\/select-adult-light-chicken-turkey-and-rice-koeratoit-3kg\/"},"modified":"2026-04-20T03:05:03","modified_gmt":"2026-04-20T00:05:03","slug":"select-adult-sterilised-chicken-and-rice-koeratoit-3kg","status":"publish","type":"product","link":"https:\/\/kasskoer.ee\/en\/toode\/select-adult-sterilised-chicken-and-rice-koeratoit-3kg\/","title":{"rendered":"Select Adult Sterilised Chicken and Rice koeratoit 3kg"},"content":{"rendered":"<p><b>Select kana ja riisiga t\u00e4iss\u00f6\u00f6t steriliseeritud keskmist ja suurt t\u00f5ugu t\u00e4iskasvanud koertele.<\/b>&#13;<\/p>\n<li>Madal rasvasisaldus aitab hoida kehakaalu kontrolli all.<\/li>\n<p>&#13;<\/p>\n<li>L-karnitiin aitab p\u00f5letada rasva ja toetab lihaste arengut.<\/li>\n<p>&#13;<\/p>\n<li>Valgurikas gluteeni- ja GMO-vaba koostis.<\/li>\n<p>&#13;<\/p>\n<li>Postbiootikumid toetavad soolestiku mikrobiootat ja seedimist.<\/li>\n<p>&#13;<\/p>\n<li>Sisaldab gl\u00fckoosamiini ja kondroitiini liigeste tervise toetamiseks.<\/li>\n<p>&#13;<\/p>\n<li>Ei sisalda nisu, soja, maisi, kartulit, v\u00e4rvaineid, kunstlikke l\u00f5hnaaineid ega s\u00e4ilitusaineid. Ilma lisatud suhkruta!<\/li>\n<p>&#13;<br \/>\n<br \/>&#13;<br \/>\n<b>Koostis<\/b><br \/>&#13;<br \/>\nDeh\u00fcdreeritud kana- ja kalkuniliha (35,9%), valge riis (33,8%), terved herned (8%), kana- ja kalkunirasv, pruun riis (4,8%), deh\u00fcdreeritud peedimass (4%), h\u00fcdrol\u00fc\u00fcsitud kana (3%), \u00f5llep\u00e4rm, mineraalained, deh\u00fcdreeritud \u00f5unamass (0,5%) (vastab 4,3% v\u00e4rsketele \u00f5untele), postbiootikumid (inaktiveeritud \u00f5llep\u00e4rmi fermentatsioonitooted) (0,22%), kondroitiin (900 mg\/kg), gl\u00fckoosamiin (813 mg\/kg), t\u00e4\u00e4kliilia (Yucca schidigera).<br \/>&#13;<br \/>\n<br \/>&#13;<br \/>\n<b>Anal\u00fc\u00fctiline koostis<\/b><br \/>&#13;<br \/>\nToorvalk 31%, toorrasv 13%, anorgaanilised ained 7%, toorkiud 2,6%.<br \/>&#13;<br \/>\n<br \/>&#13;<br \/>\n<b>S\u00f6\u00f6dalisandid (1 kg kohta)<\/b><br \/>&#13;<br \/>\nToitainelised lisandid: vitamiin A (3a672a) 22 500 R\u00dc, vitamiin D3 (3a671) 1 800 R\u00dc, vitamiin E (3a700) 100 mg, raud (3b107) (raud(II)sulfaatmonoh\u00fcdraat) 40 mg, tsink (3b612) (tsinksulfaatmonoh\u00fcdraat) 80 mg, tsink (3b612) (metioniini h\u00fcdroks\u00fcanaloogi tsinkkelaat) 40 mg, vask (3b407) (vask(II)sulfaatpentah\u00fcdraat) 5 mg, vask (3b407) (metioniini h\u00fcdroks\u00fcanaloogi vaskkelaat) 5 mg, mangaan (3b505) (mangaan(II)sulfaatmonoh\u00fcdraat) 8 mg, mangaan (3b505) (metioniini h\u00fcdroks\u00fcanaloogi mangaanikelaat) 4 mg, jood (3b201) (kaaliumjodaat) 2,25 mg, seleen (3b810) (seleeniga rikastatud p\u00e4rm Saccharomyces cerevisiae NCYC R397, inaktiveeritud) 0,098 mg, L-karnitiin 500 mg.&#13;<br \/>\nTehnoloogilised lisandid: antioks\u00fcdandid \u2013 tokoferooliekstrakt taimsetest \u00f5lidest 199 mg, rosmariiniekstrakt 128 mg.<br \/>&#13;<br \/>\n<br \/>&#13;<br \/>\n<b>S\u00f6\u00f6tmisjuhend<\/b><br \/>&#13;<br \/>\nS\u00f6\u00f6ta vastavalt pakendil oleva tabeli j\u00e4rgi. Joogivesi peab alati k\u00e4ttesaadav olema. P\u00e4rast kasutamist sulgege pakend kindlalt. Hoida jahedas ja kuivas kohas.<\/p>\n","protected":false},"excerpt":{"rendered":"<p>Kana ja riisiga t\u00e4iss\u00f6\u00f6t steriliseeritud keskmist ja suurt t\u00f5ugu t\u00e4iskasvanud koertele.<\/p>\n","protected":false},"featured_media":19296,"template":"","meta":[],"product_cat":[688,64],"product_tag":[],"class_list":{"0":"post-19277","1":"product","2":"type-product","3":"status-publish","4":"has-post-thumbnail","6":"product_cat-koerad","7":"product_cat-koeratoit","8":"pa_brand-select","9":"pa_ean-3558","10":"pa_kaal-3-000","11":"pa_tootjariik-hispaania","13":"first","14":"instock","15":"taxable","16":"shipping-taxable","17":"purchasable","18":"product-type-simple"},"_links":{"self":[{"href":"https:\/\/kasskoer.ee\/en\/wp-json\/wp\/v2\/product\/19277","targetHints":{"allow":["GET"]}}],"collection":[{"href":"https:\/\/kasskoer.ee\/en\/wp-json\/wp\/v2\/product"}],"about":[{"href":"https:\/\/kasskoer.ee\/en\/wp-json\/wp\/v2\/types\/product"}],"wp:featuredmedia":[{"embeddable":true,"href":"https:\/\/kasskoer.ee\/en\/wp-json\/wp\/v2\/media\/19296"}],"wp:attachment":[{"href":"https:\/\/kasskoer.ee\/en\/wp-json\/wp\/v2\/media?parent=19277"}],"wp:term":[{"taxonomy":"product_cat","embeddable":true,"href":"https:\/\/kasskoer.ee\/en\/wp-json\/wp\/v2\/product_cat?post=19277"},{"taxonomy":"product_tag","embeddable":true,"href":"https:\/\/kasskoer.ee\/en\/wp-json\/wp\/v2\/product_tag?post=19277"}],"curies":[{"name":"wp","href":"https:\/\/api.w.org\/{rel}","templated":true}]}}