{"id":19281,"date":"2026-04-20T03:05:05","date_gmt":"2026-04-20T00:05:05","guid":{"rendered":"https:\/\/kasskoer.ee\/product\/freedog-misti-sinine-seljakott-27x20x38cm\/"},"modified":"2026-04-20T03:05:07","modified_gmt":"2026-04-20T00:05:07","slug":"freedog-misti-sinine-seljakott-27x20x38cm","status":"publish","type":"product","link":"https:\/\/kasskoer.ee\/en\/toode\/freedog-misti-sinine-seljakott-27x20x38cm\/","title":{"rendered":"Freedog Misti sinine seljakott 27x20x38cm"},"content":{"rendered":"<p><b>Freedog Misti seljakott, mis \u00fchendab vastupidavuse, kerge kaalu ja maksimaalse mugavuse v\u00e4ikestele lemmikloomadele.<\/b>&#13;<\/p>\n<li>Valmistatud tugevast ja turvalisest materjalist, mis tagab pikaajalise kasutuse.<\/li>\n<p>&#13;<\/p>\n<li>Reguleeritavad \u00f5larihmad v\u00f5imaldavad mugavat kandmist seljas.<\/li>\n<p>&#13;<\/p>\n<li>Sisemine turvarihm, millega saab kinnitada kaelarihma v\u00f5i traksid.<\/li>\n<p>&#13;<\/p>\n<li>Avatud reguleeritav esiosa, mille kaudu saab lemmikloom v\u00e4lja vaadata.<\/li>\n<p>&#13;<\/p>\n<li>Lihtsalt puhastatav ja kokkupandav disain.<\/li>\n<p>&#13;<\/p>\n<li>M\u00f5\u00f5dud: 27 \u00d7 20 \u00d7 38 cm \u2013 sobib v\u00e4ikestele lemmikloomadele (kuni 8kg).<\/li>\n","protected":false},"excerpt":{"rendered":"<p>Kvaliteetne ning vastupidav transport seljakott lemmikule.<\/p>\n","protected":false},"featured_media":19282,"template":"","meta":[],"product_cat":[692,754],"product_tag":[],"class_list":{"0":"post-19281","1":"product","2":"type-product","3":"status-publish","4":"has-post-thumbnail","6":"product_cat-lemmikutele-lisaks","7":"product_cat-transpordikotid","8":"pa_brand-freedog","9":"pa_ean-3554","10":"pa_kaal-0-660","11":"pa_tootjariik-hiina","13":"first","14":"instock","15":"taxable","16":"shipping-taxable","17":"purchasable","18":"product-type-simple"},"_links":{"self":[{"href":"https:\/\/kasskoer.ee\/en\/wp-json\/wp\/v2\/product\/19281","targetHints":{"allow":["GET"]}}],"collection":[{"href":"https:\/\/kasskoer.ee\/en\/wp-json\/wp\/v2\/product"}],"about":[{"href":"https:\/\/kasskoer.ee\/en\/wp-json\/wp\/v2\/types\/product"}],"wp:featuredmedia":[{"embeddable":true,"href":"https:\/\/kasskoer.ee\/en\/wp-json\/wp\/v2\/media\/19282"}],"wp:attachment":[{"href":"https:\/\/kasskoer.ee\/en\/wp-json\/wp\/v2\/media?parent=19281"}],"wp:term":[{"taxonomy":"product_cat","embeddable":true,"href":"https:\/\/kasskoer.ee\/en\/wp-json\/wp\/v2\/product_cat?post=19281"},{"taxonomy":"product_tag","embeddable":true,"href":"https:\/\/kasskoer.ee\/en\/wp-json\/wp\/v2\/product_tag?post=19281"}],"curies":[{"name":"wp","href":"https:\/\/api.w.org\/{rel}","templated":true}]}}