{"id":19283,"date":"2026-04-20T03:05:05","date_gmt":"2026-04-20T00:05:05","guid":{"rendered":"https:\/\/kasskoer.ee\/product\/freedog-pehme-aeglase-soomise-kauss-koertele-22-x-22-x-35cm\/"},"modified":"2026-04-20T03:05:07","modified_gmt":"2026-04-20T00:05:07","slug":"freedog-pehme-aeglase-soomise-kauss-koertele-22x22x35cm","status":"publish","type":"product","link":"https:\/\/kasskoer.ee\/en\/toode\/freedog-pehme-aeglase-soomise-kauss-koertele-22x22x35cm\/","title":{"rendered":"Freedog pehme aeglase s\u00f6\u00f6mise kauss koertele 22x22x3,5cm"},"content":{"rendered":"<p><b>Freedog aeglase s\u00f6\u00f6mise kauss hoiab sinu lemmiku tegevuses, aitab ennetada \u00fcles\u00f6\u00f6mist ning toetab tervislikku seedimist.<\/b>&#13;<\/p>\n<li>Lab\u00fcrindikujuline disain aeglustab toidu s\u00f6\u00f6mist.<\/li>\n<p>&#13;<\/p>\n<li>Aitab v\u00e4hendada stressi ja \u00e4revust.<\/li>\n<p>&#13;<\/p>\n<li>Vastupidav ja mittetoksiline materjal.<\/li>\n<p>&#13;<br \/>\n<br \/><b>M\u00f5\u00f5dud:<\/b> 22 x 22 x 3,5 cm<\/p>\n","protected":false},"excerpt":{"rendered":"<p>Freedog pehme aeglase s\u00f6\u00f6mise kauss koertele.<\/p>\n","protected":false},"featured_media":19284,"template":"","meta":[],"product_cat":[1319],"product_tag":[],"class_list":{"0":"post-19283","1":"product","2":"type-product","3":"status-publish","4":"has-post-thumbnail","6":"product_cat-koerte-sooginoud","7":"pa_brand-freedog","8":"pa_ean-3555","9":"pa_kaal-0-040","10":"pa_tootjariik-hiina","12":"first","13":"instock","14":"taxable","15":"shipping-taxable","16":"purchasable","17":"product-type-simple"},"_links":{"self":[{"href":"https:\/\/kasskoer.ee\/en\/wp-json\/wp\/v2\/product\/19283","targetHints":{"allow":["GET"]}}],"collection":[{"href":"https:\/\/kasskoer.ee\/en\/wp-json\/wp\/v2\/product"}],"about":[{"href":"https:\/\/kasskoer.ee\/en\/wp-json\/wp\/v2\/types\/product"}],"wp:featuredmedia":[{"embeddable":true,"href":"https:\/\/kasskoer.ee\/en\/wp-json\/wp\/v2\/media\/19284"}],"wp:attachment":[{"href":"https:\/\/kasskoer.ee\/en\/wp-json\/wp\/v2\/media?parent=19283"}],"wp:term":[{"taxonomy":"product_cat","embeddable":true,"href":"https:\/\/kasskoer.ee\/en\/wp-json\/wp\/v2\/product_cat?post=19283"},{"taxonomy":"product_tag","embeddable":true,"href":"https:\/\/kasskoer.ee\/en\/wp-json\/wp\/v2\/product_tag?post=19283"}],"curies":[{"name":"wp","href":"https:\/\/api.w.org\/{rel}","templated":true}]}}