{"id":19292,"date":"2026-04-20T03:05:05","date_gmt":"2026-04-20T00:05:05","guid":{"rendered":"https:\/\/kasskoer.ee\/product\/freedog-karvaeemaldus-kinnas-23-x-17cm\/"},"modified":"2026-04-20T03:05:07","modified_gmt":"2026-04-20T00:05:07","slug":"freedog-karvaeemaldus-kinnas-23-x-17cm","status":"publish","type":"product","link":"https:\/\/kasskoer.ee\/en\/toode\/freedog-karvaeemaldus-kinnas-23-x-17cm\/","title":{"rendered":"Freedog karvaeemaldus kinnas 23 x 17cm"},"content":{"rendered":"<p><b>Freedog karvaeemalduskinnas muudab lemmiklooma karvkatte hoolduse lihtsamaks ja meeldivamaks nii sulle kui ka sinu lemmikule.<\/b>&#13;<\/p>\n<li>Sobib nii koertele kui kassidele.<\/li>\n<p>&#13;<\/p>\n<li>Spetsiaalne disain j\u00e4ljendab k\u00e4e \u00f5rna puudutust, pakkudes samal ajal pehmet massaa\u017ei ning eemaldades mustuse ja lahtise karva.<\/li>\n<p>&#13;<\/p>\n<li>Sobib pika-, l\u00fchikese- ja lokkis karvaga kassidele ja koertele; eemaldatud karv j\u00e4\u00e4b kinda k\u00fclge ning seda on lihtne eemaldada.<\/li>\n<p>&#13;<\/p>\n<li>Sobib kasutamiseks ka pesemise ajal karva puhastamiseks ning naha \u00f5rnaks masseerimiseks.<\/li>\n<p>&#13;<\/p>\n<li>Valmistatud pehmest, paindlikust ning turvalisest materjalist, mis ei \u00e4rrita ega kriimusta nahka.<\/li>\n<p>&#13;<br \/>\n<br \/><b>M\u00f5\u00f5dud:<\/b> 23 x 17 cm<\/p>\n","protected":false},"excerpt":{"rendered":"<p>Vastupidav karvaeemalduskinnas koerte ja kasside karvkatte lihtsaks ning meeldivaks hooldamiseks.<\/p>\n","protected":false},"featured_media":19293,"template":"","meta":[],"product_cat":[688,365],"product_tag":[],"class_list":{"0":"post-19292","1":"product","2":"type-product","3":"status-publish","4":"has-post-thumbnail","6":"product_cat-koerad","7":"product_cat-koerte-tarvikud","8":"pa_brand-freedog","9":"pa_ean-3557","10":"pa_kaal-0-080","11":"pa_tootjariik-hiina","13":"first","14":"instock","15":"taxable","16":"shipping-taxable","17":"purchasable","18":"product-type-simple"},"_links":{"self":[{"href":"https:\/\/kasskoer.ee\/en\/wp-json\/wp\/v2\/product\/19292","targetHints":{"allow":["GET"]}}],"collection":[{"href":"https:\/\/kasskoer.ee\/en\/wp-json\/wp\/v2\/product"}],"about":[{"href":"https:\/\/kasskoer.ee\/en\/wp-json\/wp\/v2\/types\/product"}],"wp:featuredmedia":[{"embeddable":true,"href":"https:\/\/kasskoer.ee\/en\/wp-json\/wp\/v2\/media\/19293"}],"wp:attachment":[{"href":"https:\/\/kasskoer.ee\/en\/wp-json\/wp\/v2\/media?parent=19292"}],"wp:term":[{"taxonomy":"product_cat","embeddable":true,"href":"https:\/\/kasskoer.ee\/en\/wp-json\/wp\/v2\/product_cat?post=19292"},{"taxonomy":"product_tag","embeddable":true,"href":"https:\/\/kasskoer.ee\/en\/wp-json\/wp\/v2\/product_tag?post=19292"}],"curies":[{"name":"wp","href":"https:\/\/api.w.org\/{rel}","templated":true}]}}