{"id":19310,"date":"2026-04-20T03:05:05","date_gmt":"2026-04-20T00:05:05","guid":{"rendered":"https:\/\/kasskoer.ee\/product\/freedog-dropfree-jooginou-kassidele-ja-koertele-1l\/"},"modified":"2026-04-20T03:05:07","modified_gmt":"2026-04-20T00:05:07","slug":"freedog-dropfree-jooginou-kassidele-ja-koertele-1l","status":"publish","type":"product","link":"https:\/\/kasskoer.ee\/en\/toode\/freedog-dropfree-jooginou-kassidele-ja-koertele-1l\/","title":{"rendered":"Freedog Dropfree joogin\u00f5u kassidele ja koertele 1L"},"content":{"rendered":"<p><b>Freedog DropFree joogikauss aitab v\u00e4ltida vee pritsimist ja maha loksumist. Kauss on disainitud nii, et lemmik saab k\u00e4tte optimaalse koguse vett ainult keelega.<\/b>&#13;<\/p>\n<li>Sobib nii koertele kui kassidele.<\/li>\n<p>&#13;<\/p>\n<li>Libisemisvastane p\u00f5hi.<\/li>\n<p>&#13;<\/p>\n<li>Sisaldab filtrit.<\/li>\n<p>&#13;<\/p>\n<li>Lihtne puhastada.<\/li>\n<p>&#13;<\/p>\n<li>Sobib kasutamiseks nii kodus kui ka autos\u00f5itudel.<\/li>\n<p>&#13;<br \/>\n<br \/><b>Mahutavus:<\/b> 1L<\/p>\n","protected":false},"excerpt":{"rendered":"<p>Freedog DropFree joogikauss kassidele ja koertele.<\/p>\n","protected":false},"featured_media":19311,"template":"","meta":[],"product_cat":[1319],"product_tag":[],"class_list":{"0":"post-19310","1":"product","2":"type-product","3":"status-publish","4":"has-post-thumbnail","6":"product_cat-koerte-sooginoud","7":"pa_brand-freedog","8":"pa_ean-3564","9":"pa_kaal-0-530","10":"pa_tootjariik-hiina","12":"first","13":"outofstock","14":"taxable","15":"shipping-taxable","16":"purchasable","17":"product-type-simple"},"_links":{"self":[{"href":"https:\/\/kasskoer.ee\/en\/wp-json\/wp\/v2\/product\/19310","targetHints":{"allow":["GET"]}}],"collection":[{"href":"https:\/\/kasskoer.ee\/en\/wp-json\/wp\/v2\/product"}],"about":[{"href":"https:\/\/kasskoer.ee\/en\/wp-json\/wp\/v2\/types\/product"}],"wp:featuredmedia":[{"embeddable":true,"href":"https:\/\/kasskoer.ee\/en\/wp-json\/wp\/v2\/media\/19311"}],"wp:attachment":[{"href":"https:\/\/kasskoer.ee\/en\/wp-json\/wp\/v2\/media?parent=19310"}],"wp:term":[{"taxonomy":"product_cat","embeddable":true,"href":"https:\/\/kasskoer.ee\/en\/wp-json\/wp\/v2\/product_cat?post=19310"},{"taxonomy":"product_tag","embeddable":true,"href":"https:\/\/kasskoer.ee\/en\/wp-json\/wp\/v2\/product_tag?post=19310"}],"curies":[{"name":"wp","href":"https:\/\/api.w.org\/{rel}","templated":true}]}}