{"id":19314,"date":"2026-04-20T03:05:05","date_gmt":"2026-04-20T00:05:05","guid":{"rendered":"https:\/\/kasskoer.ee\/product\/freedog-aeglase-soomise-matt-kassidele-ja-koertele-20x20cm\/"},"modified":"2026-04-20T03:05:08","modified_gmt":"2026-04-20T00:05:08","slug":"freedog-aeglase-soomise-matt-kassidele-ja-koertele-20x20cm","status":"publish","type":"product","link":"https:\/\/kasskoer.ee\/en\/toode\/freedog-aeglase-soomise-matt-kassidele-ja-koertele-20x20cm\/","title":{"rendered":"Freedog aeglase s\u00f6\u00f6mise matt kassidele ja koertele 20x20cm"},"content":{"rendered":"<p><b>Freedog aeglase s\u00f6\u00f6mise matt aitab soodustada aeglasemat ja tervislikumat s\u00f6\u00f6mist, parandab seedimist ning aitab ennetada puhitust.<br \/> Sobib k\u00e4itumisprobleemide v\u00f5i \u00e4revusega koertele ja kassidele, aidates neil p\u00fcsida rahulikuna ja tegevuses.<\/b>&#13;<\/p>\n<li>Ideaalne kasutamiseks pesemise v\u00f5i harjamise ajal.<\/li>\n<p>&#13;<\/p>\n<li>Iminappadega disain \u2013 kinnitub siledatele pindadele.<\/li>\n<p>&#13;<\/p>\n<li>Vastupidav ja mittetoksiline materjal.<\/li>\n<p>&#13;<\/p>\n<li>Lihtne puhastada.<\/li>\n<p>&#13;<br \/>\n<br \/><b>M\u00f5\u00f5dud:<\/b> 20 x 20 cm<\/p>\n","protected":false},"excerpt":{"rendered":"<p>Freedog aeglase s\u00f6\u00f6mise matt kassidele ja koertele.<\/p>\n","protected":false},"featured_media":19315,"template":"","meta":[],"product_cat":[1319],"product_tag":[],"class_list":{"0":"post-19314","1":"product","2":"type-product","3":"status-publish","4":"has-post-thumbnail","6":"product_cat-koerte-sooginoud","7":"pa_brand-freedog","8":"pa_ean-3565","9":"pa_kaal-0-210","10":"pa_tootjariik-hiina","12":"first","13":"instock","14":"taxable","15":"shipping-taxable","16":"purchasable","17":"product-type-simple"},"_links":{"self":[{"href":"https:\/\/kasskoer.ee\/en\/wp-json\/wp\/v2\/product\/19314","targetHints":{"allow":["GET"]}}],"collection":[{"href":"https:\/\/kasskoer.ee\/en\/wp-json\/wp\/v2\/product"}],"about":[{"href":"https:\/\/kasskoer.ee\/en\/wp-json\/wp\/v2\/types\/product"}],"wp:featuredmedia":[{"embeddable":true,"href":"https:\/\/kasskoer.ee\/en\/wp-json\/wp\/v2\/media\/19315"}],"wp:attachment":[{"href":"https:\/\/kasskoer.ee\/en\/wp-json\/wp\/v2\/media?parent=19314"}],"wp:term":[{"taxonomy":"product_cat","embeddable":true,"href":"https:\/\/kasskoer.ee\/en\/wp-json\/wp\/v2\/product_cat?post=19314"},{"taxonomy":"product_tag","embeddable":true,"href":"https:\/\/kasskoer.ee\/en\/wp-json\/wp\/v2\/product_tag?post=19314"}],"curies":[{"name":"wp","href":"https:\/\/api.w.org\/{rel}","templated":true}]}}