{"id":19317,"date":"2026-04-20T03:05:05","date_gmt":"2026-04-20T00:05:05","guid":{"rendered":"https:\/\/kasskoer.ee\/product\/freedog-kahepoolne-pusade-eemaldamise-hari-17x10cm\/"},"modified":"2026-04-20T03:05:08","modified_gmt":"2026-04-20T00:05:08","slug":"freedog-kahepoolne-pusade-eemaldamise-hari-17x10cm","status":"publish","type":"product","link":"https:\/\/kasskoer.ee\/en\/toode\/freedog-kahepoolne-pusade-eemaldamise-hari-17x10cm\/","title":{"rendered":"Freedog kahepoolne pusade eemaldamise hari 17x10cm"},"content":{"rendered":"<p><b>Spetsiaalsed ja h\u00f5redalt paigutatud piid aitavad pusasid lahti harutada ilma ebamugavust tekitamata ning karva liigselt t\u00f5mbamata.<\/b>&#13;<\/p>\n<li>Eemaldab pusasid ja s\u00f5lmi \u00f5rnalt ning t\u00f5husalt.<\/li>\n<p>&#13;<\/p>\n<li>Sobib suure hulga aluskarva eemaldamiseks.<\/li>\n<p>&#13;<\/p>\n<li>Kahepoolne ja ergonoomiline disain.<\/li>\n","protected":false},"excerpt":{"rendered":"<p>Freedog kahepoolne hari pusade ning aluskarva eemaldamiseks.<\/p>\n","protected":false},"featured_media":19318,"template":"","meta":[],"product_cat":[688,365],"product_tag":[],"class_list":{"0":"post-19317","1":"product","2":"type-product","3":"status-publish","4":"has-post-thumbnail","6":"product_cat-koerad","7":"product_cat-koerte-tarvikud","8":"pa_brand-freedog","9":"pa_ean-3566","10":"pa_kaal-0-140","11":"pa_tootjariik-hiina","13":"first","14":"instock","15":"taxable","16":"shipping-taxable","17":"purchasable","18":"product-type-simple"},"_links":{"self":[{"href":"https:\/\/kasskoer.ee\/en\/wp-json\/wp\/v2\/product\/19317","targetHints":{"allow":["GET"]}}],"collection":[{"href":"https:\/\/kasskoer.ee\/en\/wp-json\/wp\/v2\/product"}],"about":[{"href":"https:\/\/kasskoer.ee\/en\/wp-json\/wp\/v2\/types\/product"}],"wp:featuredmedia":[{"embeddable":true,"href":"https:\/\/kasskoer.ee\/en\/wp-json\/wp\/v2\/media\/19318"}],"wp:attachment":[{"href":"https:\/\/kasskoer.ee\/en\/wp-json\/wp\/v2\/media?parent=19317"}],"wp:term":[{"taxonomy":"product_cat","embeddable":true,"href":"https:\/\/kasskoer.ee\/en\/wp-json\/wp\/v2\/product_cat?post=19317"},{"taxonomy":"product_tag","embeddable":true,"href":"https:\/\/kasskoer.ee\/en\/wp-json\/wp\/v2\/product_tag?post=19317"}],"curies":[{"name":"wp","href":"https:\/\/api.w.org\/{rel}","templated":true}]}}