{"id":19355,"date":"2026-04-20T03:05:08","date_gmt":"2026-04-20T00:05:08","guid":{"rendered":"https:\/\/kasskoer.ee\/product\/freedog-xl-punane-nailonist-jalutusrihm-20mm-x-500cm\/"},"modified":"2026-04-20T03:05:08","modified_gmt":"2026-04-20T00:05:08","slug":"freedog-xl-punane-nailonist-jalutusrihm-20mm-x-500cm","status":"publish","type":"product","link":"https:\/\/kasskoer.ee\/en\/toode\/freedog-xl-punane-nailonist-jalutusrihm-20mm-x-500cm\/","title":{"rendered":"Freedog XL punane nailonist jalutusrihm 20mm x 500cm"},"content":{"rendered":"<p><b>Freedog vastupidav nailonist jalutusrihm sobib ideaalselt igap\u00e4evasteks jalutusk\u00e4ikudeks, mis n\u00f5uavad suuremat liikumisvabadust.<\/b>&#13;<\/p>\n<li>Tugev metallist karabiin turvaliseks kinnitamiseks.<\/li>\n<p>&#13;<\/p>\n<li>Kummist detailid tagavad suurep\u00e4rase haarde igas olukorras, ka vees.<\/li>\n<p>&#13;<br \/>\n<br \/>&#13;<br \/>\n<b>M\u00f5\u00f5dud:<\/b>&#13;<br \/>\n20 mm x 500 cm<\/p>\n","protected":false},"excerpt":{"rendered":"<p>Vastupidav ja funktsionaalne nailonist jalutusrihm lemmikule.<\/p>\n","protected":false},"featured_media":19356,"template":"","meta":[],"product_cat":[1331],"product_tag":[],"class_list":{"0":"post-19355","1":"product","2":"type-product","3":"status-publish","4":"has-post-thumbnail","6":"product_cat-koerte-rihmad","7":"pa_brand-freedog","8":"pa_ean-3580","9":"pa_kaal-0-260","10":"pa_tootjariik-hiina","12":"first","13":"outofstock","14":"taxable","15":"shipping-taxable","16":"purchasable","17":"product-type-simple"},"_links":{"self":[{"href":"https:\/\/kasskoer.ee\/en\/wp-json\/wp\/v2\/product\/19355","targetHints":{"allow":["GET"]}}],"collection":[{"href":"https:\/\/kasskoer.ee\/en\/wp-json\/wp\/v2\/product"}],"about":[{"href":"https:\/\/kasskoer.ee\/en\/wp-json\/wp\/v2\/types\/product"}],"wp:featuredmedia":[{"embeddable":true,"href":"https:\/\/kasskoer.ee\/en\/wp-json\/wp\/v2\/media\/19356"}],"wp:attachment":[{"href":"https:\/\/kasskoer.ee\/en\/wp-json\/wp\/v2\/media?parent=19355"}],"wp:term":[{"taxonomy":"product_cat","embeddable":true,"href":"https:\/\/kasskoer.ee\/en\/wp-json\/wp\/v2\/product_cat?post=19355"},{"taxonomy":"product_tag","embeddable":true,"href":"https:\/\/kasskoer.ee\/en\/wp-json\/wp\/v2\/product_tag?post=19355"}],"curies":[{"name":"wp","href":"https:\/\/api.w.org\/{rel}","templated":true}]}}