{"id":19385,"date":"2026-04-20T03:05:08","date_gmt":"2026-04-20T00:05:08","guid":{"rendered":"https:\/\/kasskoer.ee\/product\/freedog-palli-viskaja-palliga-65cm\/"},"modified":"2026-04-20T03:05:09","modified_gmt":"2026-04-20T00:05:09","slug":"freedog-palli-viskaja-palliga-65cm","status":"publish","type":"product","link":"https:\/\/kasskoer.ee\/en\/toode\/freedog-palli-viskaja-palliga-65cm\/","title":{"rendered":"Freedog palli viskaja palliga 65cm"},"content":{"rendered":"<p><b>Freedog palli viskajat on lihtne kasutada ning see sobib igas suuruses koertele.<\/b>&#13;<\/p>\n<li>Reguleeritav viskekaugus.<\/li>\n<p>&#13;<\/p>\n<li>Mugav ja ergonoomiline k\u00e4epide.<\/li>\n<p>&#13;<\/p>\n<li>Pakub koerale aktiivset ja l\u00f5busat tegevust.<\/li>\n<p>&#13;<\/p>\n<li>V\u00e4ga vastupidav konstruktsioon.<\/li>\n","protected":false},"excerpt":{"rendered":"<p>Uuenduslik palli viskaja koertele \u00fchendab funktsionaalsuse ja l\u00f5busa m\u00e4ngu.<\/p>\n","protected":false},"featured_media":19386,"template":"","meta":[],"product_cat":[1326,688],"product_tag":[],"class_list":{"0":"post-19385","1":"product","2":"type-product","3":"status-publish","4":"has-post-thumbnail","6":"product_cat-koerte-manguasjad","7":"product_cat-koerad","8":"pa_brand-freedog","9":"pa_ean-3586","10":"pa_kaal-0-160","11":"pa_tootjariik-hiina","13":"first","14":"instock","15":"taxable","16":"shipping-taxable","17":"purchasable","18":"product-type-simple"},"_links":{"self":[{"href":"https:\/\/kasskoer.ee\/en\/wp-json\/wp\/v2\/product\/19385","targetHints":{"allow":["GET"]}}],"collection":[{"href":"https:\/\/kasskoer.ee\/en\/wp-json\/wp\/v2\/product"}],"about":[{"href":"https:\/\/kasskoer.ee\/en\/wp-json\/wp\/v2\/types\/product"}],"wp:featuredmedia":[{"embeddable":true,"href":"https:\/\/kasskoer.ee\/en\/wp-json\/wp\/v2\/media\/19386"}],"wp:attachment":[{"href":"https:\/\/kasskoer.ee\/en\/wp-json\/wp\/v2\/media?parent=19385"}],"wp:term":[{"taxonomy":"product_cat","embeddable":true,"href":"https:\/\/kasskoer.ee\/en\/wp-json\/wp\/v2\/product_cat?post=19385"},{"taxonomy":"product_tag","embeddable":true,"href":"https:\/\/kasskoer.ee\/en\/wp-json\/wp\/v2\/product_tag?post=19385"}],"curies":[{"name":"wp","href":"https:\/\/api.w.org\/{rel}","templated":true}]}}