{"id":19387,"date":"2026-04-20T03:05:08","date_gmt":"2026-04-20T00:05:08","guid":{"rendered":"https:\/\/kasskoer.ee\/product\/freedog-kloorheksidiiniga-puhastuslapid-lemmikule-40tk\/"},"modified":"2026-04-20T03:05:09","modified_gmt":"2026-04-20T00:05:09","slug":"freedog-kloorheksidiiniga-puhastuslapid-lemmikule-40tk","status":"publish","type":"product","link":"https:\/\/kasskoer.ee\/en\/toode\/freedog-kloorheksidiiniga-puhastuslapid-lemmikule-40tk\/","title":{"rendered":"Freedog kloorheksidiiniga puhastuslapid lemmikule 40tk"},"content":{"rendered":"<p><b>Freedog niisked puhastuslapid kasside ja koerte puhastamiseks.<\/b>&#13;<\/p>\n<li>Sobivad silmade, k\u00f5rvade, k\u00e4ppade ja karvkatte puhastamiseks.<\/li>\n<p>&#13;<\/p>\n<li>Kloorheksidiin h\u00e4vitab t\u00f5husalt baktereid ja seeni, aidates hoida naha puhta ning ennetada p\u00f5letikke ja infektsioone.<\/li>\n<p>&#13;<\/p>\n<li>Mugav ja kiire lahendus \u2013 ideaalne kasutamiseks igal ajal.<\/li>\n<p>&#13;<\/p>\n<li>Ei sisalda kahjulikke aineid \u2013 mittetoksiline ja ohutu lemmikloomadele.<\/li>\n<p>&#13;<\/p>\n<li>Pakendis 40 puhastuslappi suurusega 18 x 28 cm.<\/li>\n","protected":false},"excerpt":{"rendered":"<p>Niisked puhastuslapid lemmikute silmade, k\u00f5rvade, k\u00e4ppade ja karvkatte puhastamiseks.<\/p>\n","protected":false},"featured_media":19388,"template":"","meta":[],"product_cat":[688,365],"product_tag":[],"class_list":{"0":"post-19387","1":"product","2":"type-product","3":"status-publish","4":"has-post-thumbnail","6":"product_cat-koerad","7":"product_cat-koerte-tarvikud","8":"pa_brand-freedog","9":"pa_ean-3587","10":"pa_kaal-0-440","11":"pa_tootjariik-hiina","13":"first","14":"instock","15":"taxable","16":"shipping-taxable","17":"purchasable","18":"product-type-simple"},"_links":{"self":[{"href":"https:\/\/kasskoer.ee\/en\/wp-json\/wp\/v2\/product\/19387","targetHints":{"allow":["GET"]}}],"collection":[{"href":"https:\/\/kasskoer.ee\/en\/wp-json\/wp\/v2\/product"}],"about":[{"href":"https:\/\/kasskoer.ee\/en\/wp-json\/wp\/v2\/types\/product"}],"wp:featuredmedia":[{"embeddable":true,"href":"https:\/\/kasskoer.ee\/en\/wp-json\/wp\/v2\/media\/19388"}],"wp:attachment":[{"href":"https:\/\/kasskoer.ee\/en\/wp-json\/wp\/v2\/media?parent=19387"}],"wp:term":[{"taxonomy":"product_cat","embeddable":true,"href":"https:\/\/kasskoer.ee\/en\/wp-json\/wp\/v2\/product_cat?post=19387"},{"taxonomy":"product_tag","embeddable":true,"href":"https:\/\/kasskoer.ee\/en\/wp-json\/wp\/v2\/product_tag?post=19387"}],"curies":[{"name":"wp","href":"https:\/\/api.w.org\/{rel}","templated":true}]}}