{"id":19404,"date":"2026-04-20T03:05:05","date_gmt":"2026-04-20T00:05:05","guid":{"rendered":"https:\/\/kasskoer.ee\/product\/inaba-dashi-delights-tuna-with-cheese-konserv-kassile-70g\/"},"modified":"2026-04-20T03:05:06","modified_gmt":"2026-04-20T00:05:06","slug":"inaba-dashi-delights-tuna-with-cheese-konserv-kassile-70g","status":"publish","type":"product","link":"https:\/\/kasskoer.ee\/en\/toode\/inaba-dashi-delights-tuna-with-cheese-konserv-kassile-70g\/","title":{"rendered":"Inaba Dashi Delights Tuna with Cheese konserv kassile 70g"},"content":{"rendered":"<p><b>Inaba Dashi tuunikala ja juustuga &#8211; t\u00e4iends\u00f6\u00f6t kassidele.<\/b><br \/>&#13;<\/p>\n<li>Umami-elamus &#8211; \u00f5rn puljong, mis on valmistatud metsikult p\u00fc\u00fctud tuunikalast ja rikastatud hoolikalt valitud esmaklassiliste valkudega, pakub sinu kassile t\u00e4iesti uut maitseelamust.<\/li>\n<p>&#13;<\/p>\n<li>Niisutav ja maitsev lisand &#8211; t\u00e4ienda oma kassi toidukorda h\u00fcdreeriva ja maitsva lisandiga, mis ei sisalda teravilja, s\u00e4ilitusaineid, karrageeni ega kunstlikke v\u00e4rvaineid.<\/li>\n<p>&#13;<\/p>\n<li>E-vitamiin &#8211; toetab immuuns\u00fcsteemi.<\/li>\n<p>&#13;<\/p>\n<li>Rohelise tee ekstrakt &#8211; looduslik antioks\u00fcdant.<\/li>\n<p>&#13;<br \/>\n<br \/>&#13;<br \/>\n<b>Koostis<\/b><br \/>&#13;<br \/>\nKammkarbipuljong (69,7%), tuunikala (26,9%), juust (1,1%), tapiokk (kuivatatud), kuivatatud bonito pulber (0,4%).<br \/>&#13;<br \/>\n<br \/> &#13;<br \/>\n<b>Anal\u00fc\u00fctiline koostis<\/b><br \/>&#13;<br \/>\nToorvalk 8,0%, toorrasv 0,5%, toorkiud 0,1%, toortuhk 0,6%, niiskus 90,0%.<br \/>&#13;<br \/>\n<br \/> &#13;<br \/>\n<b>S\u00f6\u00f6dalisandid (1 kg kohta)<\/b><br \/>&#13;<br \/>\nToitainelised lisandid: vitamiin E (3a700) 325 mg.&#13;<br \/>\nTehnoloogilised lisandid: guarkummi, ksantaankummi. L\u00f5hna- ja maitseained: maitseained, Camellia thea Link. <br \/>&#13;<br \/>\n<br \/>&#13;<br \/>\n<b>Metaboliseeruv energia<\/b><br \/>&#13;<br \/>\n410 kcal\/kg<br \/>&#13;<br \/>\n<br \/>&#13;<br \/>\n<b>S\u00f6\u00f6tmisjuhend<\/b><br \/>&#13;<br \/>\nPaku kassile maiusena. Toode ei ole m\u00f5eldud t\u00e4iss\u00f6\u00f6giks. Tagada alati puhas ja v\u00e4rske joogivesi.<\/p>\n","protected":false},"excerpt":{"rendered":"<p>Maitsvatest ja kvaliteetsetest koostisosadest t\u00e4iends\u00f6\u00f6t kassidele.<\/p>\n","protected":false},"featured_media":19405,"template":"","meta":[],"product_cat":[689,33],"product_tag":[],"class_list":{"0":"post-19404","1":"product","2":"type-product","3":"status-publish","4":"has-post-thumbnail","6":"product_cat-kassid","7":"product_cat-konservid-kassidele","8":"pa_brand-inaba","9":"pa_ean-3594","10":"pa_kaal-0-070","11":"pa_tootjariik-tai","13":"first","14":"instock","15":"taxable","16":"shipping-taxable","17":"purchasable","18":"product-type-simple"},"_links":{"self":[{"href":"https:\/\/kasskoer.ee\/en\/wp-json\/wp\/v2\/product\/19404","targetHints":{"allow":["GET"]}}],"collection":[{"href":"https:\/\/kasskoer.ee\/en\/wp-json\/wp\/v2\/product"}],"about":[{"href":"https:\/\/kasskoer.ee\/en\/wp-json\/wp\/v2\/types\/product"}],"wp:featuredmedia":[{"embeddable":true,"href":"https:\/\/kasskoer.ee\/en\/wp-json\/wp\/v2\/media\/19405"}],"wp:attachment":[{"href":"https:\/\/kasskoer.ee\/en\/wp-json\/wp\/v2\/media?parent=19404"}],"wp:term":[{"taxonomy":"product_cat","embeddable":true,"href":"https:\/\/kasskoer.ee\/en\/wp-json\/wp\/v2\/product_cat?post=19404"},{"taxonomy":"product_tag","embeddable":true,"href":"https:\/\/kasskoer.ee\/en\/wp-json\/wp\/v2\/product_tag?post=19404"}],"curies":[{"name":"wp","href":"https:\/\/api.w.org\/{rel}","templated":true}]}}