{"id":19408,"date":"2026-04-20T03:05:05","date_gmt":"2026-04-20T00:05:05","guid":{"rendered":"https:\/\/kasskoer.ee\/product\/ciao-bisque-multipakk-margtoit-kassidele-10x40g\/"},"modified":"2026-04-20T03:05:06","modified_gmt":"2026-04-20T00:05:06","slug":"ciao-bisque-multipakk-margtoit-kassidele-10x40g","status":"publish","type":"product","link":"https:\/\/kasskoer.ee\/en\/toode\/ciao-bisque-multipakk-margtoit-kassidele-10x40g\/","title":{"rendered":"Ciao Bisque multipakk m\u00e4rgtoit kassidele 10x40g"},"content":{"rendered":"<p><b>Ciao Bisque naturaalsed ja kreemjad m\u00e4rgtoidud &#8211; t\u00e4iends\u00f6\u00f6t kassidele.<br \/>&#13;<br \/>\nMultipakk sisaldab kolme erinevat sorti m\u00e4rgtoitu: 4 tk kanaga, 4 tk kana ja veiselihaga ning 2 tk tuunikala ja l\u00f5hega.<\/b><br \/>&#13;<\/p>\n<li>Suurep\u00e4rane ja maitsev lisand m\u00e4rg- v\u00f5i kuivtoidule.<\/li>\n<p>&#13;<\/p>\n<li>Ei sisalda teravilja, s\u00e4ilitusaineid, karrageeni ega kunstlikke v\u00e4rvaineid.<\/li>\n<p>&#13;<\/p>\n<li>E-vitamiin &#8211; toetab immuuns\u00fcsteemi.<\/li>\n<p>&#13;<\/p>\n<li>Rohelise tee ekstrakt &#8211; looduslik antioks\u00fcdant.<\/li>\n<p>&#13;<br \/>\n<br \/>&#13;<br \/>\n<b>Koostis<\/b><br \/>&#13;<br \/>\nKanaga retsept: kana (30,0%), tapiokk (kuivatatud), kammkarbiekstrakt (0,9%).&#13;<br \/>\n<br \/>&#13;<br \/>\nKana ja veiselihaga retsept: kana (28,2%), veiseliha (1,8%), tapiokk (kuivatatud), kammkarbiekstrakt (0,9%).&#13;<br \/>\n<br \/>&#13;<br \/>\nTuunikala ja l\u00f5hega retsept: tuunikala (28,2%), l\u00f5he (1,8%), tapiokk (kuivatatud), tuunikalaekstrakt (0,9%).<br \/>&#13;<br \/>\n<br \/> &#13;<br \/>\n<b>Anal\u00fc\u00fctiline koostis<\/b><br \/>&#13;<br \/>\nToorvalk 8,0%, toorrasv 1,0%, toorkiud 0,2%, toortuhk 1,4%, niiskus 86,0%.<br \/>&#13;<br \/>\n<br \/> &#13;<br \/>\n<b>S\u00f6\u00f6dalisandid (1 kg kohta)<\/b><br \/>&#13;<br \/>\nToitainelised lisandid: vitamiin E  (3a700) 560 mg.<br \/>&#13;<br \/>\nTehnoloogilised lisandid: guarkummi.<br \/>&#13;<br \/>\nL\u00f5hna- ja maitseained: maitseained, Camellia thea Link.<br \/>&#13;<br \/>\n<br \/>&#13;<br \/>\n<b>Metaboliseeruv energia<\/b><br \/>&#13;<br \/>\n400 kcal\/kg<br \/>&#13;<br \/>\n<br \/>&#13;<br \/>\n<b>S\u00f6\u00f6tmisjuhend<\/b><br \/>&#13;<br \/>\nPaku kassile maiusena v\u00f5i lisandina m\u00e4rg- v\u00f5i kuivtoidule. Toode ei ole m\u00f5eldud t\u00e4iss\u00f6\u00f6giks. Tagada alati puhas ja v\u00e4rske joogivesi.<\/p>\n","protected":false},"excerpt":{"rendered":"<p>Isu\u00e4ratavad ja kreemjad m\u00e4rgtoidud kassidele.<\/p>\n","protected":false},"featured_media":19409,"template":"","meta":[],"product_cat":[689,33],"product_tag":[],"class_list":{"0":"post-19408","1":"product","2":"type-product","3":"status-publish","4":"has-post-thumbnail","6":"product_cat-kassid","7":"product_cat-konservid-kassidele","8":"pa_brand-ciao","9":"pa_ean-3596","10":"pa_kaal-0-400","11":"pa_tootjariik-tai","13":"first","14":"instock","15":"taxable","16":"shipping-taxable","17":"purchasable","18":"product-type-simple"},"_links":{"self":[{"href":"https:\/\/kasskoer.ee\/en\/wp-json\/wp\/v2\/product\/19408","targetHints":{"allow":["GET"]}}],"collection":[{"href":"https:\/\/kasskoer.ee\/en\/wp-json\/wp\/v2\/product"}],"about":[{"href":"https:\/\/kasskoer.ee\/en\/wp-json\/wp\/v2\/types\/product"}],"wp:featuredmedia":[{"embeddable":true,"href":"https:\/\/kasskoer.ee\/en\/wp-json\/wp\/v2\/media\/19409"}],"wp:attachment":[{"href":"https:\/\/kasskoer.ee\/en\/wp-json\/wp\/v2\/media?parent=19408"}],"wp:term":[{"taxonomy":"product_cat","embeddable":true,"href":"https:\/\/kasskoer.ee\/en\/wp-json\/wp\/v2\/product_cat?post=19408"},{"taxonomy":"product_tag","embeddable":true,"href":"https:\/\/kasskoer.ee\/en\/wp-json\/wp\/v2\/product_tag?post=19408"}],"curies":[{"name":"wp","href":"https:\/\/api.w.org\/{rel}","templated":true}]}}