{"id":19412,"date":"2026-04-20T03:05:05","date_gmt":"2026-04-20T00:05:05","guid":{"rendered":"https:\/\/kasskoer.ee\/product\/churu-tidbits-kassimaius-tuunikala-ja-lohega-3x12g\/"},"modified":"2026-04-20T03:05:06","modified_gmt":"2026-04-20T00:05:06","slug":"churu-tidbits-kassimaius-tuunikala-ja-lohega-3x12g","status":"publish","type":"product","link":"https:\/\/kasskoer.ee\/en\/toode\/churu-tidbits-kassimaius-tuunikala-ja-lohega-3x12g\/","title":{"rendered":"Churu Tidbits kassimaius tuunikala ja l\u00f5hega 3x12g"},"content":{"rendered":"<p><b>Churu Tidbits tuunikala ja l\u00f5hega pehme ja kreemjas maius &#8211; t\u00e4iends\u00f6\u00f6t kassidele.<\/b><br \/>&#13;<\/p>\n<li>Vastupandamatu kahe tekstuuri kombinatsioon &#8211; pehme amps ja kreemjas Churu t\u00e4idis.<\/li>\n<p>&#13;<\/p>\n<li>Ei sisalda teravilja, s\u00e4ilitusaineid, karrageeni ega kunstlikke v\u00e4rvaineid.<\/li>\n<p>&#13;<\/p>\n<li>E-vitamiin &#8211; toetab immuuns\u00fcsteemi.<\/li>\n<p>&#13;<\/p>\n<li>Rohelise tee ekstrakt &#8211; looduslik antioks\u00fcdant.<\/li>\n<p>&#13;<br \/>\n<br \/>&#13;<br \/>\n<b>Koostis<\/b><br \/>&#13;<br \/>\nKana, tuunikala (21,9%), maniokk (kuivatatud), kanarasv, kuivatatud bonito helbed, krevetipasta, tuunikalaekstrakt (1,1%), tapiokk (kuivatatud), l\u00f5he (0,9%).<br \/>&#13;<br \/>\n<br \/> &#13;<br \/>\n<b>Anal\u00fc\u00fctiline koostis<\/b><br \/>&#13;<br \/>\nToorvalk 20,0%, toorrasv 4,0%, toorkiud 0,1%, toortuhk 1,0%, niiskus 68,0%.<br \/>&#13;<br \/>\n<br \/> &#13;<br \/>\n<b>S\u00f6\u00f6dalisandid (1 kg kohta)<\/b><br \/>&#13;<br \/>\nToitainelised lisandid: vitamiin E  (3a700) 162 mg.<br \/>&#13;<br \/>\nTehnoloogilised lisandid: guarkummi.<br \/>&#13;<br \/>\nL\u00f5hna- ja maitseained: maitseained, naturaalne v\u00e4rvaine paprika oleoresiin, Camellia thea Link.<br \/>&#13;<br \/>\n<br \/>&#13;<br \/>\n<b>Metaboliseeruv energia<\/b><br \/>&#13;<br \/>\n1300 kcal\/kg<br \/>&#13;<br \/>\n<br \/>&#13;<br \/>\n<b>S\u00f6\u00f6tmisjuhend<\/b><br \/>&#13;<br \/>\nPaku kassile maiusena. Toode ei ole m\u00f5eldud t\u00e4iss\u00f6\u00f6giks. Tagada alati puhas ja v\u00e4rske joogivesi.<\/p>\n","protected":false},"excerpt":{"rendered":"<p>Naturaalne, pehme ja kreemjas tuunikala ja l\u00f5hega maius kassidele.<\/p>\n","protected":false},"featured_media":19413,"template":"","meta":[],"product_cat":[1211],"product_tag":[],"class_list":{"0":"post-19412","1":"product","2":"type-product","3":"status-publish","4":"has-post-thumbnail","6":"product_cat-kasside-maiused","7":"pa_brand-churu","8":"pa_ean-3598","9":"pa_kaal-0-036","10":"pa_tootjariik-tai","12":"first","13":"instock","14":"taxable","15":"shipping-taxable","16":"purchasable","17":"product-type-simple"},"_links":{"self":[{"href":"https:\/\/kasskoer.ee\/en\/wp-json\/wp\/v2\/product\/19412","targetHints":{"allow":["GET"]}}],"collection":[{"href":"https:\/\/kasskoer.ee\/en\/wp-json\/wp\/v2\/product"}],"about":[{"href":"https:\/\/kasskoer.ee\/en\/wp-json\/wp\/v2\/types\/product"}],"wp:featuredmedia":[{"embeddable":true,"href":"https:\/\/kasskoer.ee\/en\/wp-json\/wp\/v2\/media\/19413"}],"wp:attachment":[{"href":"https:\/\/kasskoer.ee\/en\/wp-json\/wp\/v2\/media?parent=19412"}],"wp:term":[{"taxonomy":"product_cat","embeddable":true,"href":"https:\/\/kasskoer.ee\/en\/wp-json\/wp\/v2\/product_cat?post=19412"},{"taxonomy":"product_tag","embeddable":true,"href":"https:\/\/kasskoer.ee\/en\/wp-json\/wp\/v2\/product_tag?post=19412"}],"curies":[{"name":"wp","href":"https:\/\/api.w.org\/{rel}","templated":true}]}}