{"id":19414,"date":"2026-04-20T03:05:05","date_gmt":"2026-04-20T00:05:05","guid":{"rendered":"https:\/\/kasskoer.ee\/product\/churu-luxury-kassimaius-kana-ja-wagyu-veiselihaga-4x14g\/"},"modified":"2026-04-20T03:05:06","modified_gmt":"2026-04-20T00:05:06","slug":"churu-luxury-kassimaius-kana-ja-wagyu-veiselihaga-4x14g","status":"publish","type":"product","link":"https:\/\/kasskoer.ee\/en\/toode\/churu-luxury-kassimaius-kana-ja-wagyu-veiselihaga-4x14g\/","title":{"rendered":"Churu Luxury kassimaius kana ja Wagyu veiselihaga 4x14g"},"content":{"rendered":"<p><b>Naturaalne lakutav kana ja Wagyu veiselihaga maius &#8211; t\u00e4iends\u00f6\u00f6t kassidele.<\/b><br \/> &#13;<\/p>\n<li>Kasutada saab mitmel viisil: pigistada tuubist ja lasta kassil lakkuda v\u00f5i kasutada eriti maitsva kuivtoidu lisandina.<\/li>\n<p>&#13;<\/p>\n<li>Ei sisalda teravilja, s\u00e4ilitusaineid ega kunstlikke v\u00e4rvaineid.<\/li>\n<p> &#13;<\/p>\n<li>Kreemjas tekstuur ja suurep\u00e4rane maitse.<\/li>\n<p> &#13;<\/p>\n<li>Maius sisaldab rohelise tee ekstrakti, E-vitamiini ning rohkelt niiskust, mis aitab toetada kassi head tervist.<\/li>\n<p>&#13;<\/p>\n<li>Iga pakend sisaldab nelja eraldi pakendatud portsjonit, et tagada maksimaalne v\u00e4rskus.<\/li>\n<p>&#13;<br \/>\n<br \/>&#13;<br \/>\n<b>Koostis<\/b><br \/>&#13;<br \/>\nKana (26,0%), Wagyu veiseliha (6,0%), tapiokk (kuivatatud), kanaekstrakt (1,0%).<br \/>&#13;<br \/>\n<br \/>&#13;<br \/>\n<b>Anal\u00fc\u00fctiline koostis<\/b><br \/>&#13;<br \/>\nToorvalk 8,5%, toorrasv 1,0%, toorkiud 0,1%, toortuhk 1,5%, niiskus 87,5%.<br \/>&#13;<br \/>\n<br \/>&#13;<br \/>\n<b>S\u00f6\u00f6dalisandid (1 kg kohta)<\/b><br \/>&#13;<br \/>\nToitainelised lisandid: vitamiin E (3a700) 574 mg, tauriin 360 mg.<br \/>&#13;<br \/>\nTehnoloogilised lisandid: guarkummi.<br \/>&#13;<br \/>\nL\u00f5hna- ja maitseained: maitseained, Camellia thea Link.<br \/>&#13;<br \/>\n<br \/>&#13;<br \/>\n<b>Metaboliseeruv energia<\/b><br \/>&#13;<br \/>\n445 kcal\/kg<br \/>&#13;<br \/>\n<br \/>&#13;<br \/>\n<b>S\u00f6\u00f6tmisjuhend<\/b><br \/>&#13;<br \/>\nPaku kassile maiusena. Toode ei ole m\u00f5eldud t\u00e4iss\u00f6\u00f6giks. Tagada alati puhas ja v\u00e4rske joogivesi.<\/p>\n","protected":false},"excerpt":{"rendered":"<p>Naturaalne lakutav kana ja Wagyu veiselihaga maius kassidele.<\/p>\n","protected":false},"featured_media":19415,"template":"","meta":[],"product_cat":[1211],"product_tag":[],"class_list":{"0":"post-19414","1":"product","2":"type-product","3":"status-publish","4":"has-post-thumbnail","6":"product_cat-kasside-maiused","7":"pa_brand-churu","8":"pa_ean-3599","9":"pa_kaal-0-056","10":"pa_tootjariik-tai","12":"first","13":"instock","14":"taxable","15":"shipping-taxable","16":"purchasable","17":"product-type-simple"},"_links":{"self":[{"href":"https:\/\/kasskoer.ee\/en\/wp-json\/wp\/v2\/product\/19414","targetHints":{"allow":["GET"]}}],"collection":[{"href":"https:\/\/kasskoer.ee\/en\/wp-json\/wp\/v2\/product"}],"about":[{"href":"https:\/\/kasskoer.ee\/en\/wp-json\/wp\/v2\/types\/product"}],"wp:featuredmedia":[{"embeddable":true,"href":"https:\/\/kasskoer.ee\/en\/wp-json\/wp\/v2\/media\/19415"}],"wp:attachment":[{"href":"https:\/\/kasskoer.ee\/en\/wp-json\/wp\/v2\/media?parent=19414"}],"wp:term":[{"taxonomy":"product_cat","embeddable":true,"href":"https:\/\/kasskoer.ee\/en\/wp-json\/wp\/v2\/product_cat?post=19414"},{"taxonomy":"product_tag","embeddable":true,"href":"https:\/\/kasskoer.ee\/en\/wp-json\/wp\/v2\/product_tag?post=19414"}],"curies":[{"name":"wp","href":"https:\/\/api.w.org\/{rel}","templated":true}]}}