{"id":19419,"date":"2026-04-25T03:00:12","date_gmt":"2026-04-25T00:00:12","guid":{"rendered":"https:\/\/kasskoer.ee\/product\/tropical-pond-mix-kalatoit-160g-1000ml\/"},"modified":"2026-04-25T03:00:15","modified_gmt":"2026-04-25T00:00:15","slug":"tropical-pond-mix-kalatoit-160g-1000ml","status":"publish","type":"product","link":"https:\/\/kasskoer.ee\/en\/toode\/tropical-pond-mix-kalatoit-160g-1000ml\/","title":{"rendered":"Tropical Pond Mix kalatoit 160g \/ 1000ml"},"content":{"rendered":"<p><b>Tropical Pond Mix on mitmekomponentne toidusegu tiigikaladele, mis pakub mitmekesist ja tasakaalustatud toitumist.<br \/><\/b>&#13;<\/p>\n<li>Katab t\u00e4ielikult kalade toitumisvajadused ja v\u00f5imaldab neil toituda loomulikul viisil, nagu nad teeksid seda oma looduslikus keskkonnas.<\/li>\n<p>&#13;<\/p>\n<li>Erineva kuju ja koostisega toiduosakesed sobivad kaladele, kes toituvad veepinnal, veekihi keskosas v\u00f5i p\u00f5hjas.<\/li>\n<p>&#13;<\/p>\n<li>Mitmekesine maitsete valik ning segus sisalduvad koorikloomad (krevetid) reguleerivad kalade seedetrakti t\u00f6\u00f6d ja on kalade v\u00e4rvust v\u00f5imendavate looduslike karotenoidide allikaks.<\/li>\n<p>&#13;<br \/>\n<br \/>&#13;<br \/>\n<b>Koostis<\/b><br \/>&#13;<br \/>\nTaimset p\u00e4ritolu derivaadid, teraviljad, kalad ja kalatooted, molluskid, koorikloomad, taimsed valguekstraktid, vetikad, \u00f5lid ja rasvad, mineraalse p\u00e4ritoluga s\u00f6\u00f6damaterjalid.<br \/>&#13;<br \/>\n<br \/> &#13;<br \/>\n<b>Anal\u00fc\u00fctiline koostis<\/b><br \/>&#13;<br \/>\nToorvalk 21,0%, toorrasv 4,5%, toorkiud 3,0%, niiskus 8,0%.<br \/>&#13;<br \/>\n<br \/> &#13;<br \/>\n<b>S\u00f6\u00f6dalisandid (1 kg kohta)<\/b><br \/>&#13;<br \/>\nToitainelised lisandid: vitamiin A (3a672a) 18 000 R\u00dc, vitamiin D3 (3a671) 1 200 R\u00dc, vitamiin E (3a700) 80 mg, vitamiin C (3a312) 50 mg, raud (3b107) (raud(II)sulfaatmonoh\u00fcdraat) 21,6 mg, tsink (3b612) (tsinkoksiid) 6,0 mg, mangaan (3b505) (mangaan(II)oksiid) 4,5 mg, vask (3b407) (vask(II)sulfaatpentah\u00fcdraat) 1,0 mg, jood (3b201) (kaaliumjodiid) 0,13 mg.<br \/>&#13;<br \/>\nTehnoloogilised lisandid: letsitiin, antioks\u00fcdandid.<br \/>&#13;<br \/>\n<br \/>&#13;<br \/>\n<b>S\u00f6\u00f6tmisjuhend<\/b><br \/>&#13;<br \/>\nTemperatuuril \u00fcle 15 \u00b0C &#8211; mitu korda p\u00e4evas v\u00e4ikeste portsjonitena.<br \/>&#13;<br \/>\nTemperatuuril 10 kuni 15 \u00b0C &#8211; kord p\u00e4evas.<br \/>&#13;<br \/>\n<br \/>&#13;<br \/>\n<b>T\u00e4helepanu!<\/b> Temperatuuril alla 10 \u00b0C toitu mitte anda, kuna sellel temperatuuril on kaladel ainevahetus aeglustunud ja nad ei toitu.<\/p>\n","protected":false},"excerpt":{"rendered":"<p>Mitmekomponentne toidusegu tiigikaladele.<\/p>\n","protected":false},"featured_media":19420,"template":"","meta":[],"product_cat":[2973,3079,693],"product_tag":[],"class_list":{"0":"post-19419","1":"product","2":"type-product","3":"status-publish","4":"has-post-thumbnail","6":"product_cat-kalatoit","7":"product_cat-kalad","8":"product_cat-muud-loomad","9":"pa_brand-tropical","10":"pa_ean-3601","11":"pa_kaal-0-160","12":"pa_tootjariik-euroopa-liit","14":"first","15":"outofstock","16":"taxable","17":"shipping-taxable","18":"purchasable","19":"product-type-simple"},"_links":{"self":[{"href":"https:\/\/kasskoer.ee\/en\/wp-json\/wp\/v2\/product\/19419","targetHints":{"allow":["GET"]}}],"collection":[{"href":"https:\/\/kasskoer.ee\/en\/wp-json\/wp\/v2\/product"}],"about":[{"href":"https:\/\/kasskoer.ee\/en\/wp-json\/wp\/v2\/types\/product"}],"wp:featuredmedia":[{"embeddable":true,"href":"https:\/\/kasskoer.ee\/en\/wp-json\/wp\/v2\/media\/19420"}],"wp:attachment":[{"href":"https:\/\/kasskoer.ee\/en\/wp-json\/wp\/v2\/media?parent=19419"}],"wp:term":[{"taxonomy":"product_cat","embeddable":true,"href":"https:\/\/kasskoer.ee\/en\/wp-json\/wp\/v2\/product_cat?post=19419"},{"taxonomy":"product_tag","embeddable":true,"href":"https:\/\/kasskoer.ee\/en\/wp-json\/wp\/v2\/product_tag?post=19419"}],"curies":[{"name":"wp","href":"https:\/\/api.w.org\/{rel}","templated":true}]}}