{"id":19422,"date":"2026-04-25T03:00:12","date_gmt":"2026-04-25T00:00:12","guid":{"rendered":"https:\/\/kasskoer.ee\/product\/tropical-goldfish-flakes-kalatoit-20g-100ml\/"},"modified":"2026-04-25T03:00:15","modified_gmt":"2026-04-25T00:00:15","slug":"tropical-goldfish-flakes-kalatoit-20g-100ml","status":"publish","type":"product","link":"https:\/\/kasskoer.ee\/en\/toode\/tropical-goldfish-flakes-kalatoit-20g-100ml\/","title":{"rendered":"Tropical Goldfish Flakes kalatoit 20g \/ 100ml"},"content":{"rendered":"<p><b>Goldfish Flakes on mitmekomponentne v\u00e4rvust intensiivistav t\u00e4iss\u00f6\u00f6t helveste kujul, m\u00f5eldud igap\u00e4evaseks s\u00f6\u00f6tmiseks k\u00f5igile kuldkala liikidele.<\/b>&#13;<\/p>\n<li>Looduslikud karotenoidid tugevdavad kalade v\u00e4rvust, eriti punaseid, oran\u017ee ja kollaseid toone.<\/li>\n<p>&#13;<\/p>\n<li>C-vitamiin toetab immuuns\u00fcsteemi ja parandab kalade vastupanuv\u00f5imet haigustele.<\/li>\n<p>&#13;<\/p>\n<li>K\u00f5rge kiudainesisaldus toetab seedekulgla korrektset toimimist.<\/li>\n<p>&#13;<br \/>\n<br \/>&#13;<br \/>\n<b>Koostis<\/b><br \/>&#13;<br \/>\nKala ja kalasaadused, teraviljad, taimsed valguekstraktid, molluskid ja koorikloomad, liha ja loomset p\u00e4ritolu tooted, taimset p\u00e4ritolu derivaadid (sh punase paprika ekstrakt 5 000 mg\/kg), vetikad, p\u00e4rmid, \u00f5lid ja rasvad, mineraalained.<br \/>&#13;<br \/>\n<br \/>&#13;<br \/>\n<b>Anal\u00fc\u00fctiline koostis<\/b><br \/>&#13;<br \/>\nToorvalk 28,0%, toorrasv 5,8%, toorkiud 1,8%, niiskus 8,0%.<br \/>&#13;<br \/>\n<br \/>&#13;<br \/>\n<b>S\u00f6\u00f6dalisandid (1 kg kohta)<\/b><br \/>&#13;<br \/>\nToitainelised lisandid: vitamiin A (3a672a) 21 000 R\u00dc, vitamiin D3 (3a671) 1 250 R\u00dc, vitamiin E (3a700) 80 mg, vitamiin C (3a312) 300 mg, raud (3b107) (raud(II)sulfaatmonoh\u00fcdraat) 21,0 mg, tsink (3b612) (tsinkoksiid) 6,0 mg, mangaan (3b505) (mangaan(II)oksiid) 4,5 mg, vask (3b407) (vask(II)sulfaatpentah\u00fcdraat) 1,1 mg, jood (3b201) (kaaliumjodiid) 0,1 mg.<br \/>&#13;<br \/>\nV\u00e4rvained.<br \/>&#13;<br \/>\nTehnoloogilised lisandid: letsitiin, antioks\u00fcdandid.<br \/>&#13;<br \/>\n<br \/>&#13;<br \/>\n<b>S\u00f6\u00f6tmisjuhend<\/b><br \/>&#13;<br \/>\nS\u00f6\u00f6ta mitu korda p\u00e4evas v\u00e4ikeste portsjonitena.<\/p>\n","protected":false},"excerpt":{"rendered":"<p>Mitmekomponentne v\u00e4rvust parandav helvestoit k\u00f5ikide kuldkala liikide igap\u00e4evaseks toitmiseks.<\/p>\n","protected":false},"featured_media":19423,"template":"","meta":[],"product_cat":[2973,3079,693],"product_tag":[],"class_list":{"0":"post-19422","1":"product","2":"type-product","3":"status-publish","4":"has-post-thumbnail","6":"product_cat-kalatoit","7":"product_cat-kalad","8":"product_cat-muud-loomad","9":"pa_brand-tropical","10":"pa_ean-3602","11":"pa_kaal-0-020","12":"pa_tootjariik-euroopa-liit","14":"first","15":"outofstock","16":"taxable","17":"shipping-taxable","18":"purchasable","19":"product-type-simple"},"_links":{"self":[{"href":"https:\/\/kasskoer.ee\/en\/wp-json\/wp\/v2\/product\/19422","targetHints":{"allow":["GET"]}}],"collection":[{"href":"https:\/\/kasskoer.ee\/en\/wp-json\/wp\/v2\/product"}],"about":[{"href":"https:\/\/kasskoer.ee\/en\/wp-json\/wp\/v2\/types\/product"}],"wp:featuredmedia":[{"embeddable":true,"href":"https:\/\/kasskoer.ee\/en\/wp-json\/wp\/v2\/media\/19423"}],"wp:attachment":[{"href":"https:\/\/kasskoer.ee\/en\/wp-json\/wp\/v2\/media?parent=19422"}],"wp:term":[{"taxonomy":"product_cat","embeddable":true,"href":"https:\/\/kasskoer.ee\/en\/wp-json\/wp\/v2\/product_cat?post=19422"},{"taxonomy":"product_tag","embeddable":true,"href":"https:\/\/kasskoer.ee\/en\/wp-json\/wp\/v2\/product_tag?post=19422"}],"curies":[{"name":"wp","href":"https:\/\/api.w.org\/{rel}","templated":true}]}}