{"id":19427,"date":"2026-04-25T03:00:12","date_gmt":"2026-04-25T00:00:12","guid":{"rendered":"https:\/\/kasskoer.ee\/product\/tropical-insect-menu-flakes-kalatoit-12g\/"},"modified":"2026-04-25T03:00:15","modified_gmt":"2026-04-25T00:00:15","slug":"tropical-insect-menu-flakes-kalatoit-12g","status":"publish","type":"product","link":"https:\/\/kasskoer.ee\/en\/toode\/tropical-insect-menu-flakes-kalatoit-12g\/","title":{"rendered":"Tropical Insect Menu Flakes kalatoit 12g"},"content":{"rendered":"<p><b>Insect Menu Flakes on mitmekomponentne putukap\u00f5hine helvestoit, mis on m\u00f5eldud k\u00f5iges\u00f6\u00f6jatele ja lihas\u00f6\u00f6jatele kaladele.<br \/><\/b>&#13;<\/p>\n<li>Putukavalk soodustab probiootiliste piimhappebakterite kasvu, mis parandab seedimist, kiirendab kalade kasvu ja tugevdab nende immuuns\u00fcsteemi.<\/li>\n<p>&#13;<\/p>\n<li>K\u00f5rge rasvasisaldus, sealhulgas oomega-3 ja oomega-6 rasvhapped, annab kaladele energiat ning toetab naha ja \u00fcldise tervise normaalset talitlust.<\/li>\n<p>&#13;<\/p>\n<li>Putukatest p\u00e4rinev kitiin aktiveerib immuunrakke, toetab soolestiku loomulikku mikrofloorat ning parandab toitainete omastamist.<\/li>\n<p>&#13;<\/p>\n<li>Ei sisalda v\u00e4rvaineid ega s\u00e4ilitusaineid.<\/li>\n<p>&#13;<br \/>\n<br \/>&#13;<br \/>\n<b>Koostis<\/b><br \/>&#13;<br \/>\nPutukad (Hermetia illucens\u2019i vastsete jahu 15%, siidiussi nukkude jahu 15%, jahumardika vastsete jahu 15%), teraviljad, taimsed valguekstraktid, vetikad, \u00f5lid ja rasvad, mineraalained.<br \/>&#13;<br \/>\n<br \/> &#13;<br \/>\n<b>Anal\u00fc\u00fctiline koostis<\/b><br \/>&#13;<br \/>\nToorvalk 45,0%, toorrasv 9,0%, toorkiud 3,5%, niiskus 8,0%.<br \/>&#13;<br \/>\n<br \/> &#13;<br \/>\n<b>S\u00f6\u00f6dalisandid (1 kg kohta)<\/b><br \/>&#13;<br \/>\nToitainelised lisandid: vitamiin A (3a672a) 39 375 R\u00dc, vitamiin D3 (3a671) 2 360 R\u00dc, vitamiin E (3a700) 150 mg, vitamiin C (3a312) 570 mg, raud (3b107) (raud(II)sulfaatmonoh\u00fcdraat) 40,5 mg, tsink (3b612) (tsinkoksiid) 11,3 mg, mangaan (3b505) (mangaan(II)oksiid) 8,4 mg, vask (3b407) (vask(II)sulfaatpentah\u00fcdraat) 2,0 mg, jood (3b201) (kaaliumjodiid) 0,24 mg.<br \/>&#13;<br \/>\nTehnoloogilised lisandid: antioks\u00fcdandid.<br \/>&#13;<br \/>\n<br \/>&#13;<br \/>\n<b>S\u00f6\u00f6tmisjuhend<\/b><br \/>&#13;<br \/>\nS\u00f6\u00f6ta mitu korda p\u00e4evas v\u00e4ikeste portsjonitena.<\/p>\n","protected":false},"excerpt":{"rendered":"<p>Mitmekomponentne putukap\u00f5hine s\u00f6\u00f6t k\u00f5ige- ja lihas\u00f6\u00f6jatele kaladele.<\/p>\n","protected":false},"featured_media":19428,"template":"","meta":[],"product_cat":[2973,3079,693],"product_tag":[],"class_list":{"0":"post-19427","1":"product","2":"type-product","3":"status-publish","4":"has-post-thumbnail","6":"product_cat-kalatoit","7":"product_cat-kalad","8":"product_cat-muud-loomad","9":"pa_brand-tropical","10":"pa_ean-3604","11":"pa_kaal-0-012","12":"pa_tootjariik-euroopa-liit","14":"first","15":"outofstock","16":"taxable","17":"shipping-taxable","18":"purchasable","19":"product-type-simple"},"_links":{"self":[{"href":"https:\/\/kasskoer.ee\/en\/wp-json\/wp\/v2\/product\/19427","targetHints":{"allow":["GET"]}}],"collection":[{"href":"https:\/\/kasskoer.ee\/en\/wp-json\/wp\/v2\/product"}],"about":[{"href":"https:\/\/kasskoer.ee\/en\/wp-json\/wp\/v2\/types\/product"}],"wp:featuredmedia":[{"embeddable":true,"href":"https:\/\/kasskoer.ee\/en\/wp-json\/wp\/v2\/media\/19428"}],"wp:attachment":[{"href":"https:\/\/kasskoer.ee\/en\/wp-json\/wp\/v2\/media?parent=19427"}],"wp:term":[{"taxonomy":"product_cat","embeddable":true,"href":"https:\/\/kasskoer.ee\/en\/wp-json\/wp\/v2\/product_cat?post=19427"},{"taxonomy":"product_tag","embeddable":true,"href":"https:\/\/kasskoer.ee\/en\/wp-json\/wp\/v2\/product_tag?post=19427"}],"curies":[{"name":"wp","href":"https:\/\/api.w.org\/{rel}","templated":true}]}}