{"id":19433,"date":"2026-04-20T03:05:08","date_gmt":"2026-04-20T00:05:08","guid":{"rendered":"https:\/\/kasskoer.ee\/product\/tropical-mini-wafers-mix-kalatoit-18g\/"},"modified":"2026-04-20T03:05:10","modified_gmt":"2026-04-20T00:05:10","slug":"tropical-mini-wafers-mix-kalatoit-18g","status":"publish","type":"product","link":"https:\/\/kasskoer.ee\/en\/toode\/tropical-mini-wafers-mix-kalatoit-18g\/","title":{"rendered":"Tropical Mini Wafers Mix kalatoit 18g"},"content":{"rendered":"<p><b>Mini Wafers Mix on mitmekomponentne vajuvate tablettide segu, mis on m\u00f5eldud igap\u00e4evaseks s\u00f6\u00f6tmiseks p\u00f5hjast toituvatele kaladele ning mage- ja merevee koorikloomadele.<br \/><\/b>&#13;<\/p>\n<li>Punased tabletid sisaldavad looduslikku astaksantiini ja beeta-gl\u00fckaani, mis on tugev immuuns\u00fcsteemi toetaja ning aitab suurendada kalade vastupanuv\u00f5imet haigustele.<\/li>\n<p>&#13;<\/p>\n<li>Rohelised tabletid sisaldavad spirulinat ja kiudaineid, mis aitavad reguleerida seedimist.<\/li>\n<p>&#13;<\/p>\n<li>Tabletid ei lagune vees, vaid s\u00e4ilitavad oma kuju ega murene leotamisel.<\/li>\n<p>&#13;<br \/>\n<br \/>&#13;<br \/>\n<b>Koostis<\/b><br \/>&#13;<br \/>\nKala ja kalatooted, taimset p\u00e4ritolu tooted, taimsed valguekstraktid, molluskid ja koorikloomad, teraviljad, vetikad (sh. Spirulina platensis 3%), p\u00e4rm (sh. beeta-1,3\/1,6-gl\u00fckaan 1000 mg\/kg), \u00f5lid ja rasvad, mineraalained.<br \/>&#13;<br \/>\n<br \/> &#13;<br \/>\n<b>Anal\u00fc\u00fctiline koostis<\/b><br \/>&#13;<br \/>\nToorvalk 48,0%, toorrasv 5,0%, toorkiud 3,0%, niiskus 10,0%.<br \/>&#13;<br \/>\n<br \/> &#13;<br \/>\n<b>S\u00f6\u00f6dalisandid (1 kg kohta)<\/b><br \/>&#13;<br \/>\nToitainelised lisandid: vitamiin A (3a672a) 28 000 R\u00dc, vitamiin D3 (3a671) 1 900 R\u00dc, vitamiin E (3a700) 160 mg, vitamiin C (3a312) 360 mg, raud (3b107) (raud(II)sulfaatmonoh\u00fcdraat) 40,5 mg, tsink (3b612) (tsinkoksiid) 11,2 mg, mangaan (3b505) (mangaan(II)oksiid) 8,4 mg, vask (3b407) (vask(II)sulfaatpentah\u00fcdraat) 2,0 mg, jood (3b201) (kaaliumjodiid) 0,2 mg.<br \/>&#13;<br \/>\nTehnoloogilised lisandid: antioks\u00fcdandid.<br \/>&#13;<br \/>\nV\u00e4rvained: astaksantiin 60 mg.<br \/>&#13;<br \/>\n<br \/>&#13;<br \/>\n<b>S\u00f6\u00f6tmisjuhend<\/b><br \/>&#13;<br \/>\nS\u00f6\u00f6ta mitu korda p\u00e4evas v\u00e4ikeste portsjonitena.<\/p>\n","protected":false},"excerpt":{"rendered":"<p>Spetsiaalne t\u00e4iss\u00f6\u00f6t p\u00f5hjast toituvatele kaladele ja koorikloomadele.<\/p>\n","protected":false},"featured_media":19434,"template":"","meta":[],"product_cat":[2973,3079,693],"product_tag":[],"class_list":{"0":"post-19433","1":"product","2":"type-product","3":"status-publish","4":"has-post-thumbnail","6":"product_cat-kalatoit","7":"product_cat-kalad","8":"product_cat-muud-loomad","9":"pa_brand-tropical","10":"pa_ean-3607","11":"pa_kaal-0-018","12":"pa_tootjariik-euroopa-liit","14":"first","15":"outofstock","16":"taxable","17":"shipping-taxable","18":"purchasable","19":"product-type-simple"},"_links":{"self":[{"href":"https:\/\/kasskoer.ee\/en\/wp-json\/wp\/v2\/product\/19433","targetHints":{"allow":["GET"]}}],"collection":[{"href":"https:\/\/kasskoer.ee\/en\/wp-json\/wp\/v2\/product"}],"about":[{"href":"https:\/\/kasskoer.ee\/en\/wp-json\/wp\/v2\/types\/product"}],"wp:featuredmedia":[{"embeddable":true,"href":"https:\/\/kasskoer.ee\/en\/wp-json\/wp\/v2\/media\/19434"}],"wp:attachment":[{"href":"https:\/\/kasskoer.ee\/en\/wp-json\/wp\/v2\/media?parent=19433"}],"wp:term":[{"taxonomy":"product_cat","embeddable":true,"href":"https:\/\/kasskoer.ee\/en\/wp-json\/wp\/v2\/product_cat?post=19433"},{"taxonomy":"product_tag","embeddable":true,"href":"https:\/\/kasskoer.ee\/en\/wp-json\/wp\/v2\/product_tag?post=19433"}],"curies":[{"name":"wp","href":"https:\/\/api.w.org\/{rel}","templated":true}]}}