{"id":19438,"date":"2026-05-02T03:00:07","date_gmt":"2026-05-02T00:00:07","guid":{"rendered":"https:\/\/kasskoer.ee\/product\/freedog-fortress-beez-ronimispuu-50x50x181cm\/"},"modified":"2026-05-02T03:00:10","modified_gmt":"2026-05-02T00:00:10","slug":"freecat-fortress-beez-ronimispuu-50x50x181cm","status":"publish","type":"product","link":"https:\/\/kasskoer.ee\/en\/toode\/freecat-fortress-beez-ronimispuu-50x50x181cm\/","title":{"rendered":"Freecat Fortress bee\u017e ronimispuu 50x50x181cm"},"content":{"rendered":"<p><b>Freecat Fortress on vastupidav ja kvaliteetne kasside ronimispuu, milles on \u00fches kompaktses ja stabiilses lahenduses \u00fchendatud puhke-, m\u00e4ngu- ja kraapimisv\u00f5imalused.<\/b>&#13;<\/p>\n<li>Ronimispuul on k\u00f5rge lamamisase, kinnised majakesed, erinevad platvormid, kraapimispostid ning rippuv pesake.<\/li>\n<p>&#13;<\/p>\n<li>Pakub kassile meelelahutust, liikumisv\u00f5imalust ja hubast puhkekohta.<\/li>\n<p>&#13;<\/p>\n<li>Elegantne, kompaktne ja stabiilne konstruktsioon.<\/li>\n<p>&#13;<br \/>\n<br \/>&#13;<br \/>\n<b>M\u00f5\u00f5dud:<\/b> 50 x 50 x 181 cm<\/p>\n","protected":false},"excerpt":{"rendered":"<p>Mitmefunktsiooniline ronimispuu , mis sobib suurep\u00e4raselt uudishimulikele ja aktiivsetele kassidele.<\/p>\n","protected":false},"featured_media":19439,"template":"","meta":[],"product_cat":[1322],"product_tag":[],"class_list":{"0":"post-19438","1":"product","2":"type-product","3":"status-publish","4":"has-post-thumbnail","6":"product_cat-kasside-ronimispuud-ja-kraapimislauad","7":"pa_brand-freecat","8":"pa_ean-3610","9":"pa_kaal-26-400","10":"pa_tootjariik-hiina","12":"first","13":"instock","14":"taxable","15":"shipping-taxable","16":"purchasable","17":"product-type-simple"},"_links":{"self":[{"href":"https:\/\/kasskoer.ee\/en\/wp-json\/wp\/v2\/product\/19438","targetHints":{"allow":["GET"]}}],"collection":[{"href":"https:\/\/kasskoer.ee\/en\/wp-json\/wp\/v2\/product"}],"about":[{"href":"https:\/\/kasskoer.ee\/en\/wp-json\/wp\/v2\/types\/product"}],"wp:featuredmedia":[{"embeddable":true,"href":"https:\/\/kasskoer.ee\/en\/wp-json\/wp\/v2\/media\/19439"}],"wp:attachment":[{"href":"https:\/\/kasskoer.ee\/en\/wp-json\/wp\/v2\/media?parent=19438"}],"wp:term":[{"taxonomy":"product_cat","embeddable":true,"href":"https:\/\/kasskoer.ee\/en\/wp-json\/wp\/v2\/product_cat?post=19438"},{"taxonomy":"product_tag","embeddable":true,"href":"https:\/\/kasskoer.ee\/en\/wp-json\/wp\/v2\/product_tag?post=19438"}],"curies":[{"name":"wp","href":"https:\/\/api.w.org\/{rel}","templated":true}]}}