{"id":19442,"date":"2026-05-02T03:00:07","date_gmt":"2026-05-02T00:00:07","guid":{"rendered":"https:\/\/kasskoer.ee\/product\/freedog-zenpear-pruun-ronimispuu-60x60x105cm\/"},"modified":"2026-05-02T03:00:10","modified_gmt":"2026-05-02T00:00:10","slug":"freecat-zenpear-pruun-ronimispuu-60x60x105cm","status":"publish","type":"product","link":"https:\/\/kasskoer.ee\/en\/toode\/freecat-zenpear-pruun-ronimispuu-60x60x105cm\/","title":{"rendered":"Freecat Zenpear pruun ronimispuu 60x60x105cm"},"content":{"rendered":"<p><b>Freecat Zenpear on vastupidav ja kvaliteetne loodusliku stiiliga kasside ronimispuu, mis pakub mitmek\u00fclgseid v\u00f5imalusi ronimiseks, puhkamiseks ja m\u00e4ngimiseks.<\/b>&#13;<\/p>\n<li>Stabiilne konstruktsioon tagab turvalisuse ka energilise kasutamise korral.<\/li>\n<p>&#13;<\/p>\n<li>Pakub kassile meelelahutust, liikumisv\u00f5imalust ja hubast puhkekohta.<\/li>\n<p>&#13;<\/p>\n<li>Naturaalne disain ehtsa puut\u00fcvega, pehme vaibakattega platvormid ning rippuv pall m\u00e4ngimiseks.<\/li>\n<p>&#13;<br \/>\n<br \/>&#13;<br \/>\n<b>M\u00f5\u00f5dud:<\/b> 60 x 60 x 105 cm<\/p>\n","protected":false},"excerpt":{"rendered":"<p>Loodusliku stiiliga ronimispuu, mis sobib suurep\u00e4raselt aktiivsetele kassidele.<\/p>\n","protected":false},"featured_media":19443,"template":"","meta":[],"product_cat":[1322],"product_tag":[],"class_list":{"0":"post-19442","1":"product","2":"type-product","3":"status-publish","4":"has-post-thumbnail","6":"product_cat-kasside-ronimispuud-ja-kraapimislauad","7":"pa_brand-freecat","8":"pa_ean-3612","9":"pa_kaal-14-200","10":"pa_tootjariik-hiina","12":"first","13":"instock","14":"taxable","15":"shipping-taxable","16":"purchasable","17":"product-type-simple"},"_links":{"self":[{"href":"https:\/\/kasskoer.ee\/en\/wp-json\/wp\/v2\/product\/19442","targetHints":{"allow":["GET"]}}],"collection":[{"href":"https:\/\/kasskoer.ee\/en\/wp-json\/wp\/v2\/product"}],"about":[{"href":"https:\/\/kasskoer.ee\/en\/wp-json\/wp\/v2\/types\/product"}],"wp:featuredmedia":[{"embeddable":true,"href":"https:\/\/kasskoer.ee\/en\/wp-json\/wp\/v2\/media\/19443"}],"wp:attachment":[{"href":"https:\/\/kasskoer.ee\/en\/wp-json\/wp\/v2\/media?parent=19442"}],"wp:term":[{"taxonomy":"product_cat","embeddable":true,"href":"https:\/\/kasskoer.ee\/en\/wp-json\/wp\/v2\/product_cat?post=19442"},{"taxonomy":"product_tag","embeddable":true,"href":"https:\/\/kasskoer.ee\/en\/wp-json\/wp\/v2\/product_tag?post=19442"}],"curies":[{"name":"wp","href":"https:\/\/api.w.org\/{rel}","templated":true}]}}