{"id":19451,"date":"2026-04-27T03:00:44","date_gmt":"2026-04-27T00:00:44","guid":{"rendered":"https:\/\/kasskoer.ee\/product\/tropical-supervit-granulat-kalatoit-55g-100ml\/"},"modified":"2026-04-27T03:00:46","modified_gmt":"2026-04-27T00:00:46","slug":"tropical-supervit-granulat-kalatoit-55g-100ml","status":"publish","type":"product","link":"https:\/\/kasskoer.ee\/en\/toode\/tropical-supervit-granulat-kalatoit-55g-100ml\/","title":{"rendered":"Tropical Supervit Granulat kalatoit 55g \/ 100ml"},"content":{"rendered":"<p><b>Supervit Granulat on mitmekomponentne granuleeritud t\u00e4iss\u00f6\u00f6t, mis on m\u00f5eldud enamiku k\u00f5iges\u00f6\u00f6jate akvaariumikalade igap\u00e4evaseks toitmiseks.<\/b>&#13;<\/p>\n<li>Toit sobib eriti h\u00e4sti kaladele, kes toituvad veekihi keskosas v\u00f5i p\u00f5hjas.<\/li>\n<p>&#13;<\/p>\n<li>Toidu mitmekesine koostis tagab kaladele vajaliku energia ning tasakaalustatud toitumise.<\/li>\n<p>&#13;<\/p>\n<li>Beeta-gl\u00fckaan ja stabiliseeritud C-vitamiin toetavad kalade immuuns\u00fcsteemi ning aitavad parandada nende vastupanuv\u00f5imet haigustekitajatele.<\/li>\n<p>&#13;<\/p>\n<li>Tselluloos ja kitiin parandavad seedimist ja aitavad v\u00e4ltida k\u00f5hukinnisust, karotenoidid tugevdavad v\u00e4rvust ja letsitiin t\u00f5stab vitaalsust ning aitab stimuleerida sigimist.<\/li>\n<p>&#13;<br \/>\n<br \/>&#13;<br \/>\n<b>Koostis<\/b><br \/>&#13;<br \/>\nKala ja kalasaadused, taimset p\u00e4ritolu derivaadid (sh punase pipra ekstrakt 2 000 mg\/kg), taimsed valguekstraktid, molluskid ja koorikloomad, teraviljad, vetikad, p\u00e4rmid (sh beeta-1,3\/1,6-gl\u00fckaan 1 000 mg\/kg), \u00f5lid ja rasvad, mineraalained.<br \/>&#13;<br \/>\n<br \/>&#13;<br \/>\n<b>Anal\u00fc\u00fctiline koostis<\/b><br \/>&#13;<br \/>\nToorvalk 48,0%, toorrasv 8,0%, toorkiud 3,0%, niiskus 10,0%.<br \/>&#13;<br \/>\n<br \/>&#13;<br \/>\n<b>S\u00f6\u00f6dalisandid (1 kg kohta)<\/b><br \/>&#13;<br \/>\nToitainelised lisandid: vitamiin A (3a672a) 29 800 R\u00dc, vitamiin D3 (3a671) 1 890 R\u00dc, vitamiin E (3a700) 100 mg, vitamiin C (3a312) 500 mg, raud (3b107) (raud(II)sulfaatmonoh\u00fcdraat) 37,8 mg, tsink (3b612) (tsinkoksiid) 10,5 mg, mangaan (3b505) (mangaan(II)oksiid) 7,8 mg, vask (3b407) (vask(II)sulfaatpentah\u00fcdraat) 1,7 mg, jood (3b201) (kaaliumjodiid) 0,23 mg.<br \/>&#13;<br \/>\nV\u00e4rvained.<br \/>&#13;<br \/>\nTehnoloogilised lisandid: letsitiin, antioks\u00fcdandid.<br \/>&#13;<br \/>\n<br \/>&#13;<br \/>\n<b>S\u00f6\u00f6tmisjuhend<\/b><br \/>&#13;<br \/>\nS\u00f6\u00f6ta mitu korda p\u00e4evas v\u00e4ikeste portsjonitena.<\/p>\n","protected":false},"excerpt":{"rendered":"<p>Granuleeritud t\u00e4iss\u00f6\u00f6t k\u00f5ikide akvaariumikalade igap\u00e4evaseks toitmiseks.<\/p>\n","protected":false},"featured_media":19452,"template":"","meta":[],"product_cat":[2973,3079,693],"product_tag":[],"class_list":{"0":"post-19451","1":"product","2":"type-product","3":"status-publish","4":"has-post-thumbnail","6":"product_cat-kalatoit","7":"product_cat-kalad","8":"product_cat-muud-loomad","9":"pa_brand-tropical","10":"pa_ean-3615","11":"pa_kaal-0-055","12":"pa_tootjariik-euroopa-liit","14":"first","15":"instock","16":"taxable","17":"shipping-taxable","18":"purchasable","19":"product-type-simple"},"_links":{"self":[{"href":"https:\/\/kasskoer.ee\/en\/wp-json\/wp\/v2\/product\/19451","targetHints":{"allow":["GET"]}}],"collection":[{"href":"https:\/\/kasskoer.ee\/en\/wp-json\/wp\/v2\/product"}],"about":[{"href":"https:\/\/kasskoer.ee\/en\/wp-json\/wp\/v2\/types\/product"}],"wp:featuredmedia":[{"embeddable":true,"href":"https:\/\/kasskoer.ee\/en\/wp-json\/wp\/v2\/media\/19452"}],"wp:attachment":[{"href":"https:\/\/kasskoer.ee\/en\/wp-json\/wp\/v2\/media?parent=19451"}],"wp:term":[{"taxonomy":"product_cat","embeddable":true,"href":"https:\/\/kasskoer.ee\/en\/wp-json\/wp\/v2\/product_cat?post=19451"},{"taxonomy":"product_tag","embeddable":true,"href":"https:\/\/kasskoer.ee\/en\/wp-json\/wp\/v2\/product_tag?post=19451"}],"curies":[{"name":"wp","href":"https:\/\/api.w.org\/{rel}","templated":true}]}}