{"id":19456,"date":"2026-05-02T03:00:07","date_gmt":"2026-05-02T00:00:07","guid":{"rendered":"https:\/\/kasskoer.ee\/product\/freecat-catclimber-beez-ronimispuu-40x35x113cm\/"},"modified":"2026-05-02T03:00:10","modified_gmt":"2026-05-02T00:00:10","slug":"freecat-catclimber-beez-ronimispuu-40x35x113cm","status":"publish","type":"product","link":"https:\/\/kasskoer.ee\/en\/toode\/freecat-catclimber-beez-ronimispuu-40x35x113cm\/","title":{"rendered":"Freecat Catclimber bee\u017e ronimispuu 40x35x113cm"},"content":{"rendered":"<p><b>Freecat Catclimber on vastupidav ja kvaliteetne kasside ronimispuu, milles on \u00fches kompaktses ja stiilses lahenduses \u00fchendatud puhke-, m\u00e4ngu- ja kraapimisv\u00f5imalused.<\/b>&#13;<\/p>\n<li>Ronimispuul on mitu tasapinda, sisalk\u00f6iega kaetud kraapimispostid, k\u00f5rgemal paiknev lamamisase, hubane majake ning rippuv pesake, mis pakuvad kassile erinevaid v\u00f5imalusi puhkamiseks ja m\u00e4ngimiseks.<\/li>\n<p>&#13;<\/p>\n<li>Pehme bee\u017e kate sobitub h\u00e4sti igasse kodusesse interj\u00f6\u00f6ri ning loob kassile mugava ja turvalise keskkonna.<\/li>\n<p>&#13;<br \/>\n<br \/>&#13;<br \/>\n<b>M\u00f5\u00f5dud:<\/b> 40 x 35 x 113 cm<\/p>\n","protected":false},"excerpt":{"rendered":"<p>Mitmefunktsiooniline ronimispuu , mis sobib suurep\u00e4raselt uudishimulikele ja aktiivsetele kassidele.<\/p>\n","protected":false},"featured_media":19457,"template":"","meta":[],"product_cat":[1322],"product_tag":[],"class_list":{"0":"post-19456","1":"product","2":"type-product","3":"status-publish","4":"has-post-thumbnail","6":"product_cat-kasside-ronimispuud-ja-kraapimislauad","7":"pa_brand-freecat","8":"pa_ean-3616","9":"pa_kaal-10-200","10":"pa_tootjariik-hiina","12":"first","13":"instock","14":"taxable","15":"shipping-taxable","16":"purchasable","17":"product-type-simple"},"_links":{"self":[{"href":"https:\/\/kasskoer.ee\/en\/wp-json\/wp\/v2\/product\/19456","targetHints":{"allow":["GET"]}}],"collection":[{"href":"https:\/\/kasskoer.ee\/en\/wp-json\/wp\/v2\/product"}],"about":[{"href":"https:\/\/kasskoer.ee\/en\/wp-json\/wp\/v2\/types\/product"}],"wp:featuredmedia":[{"embeddable":true,"href":"https:\/\/kasskoer.ee\/en\/wp-json\/wp\/v2\/media\/19457"}],"wp:attachment":[{"href":"https:\/\/kasskoer.ee\/en\/wp-json\/wp\/v2\/media?parent=19456"}],"wp:term":[{"taxonomy":"product_cat","embeddable":true,"href":"https:\/\/kasskoer.ee\/en\/wp-json\/wp\/v2\/product_cat?post=19456"},{"taxonomy":"product_tag","embeddable":true,"href":"https:\/\/kasskoer.ee\/en\/wp-json\/wp\/v2\/product_tag?post=19456"}],"curies":[{"name":"wp","href":"https:\/\/api.w.org\/{rel}","templated":true}]}}