{"id":19460,"date":"2026-05-02T03:00:07","date_gmt":"2026-05-02T00:00:07","guid":{"rendered":"https:\/\/kasskoer.ee\/product\/freecat-atlas-hall-ronimispuu-49x49x1345cm\/"},"modified":"2026-05-02T03:00:10","modified_gmt":"2026-05-02T00:00:10","slug":"freecat-atlas-hall-ronimispuu-49x49x1345cm","status":"publish","type":"product","link":"https:\/\/kasskoer.ee\/en\/toode\/freecat-atlas-hall-ronimispuu-49x49x1345cm\/","title":{"rendered":"Freecat Atlas hall ronimispuu 49x49x134,5cm"},"content":{"rendered":"<p><b>Freecat Atlas on vastupidav ja kvaliteetne kasside ronimispuu, milles on \u00fches kompaktses ja stabiilses lahenduses \u00fchendatud puhke-, m\u00e4ngu- ja kraapimisv\u00f5imalused.<\/b>&#13;<\/p>\n<li>Ronimispuul on mitu tasapinda ja platvormi ning kaks pehme sisuga majakest, mis sobivad ideaalselt puhkamiseks.<\/li>\n<p>&#13;<\/p>\n<li>Sisalk\u00f6iega kaetud postid pakuvad kassile loomulikku kraapimispinda ning rippuvad m\u00e4nguasjad stimuleerivad m\u00e4nguinstinkti ja hoiavad kassi aktiivsena.<\/li>\n<p>&#13;<\/p>\n<li>Stabiilne konstruktsioon ja pehme polsterdus pakuvad kassile mugavust, meelelahutust ja liikumisv\u00f5imalust.<\/li>\n<p>&#13;<br \/>\n<br \/>&#13;<br \/>\n<b>M\u00f5\u00f5dud:<\/b> 49 x 49 x 134,5 cm<\/p>\n","protected":false},"excerpt":{"rendered":"<p>Mitmefunktsiooniline ronimispuu , mis sobib suurep\u00e4raselt uudishimulikele ja aktiivsetele kassidele.<\/p>\n","protected":false},"featured_media":19461,"template":"","meta":[],"product_cat":[1322],"product_tag":[],"class_list":{"0":"post-19460","1":"product","2":"type-product","3":"status-publish","4":"has-post-thumbnail","6":"product_cat-kasside-ronimispuud-ja-kraapimislauad","7":"pa_brand-freecat","8":"pa_ean-3618","9":"pa_kaal-14-000","10":"pa_tootjariik-hiina","12":"first","13":"outofstock","14":"taxable","15":"shipping-taxable","16":"purchasable","17":"product-type-simple"},"_links":{"self":[{"href":"https:\/\/kasskoer.ee\/en\/wp-json\/wp\/v2\/product\/19460","targetHints":{"allow":["GET"]}}],"collection":[{"href":"https:\/\/kasskoer.ee\/en\/wp-json\/wp\/v2\/product"}],"about":[{"href":"https:\/\/kasskoer.ee\/en\/wp-json\/wp\/v2\/types\/product"}],"wp:featuredmedia":[{"embeddable":true,"href":"https:\/\/kasskoer.ee\/en\/wp-json\/wp\/v2\/media\/19461"}],"wp:attachment":[{"href":"https:\/\/kasskoer.ee\/en\/wp-json\/wp\/v2\/media?parent=19460"}],"wp:term":[{"taxonomy":"product_cat","embeddable":true,"href":"https:\/\/kasskoer.ee\/en\/wp-json\/wp\/v2\/product_cat?post=19460"},{"taxonomy":"product_tag","embeddable":true,"href":"https:\/\/kasskoer.ee\/en\/wp-json\/wp\/v2\/product_tag?post=19460"}],"curies":[{"name":"wp","href":"https:\/\/api.w.org\/{rel}","templated":true}]}}