{"id":19548,"date":"2026-04-20T03:05:38","date_gmt":"2026-04-20T00:05:38","guid":{"rendered":"https:\/\/kasskoer.ee\/product\/koerustukk-kuivatatud-pulli-peenis-koerale-12cm-2tk\/"},"modified":"2026-04-20T03:05:41","modified_gmt":"2026-04-20T00:05:41","slug":"koerustukk-kuivatatud-pulli-peenis-koerale-12cm-2tk","status":"publish","type":"product","link":"https:\/\/kasskoer.ee\/en\/toode\/koerustukk-kuivatatud-pulli-peenis-koerale-12cm-2tk\/","title":{"rendered":"Koerust\u00fckk kuivatatud pulli peenis koerale 12cm 2tk"},"content":{"rendered":"<p><b>Koerust\u00fckk kuivatatud pulli peenis &#8211; naturaalne s\u00f6\u00f6damaterjal koertele.<\/b>&#13;<\/p>\n<li>Suurep\u00e4rane valik koera loomuliku n\u00e4rimisvajaduse rahuldamiseks.<\/li>\n<p>&#13;<\/p>\n<li>Kerge ja maitsev naturaalne maius aitab hoida koera tegevuses, samal ajal v\u00e4hendades hambakattu ning toetades suu tervist.<\/li>\n<p>&#13;<\/p>\n<li>Sobib h\u00e4sti igap\u00e4evaseks preemiaks v\u00f5i vahepalaks.<\/li>\n<p>&#13;<\/p>\n<li>100% naturaalne &#8211; ei sisalda s\u00e4ilitusaineid ega kunstlikke l\u00f5hna- ja v\u00e4rvaineid.<\/li>\n<p>&#13;<br \/>\n<br \/>&#13;<br \/>\n<b>Koostis<\/b><br \/>&#13;<br \/>\n100% naturaalne pulli peenis.<br \/>&#13;<br \/>\n<br \/>&#13;<br \/>\n<b>Anal\u00fc\u00fctilised koostisosad<\/b><br \/>&#13;<br \/>\nToorvalk 63,9%, toorrasv 3,5%, niiskus 10,3%, toortuhk 0,88%, toorkiud 3,9%.<br \/>&#13;<br \/>\n<br \/>&#13;<br \/>\n<b>S\u00f6\u00f6tmisjuhend<\/b><br \/>&#13;<br \/>\nAndke maiust vastavalt koera suurusele. Tagage koerale alati v\u00e4rske vee olemasolu.<\/p>\n","protected":false},"excerpt":{"rendered":"<p>100% naturaalne kuivatatud maius lemmikule.<\/p>\n","protected":false},"featured_media":19549,"template":"","meta":[],"product_cat":[1317,688],"product_tag":[],"class_list":{"0":"post-19548","1":"product","2":"type-product","3":"status-publish","4":"has-post-thumbnail","6":"product_cat-koerte-narimismaiused","7":"product_cat-koerad","8":"pa_brand-koerustukk","9":"pa_ean-3645","10":"pa_kaal-0-040","11":"pa_tootjariik-euroopa-liit","13":"first","14":"instock","15":"taxable","16":"shipping-taxable","17":"purchasable","18":"product-type-simple"},"_links":{"self":[{"href":"https:\/\/kasskoer.ee\/en\/wp-json\/wp\/v2\/product\/19548","targetHints":{"allow":["GET"]}}],"collection":[{"href":"https:\/\/kasskoer.ee\/en\/wp-json\/wp\/v2\/product"}],"about":[{"href":"https:\/\/kasskoer.ee\/en\/wp-json\/wp\/v2\/types\/product"}],"wp:featuredmedia":[{"embeddable":true,"href":"https:\/\/kasskoer.ee\/en\/wp-json\/wp\/v2\/media\/19549"}],"wp:attachment":[{"href":"https:\/\/kasskoer.ee\/en\/wp-json\/wp\/v2\/media?parent=19548"}],"wp:term":[{"taxonomy":"product_cat","embeddable":true,"href":"https:\/\/kasskoer.ee\/en\/wp-json\/wp\/v2\/product_cat?post=19548"},{"taxonomy":"product_tag","embeddable":true,"href":"https:\/\/kasskoer.ee\/en\/wp-json\/wp\/v2\/product_tag?post=19548"}],"curies":[{"name":"wp","href":"https:\/\/api.w.org\/{rel}","templated":true}]}}