{"id":19553,"date":"2026-04-20T03:05:02","date_gmt":"2026-04-20T00:05:02","guid":{"rendered":"https:\/\/kasskoer.ee\/product\/kudo-lamb-rice-mini-junior-kulmpressitud-koeratoit-3kg\/"},"modified":"2026-04-20T03:05:03","modified_gmt":"2026-04-20T00:05:03","slug":"kudo-lamb-rice-mini-junior-kulmpressitud-koeratoit-3kg","status":"publish","type":"product","link":"https:\/\/kasskoer.ee\/en\/toode\/kudo-lamb-rice-mini-junior-kulmpressitud-koeratoit-3kg\/","title":{"rendered":"Kudo Lamb &#038; Rice Mini Junior k\u00fclmpressitud koeratoit 3kg"},"content":{"rendered":"<p><b>Kudo Lamb &#038; Rice k\u00fclmpressitud t\u00e4iss\u00f6\u00f6t v\u00e4ikest t\u00f5ugu kutsikatele.<\/b>&#13;<\/p>\n<li>Looduslikule toitumisele k\u00f5ige l\u00e4hedasem kuivtoit.<\/li>\n<p>&#13;<\/p>\n<li>K\u00f5rge kiudainesisaldus tagab parema seedimise, samas kui k\u00fclmpressimise tehnoloogia s\u00e4ilitab k\u00f5ik toitained ning toob esile maitsed, mida koerad armastavad.<\/li>\n<p>&#13;<\/p>\n<li>K\u00fclmpressitud graanulid ei paisu vaid lahustuvad k\u00f5hus kiiresti.<\/li>\n<p>&#13;<\/p>\n<li>Kergem seedimine = parem imendumine = tugevam immuunsus = tervem lemmik.<\/li>\n<p>&#13;<\/p>\n<li>Optimaalne kogus k\u00f5rvitsat toetab vajalike vitamiinide ja mineraalainete omastamist (ning ei m\u00f5juta valge karvkattega t\u00f5ugude karvav\u00e4rvi).<\/li>\n<p>&#13;<\/p>\n<li>Looduslik antioks\u00fcdantide allikas puuviljadest, k\u00f6\u00f6giviljadest ja \u00fcrtidest.<\/li>\n<p>&#13;<\/p>\n<li>Ei sisalda v\u00e4rvaineid ja GMO-sid.<\/li>\n<p>&#13;<br \/>\n<br \/>&#13;<br \/>\n<b>Koostis<\/b><br \/>&#13;<br \/>\nDeh\u00fcdreeritud lambaliha (34%), kuivatatud bataat, kuivatatud kartul, veiserasv (15%), riisijahu (8%), lambamaks (5%), kaerahelbed (4%), kuivatatud k\u00f5rvits (2%), deh\u00fcdreeritud lambamaks (2%), maisihelbed, kuivatatud porgand (1,2%), linaseemned, siguriekstrakt, kuivatatud \u00fcrdid, beetagl\u00fckaanid, vitamiinide ja mineraalide segu.<br \/>&#13;<br \/>\n<br \/>&#13;<br \/>\n<b>Anal\u00fc\u00fctilised koostisosad<\/b><br \/>&#13;<br \/>\nToorvalk 26%, toorrasv 14%, toorkiud 3,4%, toortuhk 6,8%, niiskus (maksimum) 10%, kaltsium 1,3%, fosfor 0,95%, naatrium 0,15%.<br \/>&#13;<br \/>\n<br \/>&#13;<br \/>\n<b>S\u00f6\u00f6dalisandid (kg kohta)<\/b><br \/>&#13;<br \/>\nToitainelised lisandid: A-vitamiin (3a672a) 19064 R\u00dc, D3-vitamiin (3a671) 1906 R\u00dc, E-vitamiin (3a700) 190,3 mg, B1-vitamiin (3a821) 5,60 mg, B2 (3a825i) 9,9 mg, B6 (3a831) 7,59 mg, B12 (3a835) 0,077 mg, C (3a300) 133,1 mg, niatsiin (3a314) 47,4 mg, kaltsium-D-pantotenaat (3a841) 19,6 mg, foolhape (3a316) 0,76 mg, biotiin (3a880) 0,47 mg, jood (3b203) 4,50 mg, seleen (3b802) 0,38 mg, raud (3b103) 111,1 mg, vask (3b405) 13,3 mg, tsink (3b603) 142 mg, mangaan (3b502) 13,3 mg, koliini kloriid (3a890) 2059 mg. Tehnoloogilised lisandid: taime\u00f5list saadud tokoferooli ekstraktid.<br \/>&#13;<br \/>\n<br \/>&#13;<br \/>\n<b>Metaboliseeruv energia<\/b><br \/>&#13;<br \/>\n4100 kcal\/kg<br \/>&#13;<br \/>\n<br \/>&#13;<br \/>\n<b>S\u00f6\u00f6tmisjuhend<\/b><br \/> &#13;<br \/>\nS\u00f6\u00f6ta vastavalt pakendil oleva tabeli j\u00e4rgi. Joogivesi peab alati k\u00e4ttesaadav olema. P\u00e4rast kasutamist sulgege pakend kindlalt. Hoida jahedas ja kuivas kohas.<\/p>\n","protected":false},"excerpt":{"rendered":"<p>K\u00fclmpressitud t\u00e4isv\u00e4\u00e4rtuslik kuivtoit v\u00e4ikest t\u00f5ugu kutsikatele.<\/p>\n","protected":false},"featured_media":19554,"template":"","meta":[],"product_cat":[688,64],"product_tag":[],"class_list":{"0":"post-19553","1":"product","2":"type-product","3":"status-publish","4":"has-post-thumbnail","6":"product_cat-koerad","7":"product_cat-koeratoit","8":"pa_brand-kudo","9":"pa_ean-3646","10":"pa_kaal-3-000","11":"pa_tootjariik-serbia","13":"first","14":"instock","15":"taxable","16":"shipping-taxable","17":"purchasable","18":"product-type-simple"},"_links":{"self":[{"href":"https:\/\/kasskoer.ee\/en\/wp-json\/wp\/v2\/product\/19553","targetHints":{"allow":["GET"]}}],"collection":[{"href":"https:\/\/kasskoer.ee\/en\/wp-json\/wp\/v2\/product"}],"about":[{"href":"https:\/\/kasskoer.ee\/en\/wp-json\/wp\/v2\/types\/product"}],"wp:featuredmedia":[{"embeddable":true,"href":"https:\/\/kasskoer.ee\/en\/wp-json\/wp\/v2\/media\/19554"}],"wp:attachment":[{"href":"https:\/\/kasskoer.ee\/en\/wp-json\/wp\/v2\/media?parent=19553"}],"wp:term":[{"taxonomy":"product_cat","embeddable":true,"href":"https:\/\/kasskoer.ee\/en\/wp-json\/wp\/v2\/product_cat?post=19553"},{"taxonomy":"product_tag","embeddable":true,"href":"https:\/\/kasskoer.ee\/en\/wp-json\/wp\/v2\/product_tag?post=19553"}],"curies":[{"name":"wp","href":"https:\/\/api.w.org\/{rel}","templated":true}]}}