{"id":19559,"date":"2026-04-20T03:05:02","date_gmt":"2026-04-20T00:05:02","guid":{"rendered":"https:\/\/kasskoer.ee\/product\/brit-fresh-for-cats-exceptional-kassiliiv-5kg\/"},"modified":"2026-04-20T03:05:02","modified_gmt":"2026-04-20T00:05:02","slug":"brit-fresh-for-cats-exceptional-kassiliiv-5kg","status":"publish","type":"product","link":"https:\/\/kasskoer.ee\/en\/toode\/brit-fresh-for-cats-exceptional-kassiliiv-5kg\/","title":{"rendered":"Brit Fresh for Cats Exceptional kassiliiv 5kg"},"content":{"rendered":"<p><b>Brit Fresh for Cats Exceptional on kassi tundlikele k\u00e4ppadele suurep\u00e4raselt sobiv ultrabentoniidist paakuv liiv.<\/b><br \/>&#13;<\/p>\n<li>Ultrapeene bentoniit on t\u00e4nu oma peenele struktuurile ja v\u00e4ikestele 0,5\u20133 mm l\u00e4bim\u00f5\u00f5duga osakestele kasside jaoks meeldiv ja ligit\u00f5mbav.<\/li>\n<p>&#13;<\/p>\n<li>Peened osakesed on kassi tundlikele k\u00e4ppadele ideaalsed ning need loovad t\u00e4iesti tolmuvaba ja loomuliku keskkonna igap\u00e4evaste vajaduste rahuldamiseks.<\/li>\n<p>&#13;<\/p>\n<li>Bentoniit t\u00f5mbab t\u00e4nu oma suurep\u00e4rasele imavusele vedeliku ja ebameeldiva l\u00f5hna 100% endasse.<\/li>\n<p>&#13;<\/p>\n<li>V\u00f5rratu imavus ja vedeliku klompidesse sidumine takistab bakterite vohamist.<\/li>\n<p>&#13;<\/p>\n<li>\u00c4rge unustage, et bentoniit on t\u00e4iesti naturaalne materjal, mis s\u00e4\u00e4stab keskkonda.<\/li>\n<p>&#13;<br \/>\n<br \/>&#13;<br \/>\n<b>Kasutamine<\/b><br \/>&#13;<br \/>\n&#13;<br \/>\n1. T\u00e4itke kassi liivakast 7cm paksuse kihi kassiliivaga.<br \/>&#13;<br \/>\n2. Peale kassi tualetis k\u00e4iku moodustub niiskust ja l\u00f5hnu neelav klomp.<br \/>&#13;<br \/>\n3. Eemaldage kord v\u00f5i kaks p\u00e4evas klombid ja v\u00e4ljaheited ning lisage kassiliiva.<br \/>&#13;<br \/>\n4. Moodustunud klombid visake pr\u00fcgisse v\u00f5i komposti.<br \/>&#13;<br \/>\n5. T\u00e4iusliku h\u00fcgieeni s\u00e4ilitamiseks on soovitatav vahetada korra n\u00e4dalas v\u00e4lja kogu liiv.<br \/>&#13;<br \/>\n<br \/>&#13;<br \/>\nN\u00e4pun\u00e4ide: teie kass harjub liivaga paremini, kui asetate liivakasti ette meeldiva riidest vaiba. See annab kassile v\u00f5imaluse puhastada oma k\u00e4ppasid ning muuta tema jaoks toimingud v\u00f5imalikult m\u00f5nusaks.<\/p>\n","protected":false},"excerpt":{"rendered":"<p>Brit ultrabentoniidist paakuv kassiliiv.<\/p>\n","protected":false},"featured_media":19844,"template":"","meta":[],"product_cat":[689,565],"product_tag":[],"class_list":{"0":"post-19559","1":"product","2":"type-product","3":"status-publish","4":"has-post-thumbnail","6":"product_cat-kassid","7":"product_cat-kassiliivad","8":"pa_brand-brit","9":"pa_ean-3730","10":"pa_kaal-5-000","11":"pa_tootjariik-euroopa-liit","13":"first","14":"instock","15":"taxable","16":"shipping-taxable","17":"purchasable","18":"product-type-simple"},"_links":{"self":[{"href":"https:\/\/kasskoer.ee\/en\/wp-json\/wp\/v2\/product\/19559","targetHints":{"allow":["GET"]}}],"collection":[{"href":"https:\/\/kasskoer.ee\/en\/wp-json\/wp\/v2\/product"}],"about":[{"href":"https:\/\/kasskoer.ee\/en\/wp-json\/wp\/v2\/types\/product"}],"wp:featuredmedia":[{"embeddable":true,"href":"https:\/\/kasskoer.ee\/en\/wp-json\/wp\/v2\/media\/19844"}],"wp:attachment":[{"href":"https:\/\/kasskoer.ee\/en\/wp-json\/wp\/v2\/media?parent=19559"}],"wp:term":[{"taxonomy":"product_cat","embeddable":true,"href":"https:\/\/kasskoer.ee\/en\/wp-json\/wp\/v2\/product_cat?post=19559"},{"taxonomy":"product_tag","embeddable":true,"href":"https:\/\/kasskoer.ee\/en\/wp-json\/wp\/v2\/product_tag?post=19559"}],"curies":[{"name":"wp","href":"https:\/\/api.w.org\/{rel}","templated":true}]}}