{"id":19565,"date":"2026-04-20T03:05:02","date_gmt":"2026-04-20T00:05:02","guid":{"rendered":"https:\/\/kasskoer.ee\/product\/flamingo-amedeo-hall-ronimispuu-104x57x140cm\/"},"modified":"2026-04-20T03:05:05","modified_gmt":"2026-04-20T00:05:05","slug":"flamingo-amedeo-hall-ronimispuu-104x57x140cm","status":"publish","type":"product","link":"https:\/\/kasskoer.ee\/en\/toode\/flamingo-amedeo-hall-ronimispuu-104x57x140cm\/","title":{"rendered":"Flamingo Amedeo hall ronimispuu 104x57x140cm"},"content":{"rendered":"<p><b>Flamingo Amedeo pakub kassidele ideaalset keskkonda nii puhkamiseks kui ka aktiivseks m\u00e4ngimiseks. Sobib \u00fchele v\u00f5i mitmele kassile, pakkudes rohkelt tegevust ja mugavaid puhkealasid.<\/b>&#13;<\/p>\n<li>Kraapimine on kassidele loomulik instinkt, mis aitab hoida k\u00fc\u00fcned heas seisukorras. Flamingo Amedeo kraapimispuu pakub selleks lausa seitse sobivat kohta, aidates kaitsta sinu m\u00f6\u00f6blit kahjustuste eest.<\/li>\n<p>&#13;<\/p>\n<li>Kompleksi k\u00f5ik \u00fclej\u00e4\u00e4nud pinnad on kaetud pehme plushmaterjaliga, mis tagab kassile maksimaalse mugavuse nii puhkamisel kui ka m\u00e4ngimisel.<\/li>\n<p>&#13;<\/p>\n<li>Sobib ideaalselt aktiivsetele kassidele, mitme kassiga kodudesse ning kassidele, kes armastavad ronida, peituda ja puhata k\u00f5rgemal.<\/li>\n<p>&#13;<\/p>\n<li>Mitmetasandiline disain erineva suurusega platvormidega, kaks tunnelit m\u00e4ngimiseks ja peitumiseks, mugav v\u00f5rkkiik puhkamiseks ning seitse vastupidava sisalk\u00f6iega kaetud kraapimisposti.<\/li>\n<p>&#13;<br \/>\n<b>M\u00f5\u00f5dud:<\/b> 104 x 57 x 140 cm<\/p>\n","protected":false},"excerpt":{"rendered":"<p>Mitmefunktsiooniline ronimispuu, mis sobib suurep\u00e4raselt uudishimulikele ja aktiivsetele kassidele.<\/p>\n","protected":false},"featured_media":19566,"template":"","meta":[],"product_cat":[1322],"product_tag":[],"class_list":{"0":"post-19565","1":"product","2":"type-product","3":"status-publish","4":"has-post-thumbnail","6":"product_cat-kasside-ronimispuud-ja-kraapimislauad","7":"pa_brand-flamingo","8":"pa_ean-3651","9":"pa_kaal-15-000","10":"pa_tootjariik-hiina","12":"first","13":"instock","14":"taxable","15":"shipping-taxable","16":"purchasable","17":"product-type-simple"},"_links":{"self":[{"href":"https:\/\/kasskoer.ee\/en\/wp-json\/wp\/v2\/product\/19565","targetHints":{"allow":["GET"]}}],"collection":[{"href":"https:\/\/kasskoer.ee\/en\/wp-json\/wp\/v2\/product"}],"about":[{"href":"https:\/\/kasskoer.ee\/en\/wp-json\/wp\/v2\/types\/product"}],"wp:featuredmedia":[{"embeddable":true,"href":"https:\/\/kasskoer.ee\/en\/wp-json\/wp\/v2\/media\/19566"}],"wp:attachment":[{"href":"https:\/\/kasskoer.ee\/en\/wp-json\/wp\/v2\/media?parent=19565"}],"wp:term":[{"taxonomy":"product_cat","embeddable":true,"href":"https:\/\/kasskoer.ee\/en\/wp-json\/wp\/v2\/product_cat?post=19565"},{"taxonomy":"product_tag","embeddable":true,"href":"https:\/\/kasskoer.ee\/en\/wp-json\/wp\/v2\/product_tag?post=19565"}],"curies":[{"name":"wp","href":"https:\/\/api.w.org\/{rel}","templated":true}]}}