{"id":19568,"date":"2026-04-20T03:05:02","date_gmt":"2026-04-20T00:05:02","guid":{"rendered":"https:\/\/kasskoer.ee\/product\/flamingo-juno-roheline-vihmajope-koerale-55cm\/"},"modified":"2026-04-20T03:05:05","modified_gmt":"2026-04-20T00:05:05","slug":"flamingo-juno-roheline-vihmajope-koerale-55cm","status":"publish","type":"product","link":"https:\/\/kasskoer.ee\/en\/toode\/flamingo-juno-roheline-vihmajope-koerale-55cm\/","title":{"rendered":"Flamingo Juno roheline vihmajope koerale 55cm"},"content":{"rendered":"<p><b>Flamingo Juno mugav ja stiilne vee- ja tuulekindel vihmajope koerale.<\/b>&#13;<\/p>\n<li>Valmistatud vastupidavast pol\u00fcestrist ja seest pehme fliisvoodriga.<\/li>\n<p>&#13;<\/p>\n<li>Vee- ja tuulekindel materjal aitab hoida koera kuivana ka vihmase ilmaga.<\/li>\n<p>&#13;<\/p>\n<li>Reguleeritavad takjakinnitused kaela- ja k\u00f5huosas tagavad mugava ja kindla istuvuse.<\/li>\n<p>&#13;<\/p>\n<li>Sobib suurep\u00e4raselt igap\u00e4evasteks jalutusk\u00e4ikudeks iga ilmaga.<\/li>\n<p>&#13;<\/p>\n<li>Masinpestav 30 \u00b0C juures \u2013 lihtne hooldada.<\/li>\n<p>&#13;<br \/>\n<b>M\u00f5\u00f5dud<\/b><br \/>&#13;<br \/>\nA: 55 cm<br \/>&#13;<br \/>\nB: 42-46 cm<br \/>&#13;<br \/>\nC: 72-76 cm<\/p>\n","protected":false},"excerpt":{"rendered":"<p>Mugav ja stiilne roheline vihmajope koerale.<\/p>\n","protected":false},"featured_media":19569,"template":"","meta":[],"product_cat":[2240],"product_tag":[],"class_list":{"0":"post-19568","1":"product","2":"type-product","3":"status-publish","4":"has-post-thumbnail","6":"product_cat-koerte-riided","7":"pa_brand-flamingo","8":"pa_ean-3652","9":"pa_kaal-0-200","10":"pa_tootjariik-hiina","12":"first","13":"instock","14":"taxable","15":"shipping-taxable","16":"purchasable","17":"product-type-simple"},"_links":{"self":[{"href":"https:\/\/kasskoer.ee\/en\/wp-json\/wp\/v2\/product\/19568","targetHints":{"allow":["GET"]}}],"collection":[{"href":"https:\/\/kasskoer.ee\/en\/wp-json\/wp\/v2\/product"}],"about":[{"href":"https:\/\/kasskoer.ee\/en\/wp-json\/wp\/v2\/types\/product"}],"wp:featuredmedia":[{"embeddable":true,"href":"https:\/\/kasskoer.ee\/en\/wp-json\/wp\/v2\/media\/19569"}],"wp:attachment":[{"href":"https:\/\/kasskoer.ee\/en\/wp-json\/wp\/v2\/media?parent=19568"}],"wp:term":[{"taxonomy":"product_cat","embeddable":true,"href":"https:\/\/kasskoer.ee\/en\/wp-json\/wp\/v2\/product_cat?post=19568"},{"taxonomy":"product_tag","embeddable":true,"href":"https:\/\/kasskoer.ee\/en\/wp-json\/wp\/v2\/product_tag?post=19568"}],"curies":[{"name":"wp","href":"https:\/\/api.w.org\/{rel}","templated":true}]}}