{"id":19588,"date":"2026-04-20T03:05:02","date_gmt":"2026-04-20T00:05:02","guid":{"rendered":"https:\/\/kasskoer.ee\/product\/flamingo-naomi-must-transpordipuur-335x50x345cm\/"},"modified":"2026-04-20T03:05:05","modified_gmt":"2026-04-20T00:05:05","slug":"flamingo-naomi-must-transpordipuur-335x50x345cm","status":"publish","type":"product","link":"https:\/\/kasskoer.ee\/en\/toode\/flamingo-naomi-must-transpordipuur-335x50x345cm\/","title":{"rendered":"Flamingo Naomi must transpordipuur 33,5x50x34,5cm"},"content":{"rendered":"<p><b>Flamingo Naomi transpordipuur \u2013 mugav ja turvaline lahendus lemmikuga liikumiseks.<\/b>&#13;<\/p>\n<li>Praktiline disain ja l\u00e4bim\u00f5eldud lahendused muudavad looma puuri asetamise ja transportimise lihtsaks ning stressivabaks.<\/li>\n<p>&#13;<\/p>\n<li>Puur on valmistatud vastupidavast plastist ja metallist ning pakub lemmikule turvalist ja kindlat keskkonda nii reisidel kui ka igap\u00e4evasel liikumisel.<\/li>\n<p>&#13;<\/p>\n<li>Sobib kassidele ja v\u00e4ikestele koertele.<\/li>\n<p>&#13;<\/p>\n<li>Mugav k\u00e4epide lihtsaks kandmiseks.<\/li>\n<p>&#13;<\/p>\n<li>\u00dclemine avaus v\u00f5imaldab looma mugavalt puuri asetada, v\u00e4hendades stressi.<\/li>\n<p>&#13;<br \/>\n<b>M\u00f5\u00f5dud:<\/b> 33,5 x 50 x 34,5 cm<\/p>\n","protected":false},"excerpt":{"rendered":"<p>Mugav ja turvaline musta v\u00e4rvi transpordipuur lemmikloomale.<\/p>\n","protected":false},"featured_media":19589,"template":"","meta":[],"product_cat":[1589],"product_tag":[],"class_list":{"0":"post-19588","1":"product","2":"type-product","3":"status-publish","4":"has-post-thumbnail","6":"product_cat-transpordipuurid","7":"pa_brand-flamingo","8":"pa_ean-3656","9":"pa_kaal-2-100","10":"pa_tootjariik-hiina","12":"first","13":"outofstock","14":"taxable","15":"shipping-taxable","16":"purchasable","17":"product-type-simple"},"_links":{"self":[{"href":"https:\/\/kasskoer.ee\/en\/wp-json\/wp\/v2\/product\/19588","targetHints":{"allow":["GET"]}}],"collection":[{"href":"https:\/\/kasskoer.ee\/en\/wp-json\/wp\/v2\/product"}],"about":[{"href":"https:\/\/kasskoer.ee\/en\/wp-json\/wp\/v2\/types\/product"}],"wp:featuredmedia":[{"embeddable":true,"href":"https:\/\/kasskoer.ee\/en\/wp-json\/wp\/v2\/media\/19589"}],"wp:attachment":[{"href":"https:\/\/kasskoer.ee\/en\/wp-json\/wp\/v2\/media?parent=19588"}],"wp:term":[{"taxonomy":"product_cat","embeddable":true,"href":"https:\/\/kasskoer.ee\/en\/wp-json\/wp\/v2\/product_cat?post=19588"},{"taxonomy":"product_tag","embeddable":true,"href":"https:\/\/kasskoer.ee\/en\/wp-json\/wp\/v2\/product_tag?post=19588"}],"curies":[{"name":"wp","href":"https:\/\/api.w.org\/{rel}","templated":true}]}}