{"id":19595,"date":"2026-04-20T03:05:02","date_gmt":"2026-04-20T00:05:02","guid":{"rendered":"https:\/\/kasskoer.ee\/product\/flamingo-deodorant-kassiliivale-metsik-kirss-750g\/"},"modified":"2026-04-20T03:05:05","modified_gmt":"2026-04-20T00:05:05","slug":"flamingo-deodorant-kassiliivale-metsik-kirss-750g","status":"publish","type":"product","link":"https:\/\/kasskoer.ee\/en\/toode\/flamingo-deodorant-kassiliivale-metsik-kirss-750g\/","title":{"rendered":"Flamingo deodorant kassiliivale metsik kirss 750g"},"content":{"rendered":"<p><b>Flamingo kassiliiva l\u00f5hnaeemaldaja neutraliseerib t\u00f5husalt ebameeldivad l\u00f5hnad ning j\u00e4tab \u00f5hku kerge ja v\u00e4rske kirsipuu \u00f5ie aroomi.<\/b>&#13;<\/p>\n<li>Ideaalne lahendus, et hoida kassiliivakast kauem puhta ja v\u00e4rskena ning muuta keskkond meeldivamaks nii sulle kui ka sinu kassile.<\/li>\n<p>&#13;<\/p>\n<li>Lihtne kasutada \u2013 sobib igap\u00e4evaseks kasutamiseks.<\/li>\n<p>&#13;<br \/>\n<br \/>&#13;<br \/>\n<b>Kasutamine<\/b><br \/>&#13;<br \/>\nSega 1-3 lusikat\u00e4it pulbrit puhta kassiliivaga.<\/p>\n","protected":false},"excerpt":{"rendered":"<p>Metsiku kirsipuu \u00f5ie l\u00f5hnaline deodorant kassiliivale.<\/p>\n","protected":false},"featured_media":19596,"template":"","meta":[],"product_cat":[689,565],"product_tag":[],"class_list":{"0":"post-19595","1":"product","2":"type-product","3":"status-publish","4":"has-post-thumbnail","6":"product_cat-kassid","7":"product_cat-kassiliivad","8":"pa_brand-flamingo","9":"pa_ean-3658","10":"pa_kaal-0-750","11":"pa_tootjariik-euroopa-liit","13":"first","14":"instock","15":"taxable","16":"shipping-taxable","17":"purchasable","18":"product-type-simple"},"_links":{"self":[{"href":"https:\/\/kasskoer.ee\/en\/wp-json\/wp\/v2\/product\/19595","targetHints":{"allow":["GET"]}}],"collection":[{"href":"https:\/\/kasskoer.ee\/en\/wp-json\/wp\/v2\/product"}],"about":[{"href":"https:\/\/kasskoer.ee\/en\/wp-json\/wp\/v2\/types\/product"}],"wp:featuredmedia":[{"embeddable":true,"href":"https:\/\/kasskoer.ee\/en\/wp-json\/wp\/v2\/media\/19596"}],"wp:attachment":[{"href":"https:\/\/kasskoer.ee\/en\/wp-json\/wp\/v2\/media?parent=19595"}],"wp:term":[{"taxonomy":"product_cat","embeddable":true,"href":"https:\/\/kasskoer.ee\/en\/wp-json\/wp\/v2\/product_cat?post=19595"},{"taxonomy":"product_tag","embeddable":true,"href":"https:\/\/kasskoer.ee\/en\/wp-json\/wp\/v2\/product_tag?post=19595"}],"curies":[{"name":"wp","href":"https:\/\/api.w.org\/{rel}","templated":true}]}}