{"id":19605,"date":"2026-04-21T03:05:12","date_gmt":"2026-04-21T00:05:12","guid":{"rendered":"https:\/\/kasskoer.ee\/product\/lolo-pets-liiv-tsintsiljadele-51kg\/"},"modified":"2026-04-21T03:05:12","modified_gmt":"2026-04-21T00:05:12","slug":"lolo-pets-liiv-tsintsiljadele-51kg","status":"publish","type":"product","link":"https:\/\/kasskoer.ee\/en\/toode\/lolo-pets-liiv-tsintsiljadele-51kg\/","title":{"rendered":"LoLo Pets liiv t\u0161int\u0161iljadele 5,1kg"},"content":{"rendered":"<p><b>LoLo Pets liiv t\u0161int\u0161iljadele.<\/b>&#13;<\/p>\n<li>Aitab eemaldada karvast mustust ja rasu.<\/li>\n<p> &#13;<\/p>\n<li>T\u00e4nu liivas sisalduvatele mineraalidele tagate oma t\u0161int\u0161iljale parimad tingimused igap\u00e4evaseks h\u00fcgieeniks.<\/li>\n<p>&#13;<\/p>\n<li>Oluline element t\u0161int\u0161iljade aretusel.<\/li>\n<p>&#13;<br \/>\n<br \/>&#13;<br \/>\n<b>Koostis<\/b><br \/>&#13;<br \/>\nLiiv 100%.<\/p>\n","protected":false},"excerpt":{"rendered":"<p>Naturaalne liiv t\u0161int\u0161iljadele.<\/p>\n","protected":false},"featured_media":19606,"template":"","meta":[],"product_cat":[1316,693,3078],"product_tag":[],"class_list":{"0":"post-19605","1":"product","2":"type-product","3":"status-publish","4":"has-post-thumbnail","6":"product_cat-nariliste-allapanu","7":"product_cat-muud-loomad","8":"product_cat-narilised","9":"pa_brand-lolo-pets","10":"pa_ean-3662","11":"pa_kaal-5-100","12":"pa_tootjariik-poola","14":"first","15":"instock","16":"taxable","17":"shipping-taxable","18":"purchasable","19":"product-type-simple"},"_links":{"self":[{"href":"https:\/\/kasskoer.ee\/en\/wp-json\/wp\/v2\/product\/19605","targetHints":{"allow":["GET"]}}],"collection":[{"href":"https:\/\/kasskoer.ee\/en\/wp-json\/wp\/v2\/product"}],"about":[{"href":"https:\/\/kasskoer.ee\/en\/wp-json\/wp\/v2\/types\/product"}],"wp:featuredmedia":[{"embeddable":true,"href":"https:\/\/kasskoer.ee\/en\/wp-json\/wp\/v2\/media\/19606"}],"wp:attachment":[{"href":"https:\/\/kasskoer.ee\/en\/wp-json\/wp\/v2\/media?parent=19605"}],"wp:term":[{"taxonomy":"product_cat","embeddable":true,"href":"https:\/\/kasskoer.ee\/en\/wp-json\/wp\/v2\/product_cat?post=19605"},{"taxonomy":"product_tag","embeddable":true,"href":"https:\/\/kasskoer.ee\/en\/wp-json\/wp\/v2\/product_tag?post=19605"}],"curies":[{"name":"wp","href":"https:\/\/api.w.org\/{rel}","templated":true}]}}