{"id":19652,"date":"2026-04-20T03:10:07","date_gmt":"2026-04-20T00:10:07","guid":{"rendered":"https:\/\/kasskoer.ee\/product\/record-mustad-traksid-koerale-60-72cm-m\/"},"modified":"2026-04-20T03:10:10","modified_gmt":"2026-04-20T00:10:10","slug":"record-mustad-traksid-koerale-60-72cm-m","status":"publish","type":"product","link":"https:\/\/kasskoer.ee\/en\/toode\/record-mustad-traksid-koerale-60-72cm-m\/","title":{"rendered":"Record mustad traksid koerale 60-72cm M"},"content":{"rendered":"<p><b>Record Action Alpi koeratraksid on vastupidavad, turvalised ja mugavad igap\u00e4evaseks kasutamiseks.<\/b>&#13;<\/p>\n<li>Traksid peavad h\u00e4sti vastu ka tugevamale t\u00f5mbamisele, ei h\u00f5\u00f5ru ega \u00e4rrita nahka ning tagavad koerale maksimaalse liikumisvabaduse.<\/li>\n<p>&#13;<\/p>\n<li>Valmistatud tugevast p\u00f5imitud nailonist ning varustatud 3M ScotchLite helkurribadega, mis parandavad n\u00e4htavust pimedas.<\/li>\n<p>&#13;<br \/>\n<br \/>&#13;<br \/>\n<b>M\u00f5\u00f5dud<\/b><br \/>&#13;<br \/>\n60cm-72cm<\/p>\n","protected":false},"excerpt":{"rendered":"<p>Musta v\u00e4rvi nailonist traksid koertele.<\/p>\n","protected":false},"featured_media":19653,"template":"","meta":[],"product_cat":[1324],"product_tag":[],"class_list":{"0":"post-19652","1":"product","2":"type-product","3":"status-publish","4":"has-post-thumbnail","6":"product_cat-koerte-traksid","7":"pa_brand-record","8":"pa_ean-3673","9":"pa_kaal-0-270","10":"pa_tootjariik-hiina","12":"first","13":"instock","14":"taxable","15":"shipping-taxable","16":"purchasable","17":"product-type-simple"},"_links":{"self":[{"href":"https:\/\/kasskoer.ee\/en\/wp-json\/wp\/v2\/product\/19652","targetHints":{"allow":["GET"]}}],"collection":[{"href":"https:\/\/kasskoer.ee\/en\/wp-json\/wp\/v2\/product"}],"about":[{"href":"https:\/\/kasskoer.ee\/en\/wp-json\/wp\/v2\/types\/product"}],"wp:featuredmedia":[{"embeddable":true,"href":"https:\/\/kasskoer.ee\/en\/wp-json\/wp\/v2\/media\/19653"}],"wp:attachment":[{"href":"https:\/\/kasskoer.ee\/en\/wp-json\/wp\/v2\/media?parent=19652"}],"wp:term":[{"taxonomy":"product_cat","embeddable":true,"href":"https:\/\/kasskoer.ee\/en\/wp-json\/wp\/v2\/product_cat?post=19652"},{"taxonomy":"product_tag","embeddable":true,"href":"https:\/\/kasskoer.ee\/en\/wp-json\/wp\/v2\/product_tag?post=19652"}],"curies":[{"name":"wp","href":"https:\/\/api.w.org\/{rel}","templated":true}]}}