{"id":19685,"date":"2026-04-20T03:05:51","date_gmt":"2026-04-20T00:05:51","guid":{"rendered":"https:\/\/kasskoer.ee\/product\/record-kakakotid-1-rull-x-20tk-assortii\/"},"modified":"2026-04-20T03:05:52","modified_gmt":"2026-04-20T00:05:52","slug":"record-kakakotid-1-rull-x-20tk-assortii","status":"publish","type":"product","link":"https:\/\/kasskoer.ee\/en\/toode\/record-kakakotid-1-rull-x-20tk-assortii\/","title":{"rendered":"Record kakakotid 1 rull x 20tk (assortii)"},"content":{"rendered":"<p><b>Record praktilised ja usaldusv\u00e4\u00e4rsed kakakotid igap\u00e4evaseks kasutamiseks jalutusk\u00e4ikudel.<\/b>&#13;<\/p>\n<li>Ideaalne valik mugavaks ja h\u00fcgieeniliseks koristamiseks igal jalutusk\u00e4igul.<\/li>\n<p>&#13;<\/p>\n<li>Sobivad standardm\u00f5\u00f5dus kakakottide hoidjatele.<\/li>\n<p>&#13;<\/p>\n<li>\u00dche koti m\u00f5\u00f5tmed 27x30cm.<\/li>\n<p>&#13;<\/p>\n<li>NB! Toode on m\u00fc\u00fcgil assortiina \u2013 v\u00e4rvid v\u00f5ivad erineda ja saadetakse juhuslikult.<\/li>\n","protected":false},"excerpt":{"rendered":"<p>Vastupidavad ja lekkekindlad kakakotid lemmiklooma j\u00e4relt koristamiseks.<\/p>\n","protected":false},"featured_media":19753,"template":"","meta":[],"product_cat":[688,365],"product_tag":[],"class_list":{"0":"post-19685","1":"product","2":"type-product","3":"status-publish","4":"has-post-thumbnail","6":"product_cat-koerad","7":"product_cat-koerte-tarvikud","8":"pa_brand-record","9":"pa_ean-3681","10":"pa_kaal-0-020","11":"pa_tootjariik-hiina","13":"first","14":"instock","15":"taxable","16":"shipping-taxable","17":"purchasable","18":"product-type-simple"},"_links":{"self":[{"href":"https:\/\/kasskoer.ee\/en\/wp-json\/wp\/v2\/product\/19685","targetHints":{"allow":["GET"]}}],"collection":[{"href":"https:\/\/kasskoer.ee\/en\/wp-json\/wp\/v2\/product"}],"about":[{"href":"https:\/\/kasskoer.ee\/en\/wp-json\/wp\/v2\/types\/product"}],"wp:featuredmedia":[{"embeddable":true,"href":"https:\/\/kasskoer.ee\/en\/wp-json\/wp\/v2\/media\/19753"}],"wp:attachment":[{"href":"https:\/\/kasskoer.ee\/en\/wp-json\/wp\/v2\/media?parent=19685"}],"wp:term":[{"taxonomy":"product_cat","embeddable":true,"href":"https:\/\/kasskoer.ee\/en\/wp-json\/wp\/v2\/product_cat?post=19685"},{"taxonomy":"product_tag","embeddable":true,"href":"https:\/\/kasskoer.ee\/en\/wp-json\/wp\/v2\/product_tag?post=19685"}],"curies":[{"name":"wp","href":"https:\/\/api.w.org\/{rel}","templated":true}]}}