{"id":19689,"date":"2026-04-20T03:10:07","date_gmt":"2026-04-20T00:10:07","guid":{"rendered":"https:\/\/kasskoer.ee\/product\/record-lilla-silikoonist-purgikaas-s-m\/"},"modified":"2026-04-20T03:10:08","modified_gmt":"2026-04-20T00:10:08","slug":"record-lilla-silikoonist-purgikaas-s-m","status":"publish","type":"product","link":"https:\/\/kasskoer.ee\/en\/toode\/record-lilla-silikoonist-purgikaas-s-m\/","title":{"rendered":"Record lilla silikoonist purgikaas S\/M"},"content":{"rendered":"<li>Hoiab toitu kauem v\u00e4rskena ja kaitseb seda bakterite tekke eest.<\/li>\n<p>&#13;<\/p>\n<li>Sobib purkidele l\u00e4bim\u00f5\u00f5duga: \u00d8 6,5\u20137,5\u20138,5 cm.<\/li>\n<p>&#13;<\/p>\n<li>Silikoonist kaas on n\u00f5udepesumasinas pestav.<\/li>\n<p>&#13;<\/p>\n<li>Kuuma- ja k\u00fclmakindel.<\/li>\n<p>&#13;<\/p>\n<li>Silikoonist kaas on ohutu, mittetoksiline ja valmistatud BPA-vabast materjalist.<\/li>\n","protected":false},"excerpt":{"rendered":"<p>Lilla silikoonist purgikaas S\/M.<\/p>\n","protected":false},"featured_media":19690,"template":"","meta":[],"product_cat":[688,365],"product_tag":[],"class_list":{"0":"post-19689","1":"product","2":"type-product","3":"status-publish","4":"has-post-thumbnail","6":"product_cat-koerad","7":"product_cat-koerte-tarvikud","8":"pa_brand-record","9":"pa_ean-3683","10":"pa_kaal-0-040","11":"pa_tootjariik-hiina","13":"first","14":"instock","15":"taxable","16":"shipping-taxable","17":"purchasable","18":"product-type-simple"},"_links":{"self":[{"href":"https:\/\/kasskoer.ee\/en\/wp-json\/wp\/v2\/product\/19689","targetHints":{"allow":["GET"]}}],"collection":[{"href":"https:\/\/kasskoer.ee\/en\/wp-json\/wp\/v2\/product"}],"about":[{"href":"https:\/\/kasskoer.ee\/en\/wp-json\/wp\/v2\/types\/product"}],"wp:featuredmedia":[{"embeddable":true,"href":"https:\/\/kasskoer.ee\/en\/wp-json\/wp\/v2\/media\/19690"}],"wp:attachment":[{"href":"https:\/\/kasskoer.ee\/en\/wp-json\/wp\/v2\/media?parent=19689"}],"wp:term":[{"taxonomy":"product_cat","embeddable":true,"href":"https:\/\/kasskoer.ee\/en\/wp-json\/wp\/v2\/product_cat?post=19689"},{"taxonomy":"product_tag","embeddable":true,"href":"https:\/\/kasskoer.ee\/en\/wp-json\/wp\/v2\/product_tag?post=19689"}],"curies":[{"name":"wp","href":"https:\/\/api.w.org\/{rel}","templated":true}]}}