{"id":19701,"date":"2026-04-20T03:15:32","date_gmt":"2026-04-20T00:15:32","guid":{"rendered":"https:\/\/kasskoer.ee\/product\/catrina-kassimanguasi-kummipaelaga-assortii\/"},"modified":"2026-04-20T03:15:35","modified_gmt":"2026-04-20T00:15:35","slug":"catrina-kassimanguasi-kummipaelaga-assortii","status":"publish","type":"product","link":"https:\/\/kasskoer.ee\/en\/toode\/catrina-kassimanguasi-kummipaelaga-assortii\/","title":{"rendered":"Cat&#038;Rina kassim\u00e4nguasi kummipaelaga (assortii)"},"content":{"rendered":"<p><b>Cat&#038;Rina l\u00f5bus ja mitmekesine kassim\u00e4nguasi, mis pakub sinu lemmikule rohkelt tegevust ja m\u00e4ngur\u00f5\u00f5mu.<\/b> &#13;<\/p>\n<li>Varustatud elastse kummipaelaga aktiivseks m\u00e4ngimiseks.<\/li>\n<p>&#13;<\/p>\n<li>NB! Toode on m\u00fc\u00fcgil assortiina \u2013 v\u00e4rvid v\u00f5ivad erineda ja saadetakse juhuslikult.<\/li>\n","protected":false},"excerpt":{"rendered":"<p>Pehme roheline kassim\u00e4nguasi kummipaelaga.<\/p>\n","protected":false},"featured_media":19702,"template":"","meta":[],"product_cat":[1321],"product_tag":[],"class_list":{"0":"post-19701","1":"product","2":"type-product","3":"status-publish","4":"has-post-thumbnail","6":"product_cat-kasside-manguasjad","7":"pa_brand-catrina","8":"pa_ean-3686","9":"pa_kaal-0-020","10":"pa_tootjariik-hiina","12":"first","13":"instock","14":"taxable","15":"shipping-taxable","16":"purchasable","17":"product-type-simple"},"_links":{"self":[{"href":"https:\/\/kasskoer.ee\/en\/wp-json\/wp\/v2\/product\/19701","targetHints":{"allow":["GET"]}}],"collection":[{"href":"https:\/\/kasskoer.ee\/en\/wp-json\/wp\/v2\/product"}],"about":[{"href":"https:\/\/kasskoer.ee\/en\/wp-json\/wp\/v2\/types\/product"}],"wp:featuredmedia":[{"embeddable":true,"href":"https:\/\/kasskoer.ee\/en\/wp-json\/wp\/v2\/media\/19702"}],"wp:attachment":[{"href":"https:\/\/kasskoer.ee\/en\/wp-json\/wp\/v2\/media?parent=19701"}],"wp:term":[{"taxonomy":"product_cat","embeddable":true,"href":"https:\/\/kasskoer.ee\/en\/wp-json\/wp\/v2\/product_cat?post=19701"},{"taxonomy":"product_tag","embeddable":true,"href":"https:\/\/kasskoer.ee\/en\/wp-json\/wp\/v2\/product_tag?post=19701"}],"curies":[{"name":"wp","href":"https:\/\/api.w.org\/{rel}","templated":true}]}}