{"id":19706,"date":"2026-04-17T03:05:02","date_gmt":"2026-04-17T00:05:02","guid":{"rendered":"https:\/\/kasskoer.ee\/product\/flamingo-rocky-keraamiline-kauss-o-20cm-1700ml\/"},"modified":"2026-04-17T03:05:04","modified_gmt":"2026-04-17T00:05:04","slug":"flamingo-rocky-keraamiline-kauss-o-20cm-1700ml","status":"publish","type":"product","link":"https:\/\/kasskoer.ee\/en\/toode\/flamingo-rocky-keraamiline-kauss-o-20cm-1700ml\/","title":{"rendered":"Flamingo Rocky keraamiline kauss \u00f8 20cm &#8211; 1700ml"},"content":{"rendered":"<p><b>Flamingo Rocky stiilne ja elegantne keraamiline kauss.<\/b>&#13;<\/p>\n<li>Valmistatud vastupidavast keraamikast ning viimistletud must-valge disainiga.<\/li>\n<p>&#13;<\/p>\n<li>Kausi raskus aitab hoida selle paigal ja v\u00e4hendab \u00fcmbermineku ohtu.<\/li>\n<p>&#13;<\/p>\n<li>N\u00f5udepesumasinas pestav \u2013 lihtne hooldada.<\/li>\n<p>&#13;<br \/>\n<br \/>&#13;<br \/>\nMahutavus: 1700 ml<br \/>&#13;<br \/>\nL\u00e4bim\u00f5\u00f5t: 20 cm<\/p>\n","protected":false},"excerpt":{"rendered":"<p>Stiilne must-valge keraamiline kauss lemmikule.<\/p>\n","protected":false},"featured_media":19707,"template":"","meta":[],"product_cat":[1319],"product_tag":[],"class_list":{"0":"post-19706","1":"product","2":"type-product","3":"status-publish","4":"has-post-thumbnail","6":"product_cat-koerte-sooginoud","7":"pa_brand-flamingo","8":"pa_ean-3687","9":"pa_kaal-1-000","10":"pa_tootjariik-hiina","12":"first","13":"instock","14":"taxable","15":"shipping-taxable","16":"purchasable","17":"product-type-simple"},"_links":{"self":[{"href":"https:\/\/kasskoer.ee\/en\/wp-json\/wp\/v2\/product\/19706","targetHints":{"allow":["GET"]}}],"collection":[{"href":"https:\/\/kasskoer.ee\/en\/wp-json\/wp\/v2\/product"}],"about":[{"href":"https:\/\/kasskoer.ee\/en\/wp-json\/wp\/v2\/types\/product"}],"wp:featuredmedia":[{"embeddable":true,"href":"https:\/\/kasskoer.ee\/en\/wp-json\/wp\/v2\/media\/19707"}],"wp:attachment":[{"href":"https:\/\/kasskoer.ee\/en\/wp-json\/wp\/v2\/media?parent=19706"}],"wp:term":[{"taxonomy":"product_cat","embeddable":true,"href":"https:\/\/kasskoer.ee\/en\/wp-json\/wp\/v2\/product_cat?post=19706"},{"taxonomy":"product_tag","embeddable":true,"href":"https:\/\/kasskoer.ee\/en\/wp-json\/wp\/v2\/product_tag?post=19706"}],"curies":[{"name":"wp","href":"https:\/\/api.w.org\/{rel}","templated":true}]}}