{"id":19715,"date":"2026-04-17T03:05:02","date_gmt":"2026-04-17T00:05:02","guid":{"rendered":"https:\/\/kasskoer.ee\/product\/flamingo-kassilelu-kraapimislauaga-33x55cm\/"},"modified":"2026-04-17T03:05:05","modified_gmt":"2026-04-17T00:05:05","slug":"flamingo-kassilelu-kraapimislauaga-33x55cm","status":"publish","type":"product","link":"https:\/\/kasskoer.ee\/en\/toode\/flamingo-kassilelu-kraapimislauaga-33x55cm\/","title":{"rendered":"Flamingo kassilelu kraapimislauaga 33&#215;5,5cm"},"content":{"rendered":"<p><b>Flamingo multifunktsionaalne m\u00e4nguasi kassidele, mis sobib suurep\u00e4raselt nii m\u00e4ngimiseks kui ka kraapimiseks.<\/b>&#13;<\/p>\n<li>Valmistatud vastupidavast papist.<\/li>\n<p>&#13;<\/p>\n<li>Kraapimisalus aitab rahuldada kassi loomulikku kraapimisvajadust ning hoiab k\u00fc\u00fcned korras.<\/li>\n<p>&#13;<\/p>\n<li>Varustatud kahe k\u00f5liseva palliga, mis ergutavad kassi jahinstinkti ja pakuvad rohkem m\u00e4ngur\u00f5\u00f5mu.<\/li>\n<p>&#13;<\/p>\n<li>Kaasas on kotike naisten\u00f5gest, mis muudab m\u00e4ngu kassile veelgi atraktiivsemaks.<\/li>\n","protected":false},"excerpt":{"rendered":"<p>Vastupidavast papist m\u00e4nguasi kassidele koos kraapimislauaga.<\/p>\n","protected":false},"featured_media":19716,"template":"","meta":[],"product_cat":[1321],"product_tag":[],"class_list":{"0":"post-19715","1":"product","2":"type-product","3":"status-publish","4":"has-post-thumbnail","6":"product_cat-kasside-manguasjad","7":"pa_brand-flamingo","8":"pa_ean-3690","9":"pa_kaal-0-500","10":"pa_tootjariik-hiina","12":"first","13":"instock","14":"taxable","15":"shipping-taxable","16":"purchasable","17":"product-type-simple"},"_links":{"self":[{"href":"https:\/\/kasskoer.ee\/en\/wp-json\/wp\/v2\/product\/19715","targetHints":{"allow":["GET"]}}],"collection":[{"href":"https:\/\/kasskoer.ee\/en\/wp-json\/wp\/v2\/product"}],"about":[{"href":"https:\/\/kasskoer.ee\/en\/wp-json\/wp\/v2\/types\/product"}],"wp:featuredmedia":[{"embeddable":true,"href":"https:\/\/kasskoer.ee\/en\/wp-json\/wp\/v2\/media\/19716"}],"wp:attachment":[{"href":"https:\/\/kasskoer.ee\/en\/wp-json\/wp\/v2\/media?parent=19715"}],"wp:term":[{"taxonomy":"product_cat","embeddable":true,"href":"https:\/\/kasskoer.ee\/en\/wp-json\/wp\/v2\/product_cat?post=19715"},{"taxonomy":"product_tag","embeddable":true,"href":"https:\/\/kasskoer.ee\/en\/wp-json\/wp\/v2\/product_tag?post=19715"}],"curies":[{"name":"wp","href":"https:\/\/api.w.org\/{rel}","templated":true}]}}