{"id":19719,"date":"2026-04-20T03:05:05","date_gmt":"2026-04-20T00:05:05","guid":{"rendered":"https:\/\/kasskoer.ee\/product\/flamingo-alexandra-hall-ronimispuu-84x39x153cm\/"},"modified":"2026-04-20T03:05:05","modified_gmt":"2026-04-20T00:05:05","slug":"flamingo-alexandra-hall-ronimispuu-84x39x153cm","status":"publish","type":"product","link":"https:\/\/kasskoer.ee\/en\/toode\/flamingo-alexandra-hall-ronimispuu-84x39x153cm\/","title":{"rendered":"Flamingo Alexandra hall ronimispuu 84x39x153cm"},"content":{"rendered":"<p><b>Flamingo Alexandra on vastupidav ja kvaliteetne kasside ronimispuu, milles on kompaktses ja stiilses lahenduses \u00fchendatud puhke-, m\u00e4ngu- ja kraapimisv\u00f5imalused.<\/b>&#13;<\/p>\n<li>Kraapimispuu aitab rahuldada kassi loomulikku kraapimisvajadust ning pakub talle igap\u00e4evast tegevust.<\/li>\n<p>&#13;<\/p>\n<li>Varustatud puuvillase kraapimisk\u00f6iega kaetud postide ja sisalist kraapimislauaga.<\/li>\n<p>&#13;<\/p>\n<li>Kaks pehmet platvormi pakuvad mugavat kohta puhkamiseks ja \u00fcmbruse j\u00e4lgimiseks.<\/li>\n<p>&#13;<\/p>\n<li>Pehme vooderdatud peidukoht sobib ideaalselt rahulikuks puhkamiseks ja magamiseks.<\/li>\n<p>&#13;<\/p>\n<li>Kaetud tekstiiliga, mis tagab mugavuse ja meeldiva kasutuskogemuse.<\/li>\n<p>&#13;<br \/>\n<b>M\u00f5\u00f5dud:<\/b> 84 x 39 x 153 cm<\/p>\n","protected":false},"excerpt":{"rendered":"<p>Mitmefunktsiooniline ronimispuu, mis sobib suurep\u00e4raselt uudishimulikele ja aktiivsetele kassidele.<\/p>\n","protected":false},"featured_media":19720,"template":"","meta":[],"product_cat":[1322],"product_tag":[],"class_list":{"0":"post-19719","1":"product","2":"type-product","3":"status-publish","4":"has-post-thumbnail","6":"product_cat-kasside-ronimispuud-ja-kraapimislauad","7":"pa_brand-flamingo","8":"pa_ean-3691","9":"pa_kaal-14-000","10":"pa_tootjariik-hiina","12":"first","13":"instock","14":"taxable","15":"shipping-taxable","16":"purchasable","17":"product-type-simple"},"_links":{"self":[{"href":"https:\/\/kasskoer.ee\/en\/wp-json\/wp\/v2\/product\/19719","targetHints":{"allow":["GET"]}}],"collection":[{"href":"https:\/\/kasskoer.ee\/en\/wp-json\/wp\/v2\/product"}],"about":[{"href":"https:\/\/kasskoer.ee\/en\/wp-json\/wp\/v2\/types\/product"}],"wp:featuredmedia":[{"embeddable":true,"href":"https:\/\/kasskoer.ee\/en\/wp-json\/wp\/v2\/media\/19720"}],"wp:attachment":[{"href":"https:\/\/kasskoer.ee\/en\/wp-json\/wp\/v2\/media?parent=19719"}],"wp:term":[{"taxonomy":"product_cat","embeddable":true,"href":"https:\/\/kasskoer.ee\/en\/wp-json\/wp\/v2\/product_cat?post=19719"},{"taxonomy":"product_tag","embeddable":true,"href":"https:\/\/kasskoer.ee\/en\/wp-json\/wp\/v2\/product_tag?post=19719"}],"curies":[{"name":"wp","href":"https:\/\/api.w.org\/{rel}","templated":true}]}}