{"id":19736,"date":"2026-04-20T03:05:08","date_gmt":"2026-04-20T00:05:08","guid":{"rendered":"https:\/\/kasskoer.ee\/product\/garden-fun-linnutoit-metslindudele-25-kg\/"},"modified":"2026-04-20T03:05:11","modified_gmt":"2026-04-20T00:05:11","slug":"garden-fun-linnutoit-metslindudele-25-kg","status":"publish","type":"product","link":"https:\/\/kasskoer.ee\/en\/toode\/garden-fun-linnutoit-metslindudele-25-kg\/","title":{"rendered":"Garden &#038; Fun linnutoit metslindudele 2,5 kg"},"content":{"rendered":"<p><b>Garden &#038; Fun universaalne ja mitmekesine linnutoit, mis sobib enamiku metslindude aastaringseks toitmiseks.<\/b>&#13;<\/p>\n<li>Mitmesugustest teraviljadest ja seemnetest koosnev segu, mille rasvasisaldus on tasakaalustatud, mist\u00f5ttu sobib see lindude toitmiseks kogu aasta v\u00e4ltel.<\/li>\n<p>&#13;<\/p>\n<li>Segu sisaldab nii terveid kui ka kooritud p\u00e4evalilleseemneid, mis on lindudele maitsvaks maiuseks ning \u00fchtlasi heaks energiaallikaks t\u00e4nu nende suurele rasvasisaldusele.<\/li>\n<p>&#13;<\/p>\n<li>Segu sobib ka veekogude l\u00e4heduses elavate lindude toitmiseks.<\/li>\n<p>&#13;<br \/>\n<br \/>&#13;<br \/>\n<b>Koostis<\/b><br \/>&#13;<br \/>\nKollane hirss, valge hirss, kooritud p\u00e4evalilleseemned, kanaari paelrohu seemned, punane hirss, nisu, triibulised p\u00e4evalilleseemned, v\u00e4rvohaka seemned, punane sorgo, valge sorgo, nigeri seemned (Guizotia abyssinica), linaseemned.<br \/>&#13;<br \/>\n<br \/> &#13;<br \/>\n<b>Anal\u00fc\u00fctiline koostis<\/b><br \/>&#13;<br \/>\nToorvalk (Kjeldahli meetodil) min 10,4%, toor\u00f5lid ja -rasvad min 3,9%, toorkiud max 11,6%, toortuhk max 3,8%, niiskus max 12%.<br \/>&#13;<br \/>\n<br \/>&#13;<br \/>\n<b>S\u00f6\u00f6tmisjuhend<\/b><br \/>&#13;<br \/>\nTagage lindudele pidev juurdep\u00e4\u00e4s toidule kohas, mis on kaitstud vihma, tuule ja lume eest.<\/p>\n","protected":false},"excerpt":{"rendered":"<p>Mitmekesine ja tasakaalustatud t\u00e4iendav s\u00f6\u00f6damaterjal metslindudele, mis sobib lindude aastaringseks toitmiseks.<\/p>\n","protected":false},"featured_media":19737,"template":"","meta":[],"product_cat":[1168,3080,693],"product_tag":[],"class_list":{"0":"post-19736","1":"product","2":"type-product","3":"status-publish","4":"has-post-thumbnail","6":"product_cat-linnutoit","7":"product_cat-linnud","8":"product_cat-muud-loomad","9":"pa_brand-garden-fun","10":"pa_ean-3696","11":"pa_kaal-2-500","12":"pa_tootjariik-poola","14":"first","15":"outofstock","16":"taxable","17":"shipping-taxable","18":"purchasable","19":"product-type-simple"},"_links":{"self":[{"href":"https:\/\/kasskoer.ee\/en\/wp-json\/wp\/v2\/product\/19736","targetHints":{"allow":["GET"]}}],"collection":[{"href":"https:\/\/kasskoer.ee\/en\/wp-json\/wp\/v2\/product"}],"about":[{"href":"https:\/\/kasskoer.ee\/en\/wp-json\/wp\/v2\/types\/product"}],"wp:featuredmedia":[{"embeddable":true,"href":"https:\/\/kasskoer.ee\/en\/wp-json\/wp\/v2\/media\/19737"}],"wp:attachment":[{"href":"https:\/\/kasskoer.ee\/en\/wp-json\/wp\/v2\/media?parent=19736"}],"wp:term":[{"taxonomy":"product_cat","embeddable":true,"href":"https:\/\/kasskoer.ee\/en\/wp-json\/wp\/v2\/product_cat?post=19736"},{"taxonomy":"product_tag","embeddable":true,"href":"https:\/\/kasskoer.ee\/en\/wp-json\/wp\/v2\/product_tag?post=19736"}],"curies":[{"name":"wp","href":"https:\/\/api.w.org\/{rel}","templated":true}]}}