{"id":19738,"date":"2026-04-20T03:05:08","date_gmt":"2026-04-20T00:05:08","guid":{"rendered":"https:\/\/kasskoer.ee\/product\/garden-fun-taissoot-siilidele-16-kg\/"},"modified":"2026-04-20T03:05:11","modified_gmt":"2026-04-20T00:05:11","slug":"garden-fun-taissoot-siilidele-16-kg","status":"publish","type":"product","link":"https:\/\/kasskoer.ee\/en\/toode\/garden-fun-taissoot-siilidele-16-kg\/","title":{"rendered":"Garden &#038; Fun t\u00e4iss\u00f6\u00f6t siilidele 1,6 kg"},"content":{"rendered":"<p><b>Garden &#038; Fun t\u00e4isv\u00e4\u00e4rtuslik ja toitainerikas s\u00f6\u00f6t siilidele, mis on m\u00f5eldud kasutamiseks kolmel aastaajal.<\/b>&#13;<\/p>\n<li>K\u00f5rge loomse valgu sisaldus vastab siilide loomulikele toitumisvajadustele ning aitab toetada nende tervist ja eluj\u00f5udu.<\/li>\n<p>&#13;<\/p>\n<li>Koostises sisalduvad munad varustavad organismi vajalike aminohapetega ning l\u00f5hejahu on v\u00e4\u00e4rtuslik oomega-rasvhapete allikas.<\/li>\n<p>&#13;<\/p>\n<li>Lisatud \u00fcrdid ja k\u00f6\u00f6giviljad toetavad seedimist ning aitavad kaasa tasakaalustatud toitumisele.<\/li>\n<p>&#13;<br \/>\n<br \/>&#13;<br \/>\n<b>Koostis<\/b><br \/>&#13;<br \/>\nMais, linnulihajahu, k\u00f5rned, l\u00f5hejahu, lambalihajahu, riisijahu, linnurasv, veiserasv, k\u00fc\u00fclikujahu, maksah\u00fcdrol\u00fcsaat, peedimass, kuivatatud maks, kuivatatud \u00f5unapressj\u00e4\u00e4k, munapulber, naatriumkloriid, kuivatatud p\u00e4rm, kaaliumkloriid, fermenteeritud oder, kuivatatud merevetikad, linaseemned, sigurijuur, arti\u0161okk, v\u00f5ilill, ingver, kaseleht, n\u00f5ges, salvei, koriander, rosmariin, t\u00fc\u00fcmian, lagritsajuur, kummel, angervaks, karulauk (\u00fcrdid kokku 0,17%).<br \/>&#13;<br \/>\n<br \/> &#13;<br \/>\n<b>Anal\u00fc\u00fctiline koostis<\/b><br \/>&#13;<br \/>\nToorvalk (Kjeldahli meetodil) min 31,0%, toorrasv min 17,0%, toorkiud max 3,5%, toortuhk max 7,5%, niiskus max 12%.<br \/>&#13;<br \/>\n<br \/>&#13;<br \/>\n<b>S\u00f6\u00f6tmisjuhend<\/b><br \/>&#13;<br \/>\nPakkuda siilidele toitu regulaarselt sobivas ja kaitstud kohas. Tagada alati ligip\u00e4\u00e4s puhtale joogiveele.<\/p>\n","protected":false},"excerpt":{"rendered":"<p>T\u00e4isv\u00e4\u00e4rtuslik ja toitainerikas s\u00f6\u00f6t siilidele.<\/p>\n","protected":false},"featured_media":19739,"template":"","meta":[],"product_cat":[693,3078,52],"product_tag":[],"class_list":{"0":"post-19738","1":"product","2":"type-product","3":"status-publish","4":"has-post-thumbnail","6":"product_cat-muud-loomad","7":"product_cat-narilised","8":"product_cat-nariliste-toit","9":"pa_brand-garden-fun","10":"pa_ean-3697","11":"pa_kaal-1-600","12":"pa_tootjariik-poola","14":"first","15":"outofstock","16":"taxable","17":"shipping-taxable","18":"purchasable","19":"product-type-simple"},"_links":{"self":[{"href":"https:\/\/kasskoer.ee\/en\/wp-json\/wp\/v2\/product\/19738","targetHints":{"allow":["GET"]}}],"collection":[{"href":"https:\/\/kasskoer.ee\/en\/wp-json\/wp\/v2\/product"}],"about":[{"href":"https:\/\/kasskoer.ee\/en\/wp-json\/wp\/v2\/types\/product"}],"wp:featuredmedia":[{"embeddable":true,"href":"https:\/\/kasskoer.ee\/en\/wp-json\/wp\/v2\/media\/19739"}],"wp:attachment":[{"href":"https:\/\/kasskoer.ee\/en\/wp-json\/wp\/v2\/media?parent=19738"}],"wp:term":[{"taxonomy":"product_cat","embeddable":true,"href":"https:\/\/kasskoer.ee\/en\/wp-json\/wp\/v2\/product_cat?post=19738"},{"taxonomy":"product_tag","embeddable":true,"href":"https:\/\/kasskoer.ee\/en\/wp-json\/wp\/v2\/product_tag?post=19738"}],"curies":[{"name":"wp","href":"https:\/\/api.w.org\/{rel}","templated":true}]}}