{"id":19742,"date":"2026-04-20T03:05:08","date_gmt":"2026-04-20T00:05:08","guid":{"rendered":"https:\/\/kasskoer.ee\/product\/garden-fun-smakers-seemnepulk-talilindudele-55g\/"},"modified":"2026-04-20T03:05:11","modified_gmt":"2026-04-20T00:05:11","slug":"garden-fun-smakers-seemnepulk-talilindudele-55g","status":"publish","type":"product","link":"https:\/\/kasskoer.ee\/en\/toode\/garden-fun-smakers-seemnepulk-talilindudele-55g\/","title":{"rendered":"Garden &#038; Fun Smakers seemnepulk talilindudele 55g"},"content":{"rendered":"<p><b>Garden &#038; Fun energiarikas seemnepulk on spetsiaalselt koostatud talvituvatele metslindudele, et pakkuda neile k\u00fclmal perioodil toitvat ja kergesti k\u00e4ttesaadavat lisatoitu.<\/b>&#13;<\/p>\n<li>Mitmekesine seemnete ja teraviljade segu aitab katta lindude suurenenud energiavajadust ning meelitab toitmiskohtadesse erinevaid linnuliike.<\/li>\n<p>&#13;<br \/>\n<br \/>&#13;<br \/>\n<b>Koostis<\/b><br \/>&#13;<br \/>\nMustad p\u00e4evalilleseemned, nisu, kollane hirss, jahvatatud mais, rapsiseemned, punane sorgo, nigeri seemned (Guizotia abyssinica), tatar, maap\u00e4hklid, kanepiseemned, linaseemned, herned, rosinad.<br \/>&#13;<br \/>\n<br \/> &#13;<br \/>\n<b>Anal\u00fc\u00fctiline koostis<\/b><br \/>&#13;<br \/>\nToorvalk (Kjeldahli meetodil) min 9,5%, toor\u00f5lid ja -rasvad min 4,65%, toorkiud max 7,33%, toortuhk max 2,65%, niiskus max 12%.<br \/>&#13;<br \/>\n<br \/>&#13;<br \/>\n<b>S\u00f6\u00f6tmisjuhend<\/b><br \/>&#13;<br \/>\nPakkuda lindudele toitu regulaarselt sobivas ja kaitstud kohas, n\u00e4iteks linnus\u00f6\u00f6gimajas v\u00f5i -s\u00f6\u00f6turis.<\/p>\n","protected":false},"excerpt":{"rendered":"<p>Energiarikas ja mitmekesine seemnepulk talilindudele.<\/p>\n","protected":false},"featured_media":19743,"template":"","meta":[],"product_cat":[1168,3080,693],"product_tag":[],"class_list":{"0":"post-19742","1":"product","2":"type-product","3":"status-publish","4":"has-post-thumbnail","6":"product_cat-linnutoit","7":"product_cat-linnud","8":"product_cat-muud-loomad","9":"pa_brand-garden-fun","10":"pa_ean-3699","11":"pa_kaal-0-055","12":"pa_tootjariik-poola","14":"first","15":"instock","16":"taxable","17":"shipping-taxable","18":"purchasable","19":"product-type-simple"},"_links":{"self":[{"href":"https:\/\/kasskoer.ee\/en\/wp-json\/wp\/v2\/product\/19742","targetHints":{"allow":["GET"]}}],"collection":[{"href":"https:\/\/kasskoer.ee\/en\/wp-json\/wp\/v2\/product"}],"about":[{"href":"https:\/\/kasskoer.ee\/en\/wp-json\/wp\/v2\/types\/product"}],"wp:featuredmedia":[{"embeddable":true,"href":"https:\/\/kasskoer.ee\/en\/wp-json\/wp\/v2\/media\/19743"}],"wp:attachment":[{"href":"https:\/\/kasskoer.ee\/en\/wp-json\/wp\/v2\/media?parent=19742"}],"wp:term":[{"taxonomy":"product_cat","embeddable":true,"href":"https:\/\/kasskoer.ee\/en\/wp-json\/wp\/v2\/product_cat?post=19742"},{"taxonomy":"product_tag","embeddable":true,"href":"https:\/\/kasskoer.ee\/en\/wp-json\/wp\/v2\/product_tag?post=19742"}],"curies":[{"name":"wp","href":"https:\/\/api.w.org\/{rel}","templated":true}]}}