{"id":19747,"date":"2026-04-17T03:05:11","date_gmt":"2026-04-17T00:05:11","guid":{"rendered":"https:\/\/kasskoer.ee\/product\/lolo-pets-aniisilohnaline-puuriliiv-lindudele-15kg\/"},"modified":"2026-04-17T03:05:11","modified_gmt":"2026-04-17T00:05:11","slug":"lolo-pets-aniisilohnaline-puuriliiv-lindudele-15kg","status":"publish","type":"product","link":"https:\/\/kasskoer.ee\/en\/toode\/lolo-pets-aniisilohnaline-puuriliiv-lindudele-15kg\/","title":{"rendered":"LoLo Pets aniisil\u00f5hnaline puuriliiv lindudele 1,5kg"},"content":{"rendered":"<p><b>Lolo Pets aniisil\u00f5hnaline puuriliiv on m\u00f5eldud lindude puuri puhtana hoidmiseks ning h\u00fcgieenilise keskkonna tagamiseks teie lemmikule.<\/b>&#13;<\/p>\n<li>Mineraalsed lisandid toetavad lindude luustiku normaalset arengut ning aitavad parandada munakoore tugevust selle moodustumise ajal.<\/li>\n<p>&#13;<br \/>\n<br \/>&#13;<br \/>\n<b>Koostis<\/b><br \/>&#13;<br \/>\nLiiv, aniisi aroom.<br \/>&#13;<br \/>\n<br \/>&#13;<br \/>\n<b>Kasutamine<\/b><br \/>&#13;<br \/>\nPuuri h\u00fcgieeni tagamiseks on soovitatav liiva vahetada 2\u20133 korda n\u00e4dalas.<\/p>\n","protected":false},"excerpt":{"rendered":"<p>Aniisil\u00f5hnaline puuriliiv lindudele.<\/p>\n","protected":false},"featured_media":19748,"template":"","meta":[],"product_cat":[3701],"product_tag":[],"class_list":{"0":"post-19747","1":"product","2":"type-product","3":"status-publish","4":"has-post-thumbnail","6":"product_cat-lindude-allapanu","7":"pa_brand-lolo-pets","8":"pa_ean-3702","9":"pa_kaal-1-500","10":"pa_tootjariik-poola","12":"first","13":"instock","14":"taxable","15":"shipping-taxable","16":"purchasable","17":"product-type-simple"},"_links":{"self":[{"href":"https:\/\/kasskoer.ee\/en\/wp-json\/wp\/v2\/product\/19747","targetHints":{"allow":["GET"]}}],"collection":[{"href":"https:\/\/kasskoer.ee\/en\/wp-json\/wp\/v2\/product"}],"about":[{"href":"https:\/\/kasskoer.ee\/en\/wp-json\/wp\/v2\/types\/product"}],"wp:featuredmedia":[{"embeddable":true,"href":"https:\/\/kasskoer.ee\/en\/wp-json\/wp\/v2\/media\/19748"}],"wp:attachment":[{"href":"https:\/\/kasskoer.ee\/en\/wp-json\/wp\/v2\/media?parent=19747"}],"wp:term":[{"taxonomy":"product_cat","embeddable":true,"href":"https:\/\/kasskoer.ee\/en\/wp-json\/wp\/v2\/product_cat?post=19747"},{"taxonomy":"product_tag","embeddable":true,"href":"https:\/\/kasskoer.ee\/en\/wp-json\/wp\/v2\/product_tag?post=19747"}],"curies":[{"name":"wp","href":"https:\/\/api.w.org\/{rel}","templated":true}]}}