{"id":19775,"date":"2026-04-20T03:05:05","date_gmt":"2026-04-20T00:05:05","guid":{"rendered":"https:\/\/kasskoer.ee\/product\/flamingo-noorilelu-kaheksajalg-koerale-70x15cm\/"},"modified":"2026-04-20T03:05:06","modified_gmt":"2026-04-20T00:05:06","slug":"flamingo-noorilelu-kaheksajalg-koerale-70x15cm","status":"publish","type":"product","link":"https:\/\/kasskoer.ee\/en\/toode\/flamingo-noorilelu-kaheksajalg-koerale-70x15cm\/","title":{"rendered":"Flamingo n\u00f6\u00f6rilelu &#8220;Kaheksajalg&#8221; koerale 70x15cm"},"content":{"rendered":"<p><b>Flamingo kaheksajala kujuline n\u00f6\u00f6rilelu koertele.<\/b>&#13;<\/p>\n<li>Valmistatud pehmest puuvillast.<\/li>\n<p>&#13;<\/p>\n<li>N\u00e4rimise ajal aitab m\u00e4nguasi v\u00e4hendada hambakattu ning masseerib igemeid.<\/li>\n<p>&#13;<\/p>\n<li>Sobib suurep\u00e4raselt m\u00e4ngimiseks ja pakub koerale tundideks l\u00f5busat tegevust.<\/li>\n","protected":false},"excerpt":{"rendered":"<p>Vastupidav puuvillast n\u00f6\u00f6rilelu koerale.<\/p>\n","protected":false},"featured_media":19776,"template":"","meta":[],"product_cat":[1326,688],"product_tag":[],"class_list":{"0":"post-19775","1":"product","2":"type-product","3":"status-publish","4":"has-post-thumbnail","6":"product_cat-koerte-manguasjad","7":"product_cat-koerad","8":"pa_brand-flamingo","9":"pa_ean-3711","10":"pa_kaal-1-300","11":"pa_tootjariik-hiina","13":"first","14":"instock","15":"taxable","16":"shipping-taxable","17":"purchasable","18":"product-type-simple"},"_links":{"self":[{"href":"https:\/\/kasskoer.ee\/en\/wp-json\/wp\/v2\/product\/19775","targetHints":{"allow":["GET"]}}],"collection":[{"href":"https:\/\/kasskoer.ee\/en\/wp-json\/wp\/v2\/product"}],"about":[{"href":"https:\/\/kasskoer.ee\/en\/wp-json\/wp\/v2\/types\/product"}],"wp:featuredmedia":[{"embeddable":true,"href":"https:\/\/kasskoer.ee\/en\/wp-json\/wp\/v2\/media\/19776"}],"wp:attachment":[{"href":"https:\/\/kasskoer.ee\/en\/wp-json\/wp\/v2\/media?parent=19775"}],"wp:term":[{"taxonomy":"product_cat","embeddable":true,"href":"https:\/\/kasskoer.ee\/en\/wp-json\/wp\/v2\/product_cat?post=19775"},{"taxonomy":"product_tag","embeddable":true,"href":"https:\/\/kasskoer.ee\/en\/wp-json\/wp\/v2\/product_tag?post=19775"}],"curies":[{"name":"wp","href":"https:\/\/api.w.org\/{rel}","templated":true}]}}