{"id":19779,"date":"2026-04-20T03:05:51","date_gmt":"2026-04-20T00:05:51","guid":{"rendered":"https:\/\/kasskoer.ee\/product\/flamingo-bardo-joulumanguasi-koerale-20x14x58cm\/"},"modified":"2026-04-20T03:05:54","modified_gmt":"2026-04-20T00:05:54","slug":"flamingo-bardo-joulumanguasi-koerale-20x14x58cm","status":"publish","type":"product","link":"https:\/\/kasskoer.ee\/en\/toode\/flamingo-bardo-joulumanguasi-koerale-20x14x58cm\/","title":{"rendered":"Flamingo Bardo j\u00f5ulum\u00e4nguasi koerale 20x14x58cm"},"content":{"rendered":"<p><b>Flamingo j\u00f5uluteemaline p\u00e4kapikukujuline m\u00e4nguasi koertele.<\/b>&#13;<\/p>\n<li>Valmistatud pehmest tekstiilist.<\/li>\n<p>&#13;<\/p>\n<li>M\u00e4nguasi piiksub ja krabiseb, pakkudes koerale veelgi rohkem m\u00e4ngur\u00f5\u00f5mu.<\/li>\n<p>&#13;<\/p>\n<li>Elastsed jalad muudavad m\u00e4ngu p\u00f5nevamaks ja julgustavad koera aktiivselt m\u00e4ngima.<\/li>\n","protected":false},"excerpt":{"rendered":"<p>Piiksuv ja krabisev j\u00f5uluteemaline pehme m\u00e4nguasi koerale.<\/p>\n","protected":false},"featured_media":19780,"template":"","meta":[],"product_cat":[1326,688],"product_tag":[],"class_list":{"0":"post-19779","1":"product","2":"type-product","3":"status-publish","4":"has-post-thumbnail","6":"product_cat-koerte-manguasjad","7":"product_cat-koerad","8":"pa_brand-flamingo","9":"pa_ean-3712","10":"pa_kaal-0-120","11":"pa_tootjariik-hiina","13":"first","14":"instock","15":"taxable","16":"shipping-taxable","17":"purchasable","18":"product-type-simple"},"_links":{"self":[{"href":"https:\/\/kasskoer.ee\/en\/wp-json\/wp\/v2\/product\/19779","targetHints":{"allow":["GET"]}}],"collection":[{"href":"https:\/\/kasskoer.ee\/en\/wp-json\/wp\/v2\/product"}],"about":[{"href":"https:\/\/kasskoer.ee\/en\/wp-json\/wp\/v2\/types\/product"}],"wp:featuredmedia":[{"embeddable":true,"href":"https:\/\/kasskoer.ee\/en\/wp-json\/wp\/v2\/media\/19780"}],"wp:attachment":[{"href":"https:\/\/kasskoer.ee\/en\/wp-json\/wp\/v2\/media?parent=19779"}],"wp:term":[{"taxonomy":"product_cat","embeddable":true,"href":"https:\/\/kasskoer.ee\/en\/wp-json\/wp\/v2\/product_cat?post=19779"},{"taxonomy":"product_tag","embeddable":true,"href":"https:\/\/kasskoer.ee\/en\/wp-json\/wp\/v2\/product_tag?post=19779"}],"curies":[{"name":"wp","href":"https:\/\/api.w.org\/{rel}","templated":true}]}}